{"id":2696,"date":"2018-01-05T19:09:18","date_gmt":"2018-01-05T19:09:18","guid":{"rendered":"http:\/\/www.dolphintourcostarica.com\/about-us\/"},"modified":"2025-02-07T15:53:47","modified_gmt":"2025-02-07T21:53:47","slug":"quienes-somos","status":"publish","type":"page","link":"https:\/\/www.dolphintourcostarica.com\/es\/quienes-somos\/","title":{"rendered":"Qui\u00e9nes Somos"},"content":{"rendered":"<div class=\"wpb-content-wrapper\"><p>[vc_row entrada_row_bgcolor=\u00bbbg-white\u00bb][vc_column]<header class='content-heading'>\n\t\t\t\t\t\t<h2 class='main-heading'>ECO-TOURS<\/h2>\n\t\t\t\t\t\t<div class='main-subtitle'><p>Somos una empresa con m\u00e1s de 20 a\u00f1os de experiencia en el campo del turismo mar\u00edtimo responsable. Nuestros barcos tienen equipos actualizados, dispositivos de seguridad y pol\u00edticas de responsabilidad. Tripulaci\u00f3n experimentada y entrenados en el \u00e1rea marina.<\/p>\n<\/div>\n\t\t\t\t\t\t<div class='seperator'><\/div>\n\t\t\t\t\t<\/header>[vc_row_inner css=\u00bb.vc_custom_1515778396339{margin-top: 50px !important;}\u00bb][vc_column_inner width=\u00bb1\/2&#8243;][vc_single_image image=\u00bb4371&#8243; img_size=\u00bbfull\u00bb onclick=\u00bblink_image\u00bb css_animation=\u00bbfadeInLeft\u00bb][\/vc_column_inner][vc_column_inner width=\u00bb1\/2&#8243;][vc_column_text]Nuestra empresa comenz\u00f3 hace unos 20 a\u00f1os, cerca del Parque Nacional Marino Ballena, y empezamos a ser un punto de referencia en el \u00e1rea para ver las ballenas y los delfines.<\/p>\n<p>Somos una empresa experimentada y reconocida, que hemos servido a cientos de nacionales y extranjeros.<\/p>\n<p>Sin duda, nuestro experto y capaz equipo de trabajo le podr\u00e1 ayudar a satisfacer las demandas profesionales que usted espera.<\/p>\n<p><strong>Dolphin Tours promueve el Turismo Marino Sostenible.<\/strong>[\/vc_column_text][\/vc_column_inner][\/vc_row_inner][\/vc_column][\/vc_row][vc_row full_width=\u00bbstretch_row\u00bb parallax=\u00bbcontent-moving\u00bb parallax_image=\u00bb2339&#8243; wrapper_container=\u00bbservices-section\u00bb el_class=\u00bbparallax\u00bb css=\u00bb.vc_custom_1515782421971{padding-top: 100px !important;}\u00bb][vc_column][vc_empty_space height=\u00bb50px\u00bb][vc_row_inner equal_height=\u00bbyes\u00bb gap=\u00bb4&#8243;][vc_column_inner width=\u00bb1\/3&#8243; css=\u00bb.vc_custom_1515783609632{margin-top: 20px !important;padding-top: 30px !important;padding-bottom: 50px !important;background-color: rgba(255,255,255,0.1) !important;*background-color: rgb(255,255,255) !important;}\u00bb][vc_icon type=\u00bbopeniconic\u00bb icon_openiconic=\u00bbvc-oi vc-oi-target\u00bb color=\u00bbwhite\u00bb size=\u00bbxl\u00bb align=\u00bbcenter\u00bb][vc_custom_heading text=\u00bbMisi\u00f3n\u00bb font_container=\u00bbtag:h2|font_size:24|text_align:center|color:%23ffffff\u00bb use_theme_fonts=\u00bbyes\u00bb][vc_column_text css=\u00bb.vc_custom_1516400965145{margin-top: 80px !important;}\u00bb]<\/p>\n<p style=\"text-align: center;\">Somos una empresa dedicada a brindar servicios de tur\u00edsticos en la zona, buscamos posicionarnos como una de las empresas de mayor aceptaci\u00f3n mediante la implementaci\u00f3n de un buen servicio al cliente y calidad de servicio de la mano con el medio ambiente.<\/p>\n<p>[\/vc_column_text][\/vc_column_inner][vc_column_inner width=\u00bb1\/3&#8243; css=\u00bb.vc_custom_1515783615602{margin-top: 20px !important;padding-top: 30px !important;padding-bottom: 50px !important;background-color: rgba(255,255,255,0.1) !important;*background-color: rgb(255,255,255) !important;}\u00bb][vc_icon type=\u00bbopeniconic\u00bb icon_openiconic=\u00bbvc-oi vc-oi-eye\u00bb color=\u00bbwhite\u00bb size=\u00bbxl\u00bb align=\u00bbcenter\u00bb][vc_custom_heading text=\u00bbVisi\u00f3n\u00bb font_container=\u00bbtag:h2|font_size:24|text_align:center|color:%23ffffff\u00bb use_theme_fonts=\u00bbyes\u00bb][vc_column_text css=\u00bb.vc_custom_1516400999786{margin-top: 80px !important;}\u00bb]<\/p>\n<p style=\"text-align: center;\">Ser la mejor tour operadora, responsabilidad social, servicio al cliente, y calidad de servicio brindado.<\/p>\n<p>[\/vc_column_text][\/vc_column_inner][vc_column_inner width=\u00bb1\/3&#8243; css=\u00bb.vc_custom_1515783634728{margin-top: 20px !important;padding-top: 30px !important;padding-bottom: 50px !important;background-color: rgba(255,255,255,0.1) !important;*background-color: rgb(255,255,255) !important;}\u00bb][vc_icon type=\u00bbopeniconic\u00bb icon_openiconic=\u00bbvc-oi vc-oi-heart-empty\u00bb color=\u00bbwhite\u00bb size=\u00bbxl\u00bb align=\u00bbcenter\u00bb][vc_custom_heading text=\u00bbValores\u00bb font_container=\u00bbtag:h2|font_size:24|text_align:center|color:%23ffffff\u00bb use_theme_fonts=\u00bbyes\u00bb][vc_column_text css=\u00bb.vc_custom_1516401026829{margin-top: 80px !important;}\u00bb]<\/p>\n<ul>\n<li style=\"text-align: left;\">Servicio al cliente<\/li>\n<li style=\"text-align: left;\">Trabajo en equipo<\/li>\n<li style=\"text-align: left;\">Equidad<\/li>\n<li style=\"text-align: left;\">Perseverancia<\/li>\n<\/ul>\n<p>[\/vc_column_text][\/vc_column_inner][\/vc_row_inner][\/vc_column][\/vc_row][vc_row][vc_column]<header class='content-heading'>\n\t\t\t\t\t\t<h2 class='main-heading'>DOLPHIN TOURS PROMUEVE EL TURISMO MARINO SOSTENIBLE<\/h2>\n\t\t\t\t\t\t<div class='main-subtitle'><p>Tours ecol\u00f3gicos \/ No m\u00e1s botellas de pl\u00e1stico en los tours.<\/p>\n<\/div>\n\t\t\t\t\t\t<div class='seperator'><\/div>\n\t\t\t\t\t<\/header>[vc_row_inner css=\u00bb.vc_custom_1515185796715{margin-top: 40px !important;}\u00bb][vc_column_inner width=\u00bb1\/6&#8243;][\/vc_column_inner][vc_column_inner width=\u00bb1\/6&#8243;][vc_single_image image=\u00bb2366&#8243; alignment=\u00bbcenter\u00bb][\/vc_column_inner][vc_column_inner width=\u00bb1\/2&#8243;][vc_empty_space][vc_column_text]En setiembre de 2016 nos unimos a la campa\u00f1a de no mas pl\u00e1stico en \u00a0los tours\u00a0se cambio la botella con agua mineral pl\u00e1stica por bidones con agua 100 % purificada. Ahora se ofrece agua en bid\u00f3n a nuestros clientes en vasos reutilizables tambi\u00e9n le recomendamos a nuestros clientes traer su botella personal para rellenar con agua purificada en nuestro dispensador.[\/vc_column_text][\/vc_column_inner][vc_column_inner width=\u00bb1\/6&#8243;][\/vc_column_inner][\/vc_row_inner][\/vc_column][\/vc_row][vc_row full_width=\u00bbstretch_row\u00bb parallax=\u00bbcontent-moving\u00bb parallax_speed_bg=\u00bb2.5&#8243; css=\u00bb.vc_custom_1515793183144{background-image: url(http:\/\/www.dolphintourcostarica.com\/wp-content\/uploads\/2018\/01\/dolphin-tour-bg-2.jpg?id=2400) !important;}\u00bb][vc_column]<p class=\"special-text\"><span style=\"color: #ffffff;\">Viva una experiencia inolvidable<strong> Ll\u00e1menos +(506) 2743-80-13 <\/strong><\/span>\n<\/p>[vc_row_inner css=\u00bb.vc_custom_1515792482972{margin-top: 30px !important;}\u00bb][vc_column_inner width=\u00bb1\/4&#8243;][\/vc_column_inner][vc_column_inner width=\u00bb1\/4&#8243;][vc_btn title=\u00bbVER TOURS!\u00bb style=\u00bbcustom\u00bb custom_background=\u00bbrgba(237,237,237,0.01)\u00bb custom_text=\u00bb#ffffff\u00bb align=\u00bbcenter\u00bb css_animation=\u00bbfadeInUp\u00bb css=\u00bb.vc_custom_1522262581857{border-top-width: 1px !important;border-right-width: 1px !important;border-bottom-width: 1px !important;border-left-width: 1px !important;border-left-color: #ffffff !important;border-left-style: solid !important;border-right-color: #ffffff !important;border-right-style: solid !important;border-top-color: #ffffff !important;border-top-style: solid !important;border-bottom-color: #ffffff !important;border-bottom-style: solid !important;}\u00bb button_block=\u00bbtrue\u00bb link=\u00bburl:%2Fes%2Ftours%2F|||\u00bb][\/vc_column_inner][vc_column_inner width=\u00bb1\/4&#8243;][vc_btn title=\u00bbCONT\u00c1CTENOS!\u00bb style=\u00bbcustom\u00bb custom_background=\u00bb#ffffff\u00bb custom_text=\u00bb#004391&#8243; align=\u00bbcenter\u00bb css_animation=\u00bbfadeInUp\u00bb css=\u00bb.vc_custom_1522262597694{border-top-width: 1px !important;border-right-width: 1px !important;border-bottom-width: 1px !important;border-left-width: 1px !important;border-left-color: #ffffff !important;border-left-style: solid !important;border-right-color: #ffffff !important;border-right-style: solid !important;border-top-color: #ffffff !important;border-top-style: solid !important;border-bottom-color: #ffffff !important;border-bottom-style: solid !important;}\u00bb button_block=\u00bbtrue\u00bb link=\u00bburl:%2Fes%2Fcontactenos%2F|||\u00bb][\/vc_column_inner][vc_column_inner width=\u00bb1\/4&#8243;][\/vc_column_inner][\/vc_row_inner][\/vc_column][\/vc_row][vc_row css=\u00bb.vc_custom_1738965202633{background-color: #ffffff !important;}\u00bb][vc_column width=\u00bb1\/4&#8243;][vc_single_image image=\u00bb2377&#8243; img_size=\u00bb234&#215;171&#8243; style=\u00bbvc_box_shadow\u00bb css_animation=\u00bbfadeInUp\u00bb][\/vc_column][vc_column width=\u00bb1\/4&#8243;][vc_single_image image=\u00bb2380&#8243; img_size=\u00bb234&#215;171&#8243; style=\u00bbvc_box_shadow\u00bb css_animation=\u00bbfadeInDown\u00bb][\/vc_column][vc_column width=\u00bb1\/4&#8243;][vc_single_image image=\u00bb2379&#8243; img_size=\u00bb234&#215;171&#8243; style=\u00bbvc_box_shadow\u00bb css_animation=\u00bbfadeInUp\u00bb][\/vc_column][vc_column width=\u00bb1\/4&#8243;][vc_single_image image=\u00bb2378&#8243; img_size=\u00bb234&#215;171&#8243; style=\u00bbvc_box_shadow\u00bb css_animation=\u00bbfadeInDown\u00bb][\/vc_column][\/vc_row][vc_row entrada_row_bgcolor=\u00bbbg-white\u00bb css=\u00bb.vc_custom_1738965180485{padding-top: 0px !important;}\u00bb][vc_column][vc_btn title=\u00bbNUESTRAS CERTIFICACIONES\u00bb style=\u00bboutline\u00bb shape=\u00bbsquare\u00bb color=\u00bbwarning\u00bb size=\u00bblg\u00bb align=\u00bbcenter\u00bb css_animation=\u00bbfadeInUp\u00bb css=\u00bb.vc_custom_1738965151893{padding-right: 20px !important;padding-left: 20px !important;}\u00bb link=\u00bburl:%2Fes%2Fcertificaciones%2F\u00bb][\/vc_column][\/vc_row]<\/p>\n<\/div>","protected":false},"excerpt":{"rendered":"<p>[vc_row entrada_row_bgcolor=\u00bbbg-white\u00bb][vc_column][vc_row_inner css=\u00bb.vc_custom_1515778396339{margin-top: 50px !important;}\u00bb][vc_column_inner width=\u00bb1\/2&#8243;][vc_single_image image=\u00bb4371&#8243; img_size=\u00bbfull\u00bb onclick=\u00bblink_image\u00bb css_animation=\u00bbfadeInLeft\u00bb][\/vc_column_inner][vc_column_inner width=\u00bb1\/2&#8243;][vc_column_text]Nuestra empresa comenz\u00f3 hace unos 20 a\u00f1os, cerca del Parque Nacional Marino Ballena, y empezamos a ser un punto de referencia en el \u00e1rea para ver las ballenas y los delfines. Somos una empresa experimentada y reconocida, que hemos servido a cientos de nacionales y [&hellip;]<\/p>\n","protected":false},"author":2,"featured_media":0,"parent":0,"menu_order":0,"comment_status":"closed","ping_status":"closed","template":"entrada_templates\/layout-visual-composer-default.php","meta":{"pgc_meta":"","footnotes":""},"class_list":["post-2696","page","type-page","status-publish","hentry"],"pgc_meta":"","yoast_head":"<!-- This site is optimized with the Yoast SEO plugin v27.4 - https:\/\/yoast.com\/product\/yoast-seo-wordpress\/ -->\n<title>Tours en el Parque Nacional Marino Ballena - Costa Rica - Dolphin Tours<\/title>\n<meta name=\"description\" content=\"Nuestra empresa comenz\u00f3 hace unos 20 a\u00f1os, cerca del Parque Nacional Marino Ballena, y empezamos a ser un punto de referencia en el \u00e1rea para ver las ballenas y los delfines.\" \/>\n<meta name=\"robots\" content=\"index, follow, max-snippet:-1, max-image-preview:large, max-video-preview:-1\" \/>\n<link rel=\"canonical\" href=\"https:\/\/www.dolphintourcostarica.com\/es\/quienes-somos\/\" \/>\n<meta property=\"og:locale\" content=\"es_ES\" \/>\n<meta property=\"og:type\" content=\"article\" \/>\n<meta property=\"og:title\" content=\"Tours en el Parque Nacional Marino Ballena - Costa Rica - Dolphin Tours\" \/>\n<meta property=\"og:description\" content=\"Nuestra empresa comenz\u00f3 hace unos 20 a\u00f1os, cerca del Parque Nacional Marino Ballena, y empezamos a ser un punto de referencia en el \u00e1rea para ver las ballenas y los delfines.\" \/>\n<meta property=\"og:url\" content=\"https:\/\/www.dolphintourcostarica.com\/es\/quienes-somos\/\" \/>\n<meta property=\"og:site_name\" content=\"Dolphin Tour\" \/>\n<meta property=\"article:modified_time\" content=\"2025-02-07T21:53:47+00:00\" \/>\n<meta name=\"twitter:card\" content=\"summary_large_image\" \/>\n<meta name=\"twitter:label1\" content=\"Tiempo de lectura\" \/>\n\t<meta name=\"twitter:data1\" content=\"4 minutos\" \/>\n<script type=\"application\/ld+json\" class=\"yoast-schema-graph\">{\"@context\":\"https:\\\/\\\/schema.org\",\"@graph\":[{\"@type\":\"WebPage\",\"@id\":\"https:\\\/\\\/www.dolphintourcostarica.com\\\/es\\\/quienes-somos\\\/\",\"url\":\"https:\\\/\\\/www.dolphintourcostarica.com\\\/es\\\/quienes-somos\\\/\",\"name\":\"Tours en el Parque Nacional Marino Ballena - Costa Rica - Dolphin Tours\",\"isPartOf\":{\"@id\":\"https:\\\/\\\/www.dolphintourcostarica.com\\\/#website\"},\"datePublished\":\"2018-01-05T19:09:18+00:00\",\"dateModified\":\"2025-02-07T21:53:47+00:00\",\"description\":\"Nuestra empresa comenz\u00f3 hace unos 20 a\u00f1os, cerca del Parque Nacional Marino Ballena, y empezamos a ser un punto de referencia en el \u00e1rea para ver las ballenas y los delfines.\",\"breadcrumb\":{\"@id\":\"https:\\\/\\\/www.dolphintourcostarica.com\\\/es\\\/quienes-somos\\\/#breadcrumb\"},\"inLanguage\":\"es\",\"potentialAction\":[{\"@type\":\"ReadAction\",\"target\":[\"https:\\\/\\\/www.dolphintourcostarica.com\\\/es\\\/quienes-somos\\\/\"]}]},{\"@type\":\"BreadcrumbList\",\"@id\":\"https:\\\/\\\/www.dolphintourcostarica.com\\\/es\\\/quienes-somos\\\/#breadcrumb\",\"itemListElement\":[{\"@type\":\"ListItem\",\"position\":1,\"name\":\"Inicio\",\"item\":\"https:\\\/\\\/www.dolphintourcostarica.com\\\/es\\\/\"},{\"@type\":\"ListItem\",\"position\":2,\"name\":\"Qui\u00e9nes Somos\"}]},{\"@type\":\"WebSite\",\"@id\":\"https:\\\/\\\/www.dolphintourcostarica.com\\\/#website\",\"url\":\"https:\\\/\\\/www.dolphintourcostarica.com\\\/\",\"name\":\"Dolphin Tour\",\"description\":\"Whale Watching, Costa Rica Tours - Dolphin Tour SA\",\"potentialAction\":[{\"@type\":\"SearchAction\",\"target\":{\"@type\":\"EntryPoint\",\"urlTemplate\":\"https:\\\/\\\/www.dolphintourcostarica.com\\\/?s={search_term_string}\"},\"query-input\":{\"@type\":\"PropertyValueSpecification\",\"valueRequired\":true,\"valueName\":\"search_term_string\"}}],\"inLanguage\":\"es\"}]}<\/script>\n<!-- \/ Yoast SEO plugin. -->","yoast_head_json":{"title":"Tours en el Parque Nacional Marino Ballena - Costa Rica - Dolphin Tours","description":"Nuestra empresa comenz\u00f3 hace unos 20 a\u00f1os, cerca del Parque Nacional Marino Ballena, y empezamos a ser un punto de referencia en el \u00e1rea para ver las ballenas y los delfines.","robots":{"index":"index","follow":"follow","max-snippet":"max-snippet:-1","max-image-preview":"max-image-preview:large","max-video-preview":"max-video-preview:-1"},"canonical":"https:\/\/www.dolphintourcostarica.com\/es\/quienes-somos\/","og_locale":"es_ES","og_type":"article","og_title":"Tours en el Parque Nacional Marino Ballena - Costa Rica - Dolphin Tours","og_description":"Nuestra empresa comenz\u00f3 hace unos 20 a\u00f1os, cerca del Parque Nacional Marino Ballena, y empezamos a ser un punto de referencia en el \u00e1rea para ver las ballenas y los delfines.","og_url":"https:\/\/www.dolphintourcostarica.com\/es\/quienes-somos\/","og_site_name":"Dolphin Tour","article_modified_time":"2025-02-07T21:53:47+00:00","twitter_card":"summary_large_image","twitter_misc":{"Tiempo de lectura":"4 minutos"},"schema":{"@context":"https:\/\/schema.org","@graph":[{"@type":"WebPage","@id":"https:\/\/www.dolphintourcostarica.com\/es\/quienes-somos\/","url":"https:\/\/www.dolphintourcostarica.com\/es\/quienes-somos\/","name":"Tours en el Parque Nacional Marino Ballena - Costa Rica - Dolphin Tours","isPartOf":{"@id":"https:\/\/www.dolphintourcostarica.com\/#website"},"datePublished":"2018-01-05T19:09:18+00:00","dateModified":"2025-02-07T21:53:47+00:00","description":"Nuestra empresa comenz\u00f3 hace unos 20 a\u00f1os, cerca del Parque Nacional Marino Ballena, y empezamos a ser un punto de referencia en el \u00e1rea para ver las ballenas y los delfines.","breadcrumb":{"@id":"https:\/\/www.dolphintourcostarica.com\/es\/quienes-somos\/#breadcrumb"},"inLanguage":"es","potentialAction":[{"@type":"ReadAction","target":["https:\/\/www.dolphintourcostarica.com\/es\/quienes-somos\/"]}]},{"@type":"BreadcrumbList","@id":"https:\/\/www.dolphintourcostarica.com\/es\/quienes-somos\/#breadcrumb","itemListElement":[{"@type":"ListItem","position":1,"name":"Inicio","item":"https:\/\/www.dolphintourcostarica.com\/es\/"},{"@type":"ListItem","position":2,"name":"Qui\u00e9nes Somos"}]},{"@type":"WebSite","@id":"https:\/\/www.dolphintourcostarica.com\/#website","url":"https:\/\/www.dolphintourcostarica.com\/","name":"Dolphin Tour","description":"Whale Watching, Costa Rica Tours - Dolphin Tour SA","potentialAction":[{"@type":"SearchAction","target":{"@type":"EntryPoint","urlTemplate":"https:\/\/www.dolphintourcostarica.com\/?s={search_term_string}"},"query-input":{"@type":"PropertyValueSpecification","valueRequired":true,"valueName":"search_term_string"}}],"inLanguage":"es"}]}},"_links":{"self":[{"href":"https:\/\/www.dolphintourcostarica.com\/es\/wp-json\/wp\/v2\/pages\/2696","targetHints":{"allow":["GET"]}}],"collection":[{"href":"https:\/\/www.dolphintourcostarica.com\/es\/wp-json\/wp\/v2\/pages"}],"about":[{"href":"https:\/\/www.dolphintourcostarica.com\/es\/wp-json\/wp\/v2\/types\/page"}],"author":[{"embeddable":true,"href":"https:\/\/www.dolphintourcostarica.com\/es\/wp-json\/wp\/v2\/users\/2"}],"replies":[{"embeddable":true,"href":"https:\/\/www.dolphintourcostarica.com\/es\/wp-json\/wp\/v2\/comments?post=2696"}],"version-history":[{"count":8,"href":"https:\/\/www.dolphintourcostarica.com\/es\/wp-json\/wp\/v2\/pages\/2696\/revisions"}],"predecessor-version":[{"id":6314,"href":"https:\/\/www.dolphintourcostarica.com\/es\/wp-json\/wp\/v2\/pages\/2696\/revisions\/6314"}],"wp:attachment":[{"href":"https:\/\/www.dolphintourcostarica.com\/es\/wp-json\/wp\/v2\/media?parent=2696"}],"curies":[{"name":"wp","href":"https:\/\/api.w.org\/{rel}","templated":true}]}}