{"id":2703,"date":"2016-04-21T18:43:00","date_gmt":"2016-04-21T18:43:00","guid":{"rendered":"http:\/\/www.dolphintourcostarica.com\/contact\/"},"modified":"2018-06-20T14:52:25","modified_gmt":"2018-06-20T20:52:25","slug":"contactenos","status":"publish","type":"page","link":"https:\/\/www.dolphintourcostarica.com\/es\/contactenos\/","title":{"rendered":"Cont\u00e1ctenos"},"content":{"rendered":"<div class=\"wpb-content-wrapper\"><p>[vc_row entrada_row_bgcolor=\u00bbbg-white\u00bb][vc_column]<header class='content-heading'>\n\t\t\t\t\t\t<h2 class='main-heading'>Estemos en contacto<\/h2>\n\t\t\t\t\t\t<div class='main-subtitle'><p>Cont\u00e1ctenos por correo electr\u00f3nico (<strong>dolphintourscr@gmail.com<\/strong>), por tel\u00e9fono o a trav\u00e9s de nuestro formulario web a continuaci\u00f3n. \u00a1Estamos aqu\u00ed para servirle!<\/p>\n<\/div>\n\t\t\t\t\t\t<div class='seperator'><\/div>\n\t\t\t\t\t<\/header>[vc_row_inner el_class=\u00bbcontact-info\u00bb][vc_column_inner width=\u00bb1\/3&#8243;]<span class=\"tel has-border \">\n\t\t\t\t\t\t\t\t\t<span class=\"icon-tel-big\"><\/span>\n\t\t\t\t\t\t\t\t\t<a href=\"tel:+(506)2743-8013\">+(506) 2743-8013<\/a>\n\t\t\t\t\t\t\t\t<\/span>\n\t\t\t\t\t\t\t\t<h3>Booking Enquiries<\/h3>[\/vc_column_inner][vc_column_inner width=\u00bb1\/3&#8243;]<span class=\"tel has-border bg-blue\">\n\t\t\t\t\t\t\t\t\t<span class=\"icon-tel-big\"><\/span>\n\t\t\t\t\t\t\t\t\t<a href=\"tel:+(506)8825-4031\">+(506) 8825-4031<\/a>\n\t\t\t\t\t\t\t\t<\/span>\n\t\t\t\t\t\t\t\t<h3>Booking Enquiries<\/h3>[\/vc_column_inner][vc_column_inner width=\u00bb1\/3&#8243;]<span class=\"tel has-border \">\n\t\t\t\t\t\t\t\t\t<span class=\"icon-tel-big\"><\/span>\n\t\t\t\t\t\t\t\t\t<a href=\"tel:+(506)8880-6483\">+(506) 8880-6483<\/a>\n\t\t\t\t\t\t\t\t<\/span>\n\t\t\t\t\t\t\t\t<h3>Our office phone number<\/h3>[\/vc_column_inner][\/vc_row_inner][vc_row_inner el_class=\u00bbcontact-info\u00bb][vc_column_inner]\n<div class=\"wpcf7 no-js\" id=\"wpcf7-f4366-o1\" lang=\"es-ES\" dir=\"ltr\" data-wpcf7-id=\"4366\">\n<div class=\"screen-reader-response\"><p role=\"status\" aria-live=\"polite\" aria-atomic=\"true\"><\/p> <ul><\/ul><\/div>\n<form action=\"\/es\/wp-json\/wp\/v2\/pages\/2703#wpcf7-f4366-o1\" method=\"post\" class=\"wpcf7-form init\" aria-label=\"Formulario de contacto\" novalidate=\"novalidate\" data-status=\"init\">\n<fieldset class=\"hidden-fields-container\"><input type=\"hidden\" name=\"_wpcf7\" value=\"4366\" \/><input type=\"hidden\" name=\"_wpcf7_version\" value=\"6.1.5\" \/><input type=\"hidden\" name=\"_wpcf7_locale\" value=\"es_ES\" \/><input type=\"hidden\" name=\"_wpcf7_unit_tag\" value=\"wpcf7-f4366-o1\" \/><input type=\"hidden\" name=\"_wpcf7_container_post\" value=\"0\" \/><input type=\"hidden\" name=\"_wpcf7_posted_data_hash\" value=\"\" \/><input type=\"hidden\" name=\"_wpcf7_recaptcha_response\" value=\"\" \/>\n<\/fieldset>\n<p><strong class=\"form-title\"><label for=\"fname\">Nombre completo<\/label><\/strong><br \/>\n<span class=\"wpcf7-form-control-wrap\" data-name=\"nombre\"><input size=\"40\" maxlength=\"400\" class=\"wpcf7-form-control wpcf7-text wpcf7-validates-as-required\" id=\"nombre\" aria-required=\"true\" aria-invalid=\"false\" value=\"\" type=\"text\" name=\"nombre\" \/><\/span>\n<\/p>\n<p><strong class=\"form-title\"><label for=\"email\">Email<\/label><\/strong><br \/>\n<span class=\"wpcf7-form-control-wrap\" data-name=\"su-email\"><input size=\"40\" maxlength=\"400\" class=\"wpcf7-form-control wpcf7-email wpcf7-validates-as-required wpcf7-text wpcf7-validates-as-email\" id=\"email\" aria-required=\"true\" aria-invalid=\"false\" value=\"\" type=\"email\" name=\"su-email\" \/><\/span>\n<\/p>\n<p><strong class=\"form-title\"><label for=\"phone\">Tel\u00e9fono<\/label><\/strong><br \/>\n<span class=\"wpcf7-form-control-wrap\" data-name=\"telefono\"><input size=\"40\" maxlength=\"400\" class=\"wpcf7-form-control wpcf7-text\" id=\"telefono\" aria-invalid=\"false\" value=\"\" type=\"text\" name=\"telefono\" \/><\/span>\n<\/p>\n<p><strong class=\"form-title\"><label for=\"country\">Pais<\/label><\/strong><br \/>\n<span class=\"wpcf7-form-control-wrap\" data-name=\"pais\"><input size=\"40\" maxlength=\"400\" class=\"wpcf7-form-control wpcf7-text\" id=\"pais\" aria-invalid=\"false\" value=\"\" type=\"text\" name=\"pais\" \/><\/span>\n<\/p>\n<p>Informaci\u00f3n adicional:\n<\/p>\n<p><strong class=\"form-title\"><label for=\"llegada\">Fecha de llegada<\/label><\/strong><br \/>\n<span class=\"wpcf7-form-control-wrap\" data-name=\"llegada\"><input class=\"wpcf7-form-control wpcf7-date wpcf7-validates-as-required wpcf7-validates-as-date\" aria-required=\"true\" aria-invalid=\"false\" placeholder=\"llegada\" value=\"\" type=\"date\" name=\"llegada\" \/><\/span>\n<\/p>\n<p><strong class=\"form-title\"><label for=\"adultos\">Adultos<\/label><\/strong><br \/>\n<span class=\"wpcf7-form-control-wrap\" data-name=\"adultos\"><input class=\"wpcf7-form-control wpcf7-number wpcf7-validates-as-number\" min=\"1\" max=\"10\" aria-invalid=\"false\" placeholder=\"N\u00famero de adultos\" value=\"\" type=\"number\" name=\"adultos\" \/><\/span>\n<\/p>\n<p><strong class=\"form-title\"><label for=\"ninos49\">Ni\u00f1os de 4-9 a\u00f1os<\/label><\/strong><br \/>\n<span class=\"wpcf7-form-control-wrap\" data-name=\"ninos49\"><input class=\"wpcf7-form-control wpcf7-number wpcf7-validates-as-number\" min=\"0\" max=\"10\" aria-invalid=\"false\" placeholder=\"N\u00famero de ni\u00f1os\" value=\"\" type=\"number\" name=\"ninos49\" \/><\/span>\n<\/p>\n<p><strong class=\"form-title\"><label for=\"ninos3\">Ni\u00f1os menores de 3 a\u00f1os<\/label><\/strong><br \/>\n<span class=\"wpcf7-form-control-wrap\" data-name=\"ninos3\"><input class=\"wpcf7-form-control wpcf7-number wpcf7-validates-as-number\" min=\"0\" max=\"5\" aria-invalid=\"false\" placeholder=\"N\u00famero de ni\u00f1os\" value=\"\" type=\"number\" name=\"ninos3\" \/><\/span>\n<\/p>\n<p><strong class=\"form-title\"><label for=\"tour-item\">Tour de inter\u00e9s<\/label><\/strong><br \/>\n<span class=\"wpcf7-form-control-wrap\" data-name=\"tour-item\"><select class=\"wpcf7-form-control wpcf7-select wpcf7-validates-as-required\" aria-required=\"true\" aria-invalid=\"false\" name=\"tour-item\"><option value=\"\">&#8212;Por favor, elige una opci\u00f3n&#8212;<\/option><option value=\"Observaci\u00f3n de Ballenas y Delfines\">Observaci\u00f3n de Ballenas y Delfines<\/option><option value=\"Tour Familiar Combinado\">Tour Familiar Combinado<\/option><option value=\"D\u00eda completo de Pesca\">D\u00eda completo de Pesca<\/option><option value=\"Medio d\u00eda de Pesca Costera\">Medio d\u00eda de Pesca Costera<\/option><option value=\"Parque Nacional Corcovado\">Parque Nacional Corcovado<\/option><option value=\"Reserva Biol\u00f3gica Isla del Ca\u00f1o\">Reserva Biol\u00f3gica Isla del Ca\u00f1o<\/option><\/select><\/span>\n<\/p>\n<p><strong class=\"form-title\"><label for=\"message\">Mensaje<\/label><\/strong><br \/>\n<span class=\"wpcf7-form-control-wrap\" data-name=\"su-mensaje\"><textarea cols=\"40\" rows=\"6\" maxlength=\"2000\" class=\"wpcf7-form-control wpcf7-textarea wpcf7-validates-as-required\" id=\"mensaje\" aria-required=\"true\" aria-invalid=\"false\" name=\"su-mensaje\"><\/textarea><\/span>\n<\/p>\n<p><input class=\"wpcf7-form-control wpcf7-submit has-spinner btn btn-white\" id=\"btn_sent\" type=\"submit\" value=\"Enviar consulta\" \/>\n<\/p><p style=\"display: none !important;\" class=\"akismet-fields-container\" data-prefix=\"_wpcf7_ak_\"><label>&#916;<textarea name=\"_wpcf7_ak_hp_textarea\" cols=\"45\" rows=\"8\" maxlength=\"100\"><\/textarea><\/label><input type=\"hidden\" id=\"ak_js_1\" name=\"_wpcf7_ak_js\" value=\"36\"\/><script>document.getElementById( \"ak_js_1\" ).setAttribute( \"value\", ( new Date() ).getTime() );<\/script><\/p><div class=\"wpcf7-response-output\" aria-hidden=\"true\"><\/div>\n<\/form>\n<\/div>\n[\/vc_column_inner][\/vc_row_inner][\/vc_column][\/vc_row][vc_row][vc_column][vc_custom_heading text=\u00bbNuestra ubicaci\u00f3n\u00bb use_theme_fonts=\u00bbyes\u00bb][vc_column_text el_id=\u00bbdolphint\u00bb]Estamos ubicados en Uvita de Osa, Provincia de Puntarenas. A 18 kil\u00f3metros al sur de Dominical y 44 kil\u00f3metros al norte de Palmar Norte. Al sur de Uvita pasando el Banco Nacional, Carretera asfaltada hacia la entrada oficial del parque Nacional Marino Ballena, en Bah\u00eda, gire a la derecha un kil\u00f3metro, estamos contiguo al\u00a0 Restaurante Pizzer\u00eda Express en Bah\u00eda Ballena.[\/vc_column_text][vc_empty_space][vc_gmaps link=\u00bb#E-8_JTNDaWZyYW1lJTIwc3JjJTNEJTIyaHR0cHMlM0ElMkYlMkZ3d3cuZ29vZ2xlLmNvbSUyRm1hcHMlMkZlbWJlZCUzRnBiJTNEJTIxMW0xOCUyMTFtMTIlMjExbTMlMjExZDE1NzU1Ljg5NDAzNjk3NjcyNCUyMTJkLTgzLjc1NjU1MjMzMjE3NTM5JTIxM2Q5LjE1Njg2MjE5MzQzMjI1MiUyMTJtMyUyMTFmMCUyMTJmMCUyMTNmMCUyMTNtMiUyMTFpMTAyNCUyMTJpNzY4JTIxNGYxMy4xJTIxM20zJTIxMW0yJTIxMXMweDhmYTE1N2VjYmZmODE5Y2QlMjUzQTB4MjQwNzQ4MzRiZTlmYTAwZiUyMTJzRG9scGhpbiUyQlRvdXJzJTIxNWUwJTIxM20yJTIxMXNlcyUyMTJzY3IlMjE0djE1MTYwMjk3NzUwMzclMjIlMjB3aWR0aCUzRCUyMjYwMCUyMiUyMGhlaWdodCUzRCUyMjQxNSUyMiUyMGZyYW1lYm9yZGVyJTNEJTIyMCUyMiUyMHN0eWxlJTNEJTIyYm9yZGVyJTNBMCUyMiUyMGFsbG93ZnVsbHNjcmVlbiUzRSUzQyUyRmlmcmFtZSUzRQ==\u00bb][\/vc_column][\/vc_row]<\/p>\n<\/div>","protected":false},"excerpt":{"rendered":"<p>[vc_row entrada_row_bgcolor=\u00bbbg-white\u00bb][vc_column][vc_row_inner el_class=\u00bbcontact-info\u00bb][vc_column_inner width=\u00bb1\/3&#8243;][\/vc_column_inner][vc_column_inner width=\u00bb1\/3&#8243;][\/vc_column_inner][vc_column_inner width=\u00bb1\/3&#8243;][\/vc_column_inner][\/vc_row_inner][vc_row_inner el_class=\u00bbcontact-info\u00bb][vc_column_inner][\/vc_column_inner][\/vc_row_inner][\/vc_column][\/vc_row][vc_row][vc_column][vc_custom_heading text=\u00bbNuestra ubicaci\u00f3n\u00bb use_theme_fonts=\u00bbyes\u00bb][vc_column_text el_id=\u00bbdolphint\u00bb]Estamos ubicados en Uvita de Osa, Provincia de Puntarenas. A 18 kil\u00f3metros al sur de Dominical y 44 kil\u00f3metros al norte de Palmar Norte. Al sur de Uvita pasando el Banco Nacional, Carretera asfaltada hacia la entrada oficial del parque Nacional Marino Ballena, en Bah\u00eda, [&hellip;]<\/p>\n","protected":false},"author":2,"featured_media":0,"parent":0,"menu_order":0,"comment_status":"closed","ping_status":"closed","template":"entrada_templates\/contact.php","meta":{"pgc_meta":"","footnotes":""},"class_list":["post-2703","page","type-page","status-publish","hentry"],"pgc_meta":"","yoast_head":"<!-- This site is optimized with the Yoast SEO plugin v27.4 - https:\/\/yoast.com\/product\/yoast-seo-wordpress\/ -->\n<title>Tours Marinos en Uvita, Costa Rica - Cont\u00e1ctenos<\/title>\n<meta name=\"robots\" content=\"index, follow, max-snippet:-1, max-image-preview:large, max-video-preview:-1\" \/>\n<link rel=\"canonical\" href=\"https:\/\/www.dolphintourcostarica.com\/es\/contactenos\/\" \/>\n<meta property=\"og:locale\" content=\"es_ES\" \/>\n<meta property=\"og:type\" content=\"article\" \/>\n<meta property=\"og:title\" content=\"Tours Marinos en Uvita, Costa Rica - Cont\u00e1ctenos\" \/>\n<meta property=\"og:description\" content=\"[vc_row entrada_row_bgcolor=\u00bbbg-white\u00bb][vc_column][vc_row_inner el_class=\u00bbcontact-info\u00bb][vc_column_inner width=\u00bb1\/3&#8243;][\/vc_column_inner][vc_column_inner width=\u00bb1\/3&#8243;][\/vc_column_inner][vc_column_inner width=\u00bb1\/3&#8243;][\/vc_column_inner][\/vc_row_inner][vc_row_inner el_class=\u00bbcontact-info\u00bb][vc_column_inner][\/vc_column_inner][\/vc_row_inner][\/vc_column][\/vc_row][vc_row][vc_column][vc_custom_heading text=\u00bbNuestra ubicaci\u00f3n\u00bb use_theme_fonts=\u00bbyes\u00bb][vc_column_text el_id=\u00bbdolphint\u00bb]Estamos ubicados en Uvita de Osa, Provincia de Puntarenas. A 18 kil\u00f3metros al sur de Dominical y 44 kil\u00f3metros al norte de Palmar Norte. Al sur de Uvita pasando el Banco Nacional, Carretera asfaltada hacia la entrada oficial del parque Nacional Marino Ballena, en Bah\u00eda, [&hellip;]\" \/>\n<meta property=\"og:url\" content=\"https:\/\/www.dolphintourcostarica.com\/es\/contactenos\/\" \/>\n<meta property=\"og:site_name\" content=\"Dolphin Tour\" \/>\n<meta property=\"article:modified_time\" content=\"2018-06-20T20:52:25+00:00\" \/>\n<meta name=\"twitter:card\" content=\"summary_large_image\" \/>\n<meta name=\"twitter:label1\" content=\"Tiempo de lectura\" \/>\n\t<meta name=\"twitter:data1\" content=\"1 minuto\" \/>\n<script type=\"application\/ld+json\" class=\"yoast-schema-graph\">{\"@context\":\"https:\\\/\\\/schema.org\",\"@graph\":[{\"@type\":\"WebPage\",\"@id\":\"https:\\\/\\\/www.dolphintourcostarica.com\\\/es\\\/contactenos\\\/\",\"url\":\"https:\\\/\\\/www.dolphintourcostarica.com\\\/es\\\/contactenos\\\/\",\"name\":\"Tours Marinos en Uvita, Costa Rica - Cont\u00e1ctenos\",\"isPartOf\":{\"@id\":\"https:\\\/\\\/www.dolphintourcostarica.com\\\/#website\"},\"datePublished\":\"2016-04-21T18:43:00+00:00\",\"dateModified\":\"2018-06-20T20:52:25+00:00\",\"breadcrumb\":{\"@id\":\"https:\\\/\\\/www.dolphintourcostarica.com\\\/es\\\/contactenos\\\/#breadcrumb\"},\"inLanguage\":\"es\",\"potentialAction\":[{\"@type\":\"ReadAction\",\"target\":[\"https:\\\/\\\/www.dolphintourcostarica.com\\\/es\\\/contactenos\\\/\"]}]},{\"@type\":\"BreadcrumbList\",\"@id\":\"https:\\\/\\\/www.dolphintourcostarica.com\\\/es\\\/contactenos\\\/#breadcrumb\",\"itemListElement\":[{\"@type\":\"ListItem\",\"position\":1,\"name\":\"Inicio\",\"item\":\"https:\\\/\\\/www.dolphintourcostarica.com\\\/es\\\/\"},{\"@type\":\"ListItem\",\"position\":2,\"name\":\"Cont\u00e1ctenos\"}]},{\"@type\":\"WebSite\",\"@id\":\"https:\\\/\\\/www.dolphintourcostarica.com\\\/#website\",\"url\":\"https:\\\/\\\/www.dolphintourcostarica.com\\\/\",\"name\":\"Dolphin Tour\",\"description\":\"Whale Watching, Costa Rica Tours - Dolphin Tour SA\",\"potentialAction\":[{\"@type\":\"SearchAction\",\"target\":{\"@type\":\"EntryPoint\",\"urlTemplate\":\"https:\\\/\\\/www.dolphintourcostarica.com\\\/?s={search_term_string}\"},\"query-input\":{\"@type\":\"PropertyValueSpecification\",\"valueRequired\":true,\"valueName\":\"search_term_string\"}}],\"inLanguage\":\"es\"}]}<\/script>\n<!-- \/ Yoast SEO plugin. -->","yoast_head_json":{"title":"Tours Marinos en Uvita, Costa Rica - Cont\u00e1ctenos","robots":{"index":"index","follow":"follow","max-snippet":"max-snippet:-1","max-image-preview":"max-image-preview:large","max-video-preview":"max-video-preview:-1"},"canonical":"https:\/\/www.dolphintourcostarica.com\/es\/contactenos\/","og_locale":"es_ES","og_type":"article","og_title":"Tours Marinos en Uvita, Costa Rica - Cont\u00e1ctenos","og_description":"[vc_row entrada_row_bgcolor=\u00bbbg-white\u00bb][vc_column][vc_row_inner el_class=\u00bbcontact-info\u00bb][vc_column_inner width=\u00bb1\/3&#8243;][\/vc_column_inner][vc_column_inner width=\u00bb1\/3&#8243;][\/vc_column_inner][vc_column_inner width=\u00bb1\/3&#8243;][\/vc_column_inner][\/vc_row_inner][vc_row_inner el_class=\u00bbcontact-info\u00bb][vc_column_inner][\/vc_column_inner][\/vc_row_inner][\/vc_column][\/vc_row][vc_row][vc_column][vc_custom_heading text=\u00bbNuestra ubicaci\u00f3n\u00bb use_theme_fonts=\u00bbyes\u00bb][vc_column_text el_id=\u00bbdolphint\u00bb]Estamos ubicados en Uvita de Osa, Provincia de Puntarenas. A 18 kil\u00f3metros al sur de Dominical y 44 kil\u00f3metros al norte de Palmar Norte. Al sur de Uvita pasando el Banco Nacional, Carretera asfaltada hacia la entrada oficial del parque Nacional Marino Ballena, en Bah\u00eda, [&hellip;]","og_url":"https:\/\/www.dolphintourcostarica.com\/es\/contactenos\/","og_site_name":"Dolphin Tour","article_modified_time":"2018-06-20T20:52:25+00:00","twitter_card":"summary_large_image","twitter_misc":{"Tiempo de lectura":"1 minuto"},"schema":{"@context":"https:\/\/schema.org","@graph":[{"@type":"WebPage","@id":"https:\/\/www.dolphintourcostarica.com\/es\/contactenos\/","url":"https:\/\/www.dolphintourcostarica.com\/es\/contactenos\/","name":"Tours Marinos en Uvita, Costa Rica - Cont\u00e1ctenos","isPartOf":{"@id":"https:\/\/www.dolphintourcostarica.com\/#website"},"datePublished":"2016-04-21T18:43:00+00:00","dateModified":"2018-06-20T20:52:25+00:00","breadcrumb":{"@id":"https:\/\/www.dolphintourcostarica.com\/es\/contactenos\/#breadcrumb"},"inLanguage":"es","potentialAction":[{"@type":"ReadAction","target":["https:\/\/www.dolphintourcostarica.com\/es\/contactenos\/"]}]},{"@type":"BreadcrumbList","@id":"https:\/\/www.dolphintourcostarica.com\/es\/contactenos\/#breadcrumb","itemListElement":[{"@type":"ListItem","position":1,"name":"Inicio","item":"https:\/\/www.dolphintourcostarica.com\/es\/"},{"@type":"ListItem","position":2,"name":"Cont\u00e1ctenos"}]},{"@type":"WebSite","@id":"https:\/\/www.dolphintourcostarica.com\/#website","url":"https:\/\/www.dolphintourcostarica.com\/","name":"Dolphin Tour","description":"Whale Watching, Costa Rica Tours - Dolphin Tour SA","potentialAction":[{"@type":"SearchAction","target":{"@type":"EntryPoint","urlTemplate":"https:\/\/www.dolphintourcostarica.com\/?s={search_term_string}"},"query-input":{"@type":"PropertyValueSpecification","valueRequired":true,"valueName":"search_term_string"}}],"inLanguage":"es"}]}},"_links":{"self":[{"href":"https:\/\/www.dolphintourcostarica.com\/es\/wp-json\/wp\/v2\/pages\/2703","targetHints":{"allow":["GET"]}}],"collection":[{"href":"https:\/\/www.dolphintourcostarica.com\/es\/wp-json\/wp\/v2\/pages"}],"about":[{"href":"https:\/\/www.dolphintourcostarica.com\/es\/wp-json\/wp\/v2\/types\/page"}],"author":[{"embeddable":true,"href":"https:\/\/www.dolphintourcostarica.com\/es\/wp-json\/wp\/v2\/users\/2"}],"replies":[{"embeddable":true,"href":"https:\/\/www.dolphintourcostarica.com\/es\/wp-json\/wp\/v2\/comments?post=2703"}],"version-history":[{"count":6,"href":"https:\/\/www.dolphintourcostarica.com\/es\/wp-json\/wp\/v2\/pages\/2703\/revisions"}],"predecessor-version":[{"id":4424,"href":"https:\/\/www.dolphintourcostarica.com\/es\/wp-json\/wp\/v2\/pages\/2703\/revisions\/4424"}],"wp:attachment":[{"href":"https:\/\/www.dolphintourcostarica.com\/es\/wp-json\/wp\/v2\/media?parent=2703"}],"curies":[{"name":"wp","href":"https:\/\/api.w.org\/{rel}","templated":true}]}}