{"id":2769,"date":"2018-01-12T22:35:37","date_gmt":"2018-01-12T22:35:37","guid":{"rendered":"http:\/\/www.dolphintourcostarica.com\/about-us\/terms-conditions\/"},"modified":"2024-12-13T13:26:07","modified_gmt":"2024-12-13T19:26:07","slug":"terms-conditions","status":"publish","type":"page","link":"https:\/\/www.dolphintourcostarica.com\/es\/terms-conditions\/","title":{"rendered":"T\u00e9rminos y Condiciones"},"content":{"rendered":"<div class=\"wpb-content-wrapper\"><p>[vc_row css=\u00bb.vc_custom_1515797087298{margin-bottom: -50px !important;}\u00bb][vc_column width=\u00bb1\/2&#8243;][vc_custom_heading text=\u00bbRecomendaciones Generales que deben llevar los clientes en la gira.\u00bb use_theme_fonts=\u00bbyes\u00bb][vc_column_text]<\/p>\n<ul>\n<li>Traje de ba\u00f1o<\/li>\n<li>Sandalias de la playa<\/li>\n<li>Zapatos de monta\u00f1a (s\u00f3lo para la gira Corcovado )<\/li>\n<li>Repelente de mosquitos<\/li>\n<li>El bloqueador del sol<\/li>\n<li>Gafas de sol<\/li>\n<li>Sombrero<\/li>\n<li>Contenedor a prueba de agua para sus art\u00edculos personales<\/li>\n<li>Ropa c\u00f3moda y una toalla<\/li>\n<li>Su botella personal reutilizable para rellenar agua 100% purificada<\/li>\n<li>Cualquier medicamento prescrito que se administre durante el d\u00eda<\/li>\n<li>C\u00e1mara<\/li>\n<li>Binoculares<\/li>\n<li>Capa impermeable<\/li>\n<\/ul>\n<p>[\/vc_column_text][\/vc_column][vc_column width=\u00bb1\/2&#8243;][vc_single_image image=\u00bb2770&#8243; img_size=\u00bbfull\u00bb onclick=\u00bblink_image\u00bb css_animation=\u00bbfadeInRight\u00bb][\/vc_column][\/vc_row][vc_row gap=\u00bb20&#8243; entrada_row_bgcolor=\u00bbbg-white\u00bb css=\u00bb.vc_custom_1515797536251{padding-top: 60px !important;padding-bottom: 60px !important;}\u00bb][vc_column][vc_row_inner][vc_column_inner width=\u00bb1\/2&#8243;][vc_custom_heading text=\u00bbPOL\u00cdTICAS DE DOLPHIN TOURS BAH\u00cdA BALLENA S.A\u00bb use_theme_fonts=\u00bbyes\u00bb][\/vc_column_inner][vc_column_inner width=\u00bb1\/2&#8243;][vc_custom_heading text=\u00bbLOCALIZACI\u00d3N OFICINA DOLPHIN TOURS\u00bb use_theme_fonts=\u00bbyes\u00bb][vc_column_text]<strong>LOCALIZACION OFICINA DOLPHIN TOURS<\/strong><\/p>\n<p>&nbsp;<\/p>\n<p><strong>5742+PVW, Provincia de Puntarenas, Uvita<\/strong><\/p>\n<p>&nbsp;<\/p>\n<p>GPS -Lat: 09\u00b009.402\u00b0- Long: 083\u00b044.849\u00b0<\/p>\n<p>Estamos ubicados en Uvita de Osa, Provincia de Puntarenas. A lo largo de la costa sur del Pac\u00edfico a 18 kil\u00f3metros al sur de Dominical y 44 kil\u00f3metros al norte de Palmar Norte. Al sur de Uvita pasando el Banco Nacional, de la carretera principal # 34 a la derecha en la carretera asfaltada hacia la entrada oficial del parque Nacional Marino Ballena, en Bah\u00eda, gire a la derecha un kil\u00f3metro, estamos contiguo al Restaurante pizzer\u00eda expr\u00e9s en Bah\u00eda Ballena.<\/p>\n<p>[\/vc_column_text][vc_column_text css=\u00bb\u00bb]<strong>POLITICAS DE DOLPHIN TOURS BAHIA BALLENA S.A<\/strong><\/p>\n<p><strong>T\u00e9rminos y condiciones.<\/strong><\/p>\n<p>&nbsp;<\/p>\n<p>&nbsp;<\/p>\n<p><strong>\u00a0<\/strong><\/p>\n<ul>\n<li><strong>No se recomienda este tour para mujeres en estado de embarazo.<\/strong><\/li>\n<\/ul>\n<p><strong>\u00a0<\/strong><\/p>\n<ul>\n<li>Todos los ni\u00f1os de 12 a\u00f1os y mayores se les aplica tarifa normal.<\/li>\n<\/ul>\n<p>&nbsp;<\/p>\n<ul>\n<li>Los ni\u00f1os de 4 a 11 a\u00f1os se les aplica tarifa de ni\u00f1os.<\/li>\n<\/ul>\n<p>&nbsp;<\/p>\n<ul>\n<li>Los ni\u00f1os menores de 3 a\u00f1os tienen cortes\u00eda.<\/li>\n<\/ul>\n<p>&nbsp;<\/p>\n<ul>\n<li>El transporte terrestre no est\u00e1 incluido en todos los tours.<\/li>\n<\/ul>\n<p>&nbsp;<\/p>\n<ul>\n<li>Todas las reservas deben ser pagadas al 100%, para garantizar la reserva al menos una semana antes de la llegada.<\/li>\n<\/ul>\n<p>&nbsp;<\/p>\n<ul>\n<li>Si la reserva se cancela en menos de 24 horas debe pagar el importe total de la reserva.<\/li>\n<\/ul>\n<p>&nbsp;<\/p>\n<ul>\n<li>Las cancelaciones de m\u00e1s de 24 horas antes del d\u00eda previo: hay reembolso, Aplica s\u00f3lo en los tours de observaci\u00f3n de cet\u00e1ceos en el marino ballena, tour a los manglares.<\/li>\n<\/ul>\n<p>&nbsp;<\/p>\n<ul>\n<li>El tour Isla del Ca\u00f1o, Corcovado y manglares que han sido cancelados en menos de 3 d\u00edas, no se devuelve dinero, 4 a 7 days 50%, mas dias 80% y en caso de no asistencia no aplica reembolso<\/li>\n<\/ul>\n<p>&nbsp;<\/p>\n<ul>\n<li>Toda cancelaci\u00f3n o modificaci\u00f3n de su reservaci\u00f3n de ser enviada al correo:\u00a0<a href=\"mailto:dolphintourscr@gmail.com\">dolphintourscr@gmail.com<\/a> o WhatsApp: 8854-3022<\/li>\n<\/ul>\n<p>&nbsp;<\/p>\n<ul>\n<li>No garantizamos que los animales se puedan observan todos los d\u00edas durante los recorridos, ya que son animales salvajes en su h\u00e1bitat natural y aunque sean los mejores d\u00edas para la observaci\u00f3n de ciertos animales no siempre es seguro.<\/li>\n<\/ul>\n<p>&nbsp;<\/p>\n<ul>\n<li>No hay rembolso de dinero en caso de no poder ver vida marina y animales silvestres durante el recorrido del tour.<\/li>\n<\/ul>\n<p>&nbsp;<\/p>\n<ul>\n<li>Dolphin Tours no se hace responsable por la p\u00e9rdida de objetos, golpes o accidentes fuera de nuestro control que pueden ocurrir durante el recorrido en las excursiones.<\/li>\n<\/ul>\n<p>&nbsp;<\/p>\n<ul>\n<li>Todos los pasajeros deben acatar las reglas de seguridad que da el gu\u00eda y el capit\u00e1n durante el recorrido.<\/li>\n<\/ul>\n<p>&nbsp;<\/p>\n<ul>\n<li>No se aceptan mascotas en los tours.<\/li>\n<\/ul>\n<p>&nbsp;<\/p>\n<ul>\n<li>No se recomienda este tour para ni\u00f1os menores de un a\u00f1o.<\/li>\n<\/ul>\n<p>&nbsp;<\/p>\n<ul>\n<li>Se recomienda comprar\u00a0alg\u00fan\u00a0tipo de medicamento si sufren de v\u00e9rtigo o mareos.<\/li>\n<\/ul>\n<p>&nbsp;<\/p>\n<ul>\n<li>La empresa no ofrece ning\u00fan tipo de medicamento a ning\u00fan\u00a0cliente.<\/li>\n<\/ul>\n<p>&nbsp;<\/p>\n<ul>\n<li>Est\u00e1 prohibido consumir bebidas alcoh\u00f3licas y fumar durante el tour.<\/li>\n<\/ul>\n<p>&nbsp;<\/p>\n<p>[\/vc_column_text][\/vc_column_inner][\/vc_row_inner][\/vc_column][\/vc_row][vc_row full_width=\u00bbstretch_row_content_no_spaces\u00bb css=\u00bb.vc_custom_1515797220662{padding-top: 0px !important;padding-bottom: 0px !important;}\u00bb][vc_column][vc_gmaps link=\u00bb#E-8_aHR0cHMlM0ElMkYlMkZ3d3cuZ29vZ2xlLmNvbSUyRm1hcHMlMkZwbGFjZSUyRjU3NDIlMjUyQlBWVyUyQyUyQlByb3ZpbmNpYSUyQmRlJTJCUHVudGFyZW5hcyUyQyUyQlV2aXRhJTJGJTQwOS4xNTY4NjI1JTJDLTgzLjc0Nzc5NjklMkMxN3olMkZkYXRhJTNEJTIxM20xJTIxNGIxJTIxNG01JTIxM200JTIxMXMweDhmYTE1Nzk3ZDQ0NzQ4OTElM0EweDUzODUyNzVmMzQ4NGYzYjMlMjE4bTIlMjEzZDkuMTU2ODYyNSUyMTRkLTgzLjc0Nzc5NjklM0ZlbnRyeSUzRHR0dQ==\u00bb][\/vc_column][\/vc_row]<\/p>\n<\/div>","protected":false},"excerpt":{"rendered":"<p>[vc_row css=\u00bb.vc_custom_1515797087298{margin-bottom: -50px !important;}\u00bb][vc_column width=\u00bb1\/2&#8243;][vc_custom_heading text=\u00bbRecomendaciones Generales que deben llevar los clientes en la gira.\u00bb use_theme_fonts=\u00bbyes\u00bb][vc_column_text] Traje de ba\u00f1o Sandalias de la playa Zapatos de monta\u00f1a (s\u00f3lo para la gira Corcovado ) Repelente de mosquitos El bloqueador del sol Gafas de sol Sombrero Contenedor a prueba de agua para sus art\u00edculos personales Ropa c\u00f3moda y [&hellip;]<\/p>\n","protected":false},"author":2,"featured_media":0,"parent":0,"menu_order":0,"comment_status":"closed","ping_status":"closed","template":"entrada_templates\/layout-visual-composer-default.php","meta":{"pgc_meta":"","footnotes":""},"class_list":["post-2769","page","type-page","status-publish","hentry"],"pgc_meta":"","yoast_head":"<!-- This site is optimized with the Yoast SEO plugin v27.4 - https:\/\/yoast.com\/product\/yoast-seo-wordpress\/ -->\n<title>Tours en el Pac\u00edfico Sur de Costa Rica - T\u00e9rminos y Condiciones<\/title>\n<meta name=\"robots\" content=\"index, follow, max-snippet:-1, max-image-preview:large, max-video-preview:-1\" \/>\n<link rel=\"canonical\" href=\"https:\/\/www.dolphintourcostarica.com\/es\/terms-conditions\/\" \/>\n<meta property=\"og:locale\" content=\"es_ES\" \/>\n<meta property=\"og:type\" content=\"article\" \/>\n<meta property=\"og:title\" content=\"Tours en el Pac\u00edfico Sur de Costa Rica - T\u00e9rminos y Condiciones\" \/>\n<meta property=\"og:description\" content=\"[vc_row css=\u00bb.vc_custom_1515797087298{margin-bottom: -50px !important;}\u00bb][vc_column width=\u00bb1\/2&#8243;][vc_custom_heading text=\u00bbRecomendaciones Generales que deben llevar los clientes en la gira.\u00bb use_theme_fonts=\u00bbyes\u00bb][vc_column_text] Traje de ba\u00f1o Sandalias de la playa Zapatos de monta\u00f1a (s\u00f3lo para la gira Corcovado ) Repelente de mosquitos El bloqueador del sol Gafas de sol Sombrero Contenedor a prueba de agua para sus art\u00edculos personales Ropa c\u00f3moda y [&hellip;]\" \/>\n<meta property=\"og:url\" content=\"https:\/\/www.dolphintourcostarica.com\/es\/terms-conditions\/\" \/>\n<meta property=\"og:site_name\" content=\"Dolphin Tour\" \/>\n<meta property=\"article:modified_time\" content=\"2024-12-13T19:26:07+00:00\" \/>\n<meta name=\"twitter:card\" content=\"summary_large_image\" \/>\n<meta name=\"twitter:label1\" content=\"Tiempo de lectura\" \/>\n\t<meta name=\"twitter:data1\" content=\"3 minutos\" \/>\n<script type=\"application\/ld+json\" class=\"yoast-schema-graph\">{\"@context\":\"https:\\\/\\\/schema.org\",\"@graph\":[{\"@type\":\"WebPage\",\"@id\":\"https:\\\/\\\/www.dolphintourcostarica.com\\\/es\\\/terms-conditions\\\/\",\"url\":\"https:\\\/\\\/www.dolphintourcostarica.com\\\/es\\\/terms-conditions\\\/\",\"name\":\"Tours en el Pac\u00edfico Sur de Costa Rica - T\u00e9rminos y Condiciones\",\"isPartOf\":{\"@id\":\"https:\\\/\\\/www.dolphintourcostarica.com\\\/#website\"},\"datePublished\":\"2018-01-12T22:35:37+00:00\",\"dateModified\":\"2024-12-13T19:26:07+00:00\",\"breadcrumb\":{\"@id\":\"https:\\\/\\\/www.dolphintourcostarica.com\\\/es\\\/terms-conditions\\\/#breadcrumb\"},\"inLanguage\":\"es\",\"potentialAction\":[{\"@type\":\"ReadAction\",\"target\":[\"https:\\\/\\\/www.dolphintourcostarica.com\\\/es\\\/terms-conditions\\\/\"]}]},{\"@type\":\"BreadcrumbList\",\"@id\":\"https:\\\/\\\/www.dolphintourcostarica.com\\\/es\\\/terms-conditions\\\/#breadcrumb\",\"itemListElement\":[{\"@type\":\"ListItem\",\"position\":1,\"name\":\"Inicio\",\"item\":\"https:\\\/\\\/www.dolphintourcostarica.com\\\/es\\\/\"},{\"@type\":\"ListItem\",\"position\":2,\"name\":\"T\u00e9rminos y Condiciones\"}]},{\"@type\":\"WebSite\",\"@id\":\"https:\\\/\\\/www.dolphintourcostarica.com\\\/#website\",\"url\":\"https:\\\/\\\/www.dolphintourcostarica.com\\\/\",\"name\":\"Dolphin Tour\",\"description\":\"Whale Watching, Costa Rica Tours - Dolphin Tour SA\",\"potentialAction\":[{\"@type\":\"SearchAction\",\"target\":{\"@type\":\"EntryPoint\",\"urlTemplate\":\"https:\\\/\\\/www.dolphintourcostarica.com\\\/?s={search_term_string}\"},\"query-input\":{\"@type\":\"PropertyValueSpecification\",\"valueRequired\":true,\"valueName\":\"search_term_string\"}}],\"inLanguage\":\"es\"}]}<\/script>\n<!-- \/ Yoast SEO plugin. -->","yoast_head_json":{"title":"Tours en el Pac\u00edfico Sur de Costa Rica - T\u00e9rminos y Condiciones","robots":{"index":"index","follow":"follow","max-snippet":"max-snippet:-1","max-image-preview":"max-image-preview:large","max-video-preview":"max-video-preview:-1"},"canonical":"https:\/\/www.dolphintourcostarica.com\/es\/terms-conditions\/","og_locale":"es_ES","og_type":"article","og_title":"Tours en el Pac\u00edfico Sur de Costa Rica - T\u00e9rminos y Condiciones","og_description":"[vc_row css=\u00bb.vc_custom_1515797087298{margin-bottom: -50px !important;}\u00bb][vc_column width=\u00bb1\/2&#8243;][vc_custom_heading text=\u00bbRecomendaciones Generales que deben llevar los clientes en la gira.\u00bb use_theme_fonts=\u00bbyes\u00bb][vc_column_text] Traje de ba\u00f1o Sandalias de la playa Zapatos de monta\u00f1a (s\u00f3lo para la gira Corcovado ) Repelente de mosquitos El bloqueador del sol Gafas de sol Sombrero Contenedor a prueba de agua para sus art\u00edculos personales Ropa c\u00f3moda y [&hellip;]","og_url":"https:\/\/www.dolphintourcostarica.com\/es\/terms-conditions\/","og_site_name":"Dolphin Tour","article_modified_time":"2024-12-13T19:26:07+00:00","twitter_card":"summary_large_image","twitter_misc":{"Tiempo de lectura":"3 minutos"},"schema":{"@context":"https:\/\/schema.org","@graph":[{"@type":"WebPage","@id":"https:\/\/www.dolphintourcostarica.com\/es\/terms-conditions\/","url":"https:\/\/www.dolphintourcostarica.com\/es\/terms-conditions\/","name":"Tours en el Pac\u00edfico Sur de Costa Rica - T\u00e9rminos y Condiciones","isPartOf":{"@id":"https:\/\/www.dolphintourcostarica.com\/#website"},"datePublished":"2018-01-12T22:35:37+00:00","dateModified":"2024-12-13T19:26:07+00:00","breadcrumb":{"@id":"https:\/\/www.dolphintourcostarica.com\/es\/terms-conditions\/#breadcrumb"},"inLanguage":"es","potentialAction":[{"@type":"ReadAction","target":["https:\/\/www.dolphintourcostarica.com\/es\/terms-conditions\/"]}]},{"@type":"BreadcrumbList","@id":"https:\/\/www.dolphintourcostarica.com\/es\/terms-conditions\/#breadcrumb","itemListElement":[{"@type":"ListItem","position":1,"name":"Inicio","item":"https:\/\/www.dolphintourcostarica.com\/es\/"},{"@type":"ListItem","position":2,"name":"T\u00e9rminos y Condiciones"}]},{"@type":"WebSite","@id":"https:\/\/www.dolphintourcostarica.com\/#website","url":"https:\/\/www.dolphintourcostarica.com\/","name":"Dolphin Tour","description":"Whale Watching, Costa Rica Tours - Dolphin Tour SA","potentialAction":[{"@type":"SearchAction","target":{"@type":"EntryPoint","urlTemplate":"https:\/\/www.dolphintourcostarica.com\/?s={search_term_string}"},"query-input":{"@type":"PropertyValueSpecification","valueRequired":true,"valueName":"search_term_string"}}],"inLanguage":"es"}]}},"_links":{"self":[{"href":"https:\/\/www.dolphintourcostarica.com\/es\/wp-json\/wp\/v2\/pages\/2769","targetHints":{"allow":["GET"]}}],"collection":[{"href":"https:\/\/www.dolphintourcostarica.com\/es\/wp-json\/wp\/v2\/pages"}],"about":[{"href":"https:\/\/www.dolphintourcostarica.com\/es\/wp-json\/wp\/v2\/types\/page"}],"author":[{"embeddable":true,"href":"https:\/\/www.dolphintourcostarica.com\/es\/wp-json\/wp\/v2\/users\/2"}],"replies":[{"embeddable":true,"href":"https:\/\/www.dolphintourcostarica.com\/es\/wp-json\/wp\/v2\/comments?post=2769"}],"version-history":[{"count":8,"href":"https:\/\/www.dolphintourcostarica.com\/es\/wp-json\/wp\/v2\/pages\/2769\/revisions"}],"predecessor-version":[{"id":5917,"href":"https:\/\/www.dolphintourcostarica.com\/es\/wp-json\/wp\/v2\/pages\/2769\/revisions\/5917"}],"wp:attachment":[{"href":"https:\/\/www.dolphintourcostarica.com\/es\/wp-json\/wp\/v2\/media?parent=2769"}],"curies":[{"name":"wp","href":"https:\/\/api.w.org\/{rel}","templated":true}]}}