{"id":4084,"date":"2018-01-30T16:51:34","date_gmt":"2018-01-30T16:51:34","guid":{"rendered":"http:\/\/www.dolphintourcostarica.com\/?page_id=4084"},"modified":"2025-03-13T09:17:28","modified_gmt":"2025-03-13T15:17:28","slug":"turismo-responsable","status":"publish","type":"page","link":"https:\/\/www.dolphintourcostarica.com\/es\/turismo-responsable\/","title":{"rendered":"Turismo Sostenible y Responsable"},"content":{"rendered":"<div class=\"wpb-content-wrapper\"><p>[vc_row full_width=\u00bbstretch_row\u00bb gap=\u00bb20&#8243; css=\u00bb.vc_custom_1517331739151{padding-bottom: 20px !important;background-color: #ffffff !important;}\u00bb][vc_column][vc_row_inner][vc_column_inner width=\u00bb1\/2&#8243;][vc_custom_heading text=\u00bbDolphin Tours promueve el turismo marino sostenible\u00bb use_theme_fonts=\u00bbyes\u00bb][vc_column_text css=\u00bb\u00bb]<\/p>\n<p style=\"text-align: justify;\"><span style=\"font-family: 'Comic Sans MS';\">Empresa pionera costarricense dedicada al turismo marino. Hace algunos a\u00f1os empezamos con la <strong>fundaci\u00f3n Keto<\/strong> en el programa de las buenas pr\u00e1cticas en turismo marino sostenible apoyados por la Organizaci\u00f3n CI en el cual obtuvimos un distintivo de buenas pr\u00e1cticas como fue \u00e9l <strong>SEA STAR SYSTEM<\/strong>.<\/span><\/p>\n<p style=\"text-align: justify;\"><span style=\"font-family: 'Comic Sans MS';\">Ahora reci\u00e9nteme estamos trabajando Con el <strong>ICT, comprometidos con la sostenibilidad<\/strong> en el programa de certificaci\u00f3n del CST en el cual hemos obtenido nuestro nivel B\u00e1sico en el CST 2.0, estamos en el proceso de ir mejorando para obtener m\u00e1s niveles y poder llegar a la elite. <\/span><\/p>\n<p style=\"text-align: justify;\"><span style=\"font-family: 'Comic Sans MS';\">DOLPHIN TOUR ofrece al turista disfrutar la naturaleza marina y terrestre en una forma equilibrada aprovechando su entorno, pero interviniendo lo m\u00ednimo en sus recursos naturales y buscando formas de restaurar apoyando campa\u00f1as y alianzas como lo es con Asotu y Asoguiba.<\/span><\/p>\n<p>[\/vc_column_text][vc_column_text css=\u00bb\u00bb]<\/p>\n<h1><strong>Pol\u00edtica de sostenibilidad<\/strong><\/h1>\n<p><strong>\u00a0<\/strong><strong>En <\/strong>DOLPHIN TOURS<strong> nos<\/strong><strong> comprometemos a trav\u00e9s de nuestra operaci\u00f3n <\/strong><strong>una b\u00fasqueda<\/strong><strong> constante del equilibrio de los impactos ambientales, econ\u00f3micos y sociales.<\/strong><\/p>\n<p><strong>Esta pol\u00edtica contempla los siguientes aspectos:<\/strong><\/p>\n<p><strong>Aspectos Ambientales <\/strong><\/p>\n<ul>\n<li>Identificaci\u00f3n y disminuci\u00f3n de los impactos<\/li>\n<li>Uso adecuado de los recursos<\/li>\n<li>No contaminaci\u00f3n de aguas<\/li>\n<li>Manejo adecuado de los residuos (reciclaje y org\u00e1nico)<\/li>\n<li>Manejo Adecuado Aguas Residuales.<\/li>\n<li>Disminuci\u00f3n de emisiones de carbono (uso de combustibles en transportes terrestres o mar\u00edtimos)<\/li>\n<li>Promoci\u00f3n del respeto del entorno natural y cultural entre nuestros grupos de inter\u00e9s<\/li>\n<li>Compromiso con el ambiente y la sociedad<\/li>\n<\/ul>\n<p><strong>\u00a0<\/strong><strong>Aspectos econ\u00f3micos<\/strong><\/p>\n<ul>\n<li>Orden en las finanzas<\/li>\n<li>Rentabilidad econ\u00f3mica<\/li>\n<li>Compromiso con la excelencia y la calidad<\/li>\n<li>Competencia justa y anticorrupci\u00f3n<\/li>\n<\/ul>\n<p><strong>Aspectos sociales<\/strong><\/p>\n<ul>\n<li>Seguridad de los servicios que brindamos<\/li>\n<li>Igualdad de oportunidades para las personas independientemente de su condici\u00f3n de g\u00e9nero, grupo \u00e9tnico, preferencia sexual, edad, religi\u00f3n y discapacidad<\/li>\n<li>No trabajo Infantil<\/li>\n<li>No explotaci\u00f3n sexual<\/li>\n<li>Generaci\u00f3n de Empleo local<\/li>\n<li>Capacitaci\u00f3n y fortalecimiento del talento humano<\/li>\n<li>Establecimiento de espacios de trabajo seguros y saludables<\/li>\n<li>Respeto de la idiosincrasia y las costumbres de las comunidades donde operamos.<\/li>\n<\/ul>\n<h4><strong>\u00a0<\/strong><\/h4>\n<p>[\/vc_column_text][\/vc_column_inner][vc_column_inner width=\u00bb1\/2&#8243;][vc_single_image image=\u00bb5385&#8243; img_size=\u00bbfull\u00bb alignment=\u00bbcenter\u00bb onclick=\u00bblink_image\u00bb css=\u00bb\u00bb][vc_gallery interval=\u00bb3&#8243; images=\u00bb6059&#8243; css=\u00bb\u00bb][\/vc_column_inner][\/vc_row_inner][\/vc_column][\/vc_row][vc_row css=\u00bb.vc_custom_1517332788825{margin-top: -50px !important;padding-bottom: 50px !important;}\u00bb][vc_column][vc_row_inner][vc_column_inner width=\u00bb1\/2&#8243;][vc_column_text css=\u00bb\u00bb]<\/p>\n<h3><strong>Regulaciones del tour:<\/strong><\/h3>\n<ul>\n<li>Todos los pasajeros al tour deben acatar todas las recomendaciones dadas por nuestro gu\u00eda.<\/li>\n<li>Para la observaci\u00f3n de ballenas nos acercamos paralelamente a la ballena a una distancia prudencial de 200 metros y para los delfines en socializaci\u00f3n a unos 100 metros.<\/li>\n<li>La observaci\u00f3n dura aproximadamente 20 a 30 minutos con cada cet\u00e1ceo.<\/li>\n<li>No debe haber muchas embarcaciones con una ballena, debemos esperar el proceso de observaci\u00f3n,<\/li>\n<li>No se permite nadar con cet\u00e1ceos.<\/li>\n<li>Para hacer el snorkeling se debe portar el chaleco salvavidas<\/li>\n<li>No fumar, vapear ni ingresar bebidas alcoh\u00f3licas al tour ya que operamos en parques nacionales.<\/li>\n<\/ul>\n<p>[\/vc_column_text][vc_gallery interval=\u00bb3&#8243; images=\u00bb6065,5903&#8243; img_size=\u00bblarge\u00bb css=\u00bb\u00bb][\/vc_column_inner][vc_column_inner width=\u00bb1\/2&#8243;][vc_column_text css=\u00bb\u00bb]<\/p>\n<h3><strong>Regulaciones en la oficina:<\/strong><\/h3>\n<ul>\n<li>Apagar la luz despu\u00e9s de usar el sanitario.<\/li>\n<li>Apagar luces y abanicos en caso de no utilizar.<\/li>\n<li>No fumar en la oficina ni en la sala de espera.<\/li>\n<li>Cerrar correctamente las llaves del agua para no producir desperdicio.<\/li>\n<li>Colocar la basura en sus respectivos dep\u00f3sitos <strong>AQUI SE RECICLA<\/strong>.<\/li>\n<li>Reportar desperdicios de cualquier recurso<\/li>\n<\/ul>\n<p>[\/vc_column_text][vc_gallery interval=\u00bb3&#8243; images=\u00bb6063&#8243; img_size=\u00bblarge\u00bb css=\u00bb\u00bb][\/vc_column_inner][\/vc_row_inner][\/vc_column][\/vc_row][vc_row full_width=\u00bbstretch_row\u00bb css=\u00bb.vc_custom_1517332954705{padding-top: 50px !important;background-color: #ffffff !important;}\u00bb][vc_column][vc_row_inner][vc_column_inner width=\u00bb1\/2&#8243;][vc_single_image image=\u00bb4104&#8243; img_size=\u00bbfull\u00bb alignment=\u00bbcenter\u00bb onclick=\u00bblink_image\u00bb][\/vc_column_inner][vc_column_inner width=\u00bb1\/2&#8243;][vc_empty_space][vc_column_text css=\u00bb\u00bb]<\/p>\n<h1><strong>Regulaciones en Parque Nacionales de Costa Rica.<\/strong><\/h1>\n<p><strong>\u00a0<\/strong><\/p>\n<h3><strong>Parque Nacional Marino Ballena <\/strong><\/h3>\n<h3><strong>Parque Nacional Corcovado <\/strong><\/h3>\n<h3><strong>Reserva Biol\u00f3gica Isla del Ca\u00f1o <\/strong><\/h3>\n<p>&nbsp;<\/p>\n<ul>\n<li>Respetar el reglamento de uso publico<\/li>\n<li>Respetar el horario de ingreso<\/li>\n<li>No alimentar animales ni dejar residuos que alteren su dieta y conducta.<\/li>\n<li>No se permite la pesca<\/li>\n<li>No se permite el ingreso de mascotas.<\/li>\n<li>Cu\u00eddese de las corrientes marinas y no se ba\u00f1e en las a\u00e9reas de peligro se\u00f1aladas.<\/li>\n<li>Cuide sus pertenec\u00edas.<\/li>\n<li>Mantenerse dentro de los senderos.<\/li>\n<li>Prohibido fumar, vapear e ingresar con drogas y bebidas alcoh\u00f3licas dentro de los parques<\/li>\n<li>La basura no es parte del ambiente natural. ll\u00e9vese su basura.<\/li>\n<li>No se permite realizar actividades ruidosas que alteren el orden p\u00fablico y el de los recursos del parque.<\/li>\n<li>verificar la tabla de mareas en las casetas de ingreso.<\/li>\n<li>No olvide llevar gorra y protector solar, adem\u00e1s para las caminatas por senderos zapatos para caminar por zonas rocosas.<\/li>\n<li>Por favor tenga precauci\u00f3n con las corrientes marinas, est\u00e9 atento a las mareas altas, especialmente cerca de la desembocadura de los r\u00edos.\u00a0 Consulte en las entradas del parque.<\/li>\n<li>Cuide sus pertenencias y asegure bien su veh\u00edculo, sin dejar nada de valor a la vista.<\/li>\n<li>En lo posible utilice\u00a0jabones biodegradables en duchas y lavaderos, as\u00ed no contaminaremos.<\/li>\n<li>Si tienen medicaci\u00f3n especial, no los olvide.<\/li>\n<li>Contacte con las Asociaciones de gu\u00edas locales, operadores de turismo locales y organizaciones locales que le respalden para contratar los gu\u00edas de turismo y tours de la zona certificados y debidamente autorizados<\/li>\n<\/ul>\n<p>[\/vc_column_text][vc_gallery interval=\u00bb3&#8243; images=\u00bb6069,6071,6075&#8243; img_size=\u00bblarge\u00bb css=\u00bb\u00bb][\/vc_column_inner][\/vc_row_inner][\/vc_column][\/vc_row][vc_row][vc_column][vc_column_text]<\/p>\n<p>[\/vc_column_text][vc_row_inner][vc_column_inner width=\u00bb1\/2&#8243;][vc_empty_space height=\u00bb80px\u00bb][vc_column_text css=\u00bb\u00bb]<\/p>\n<h3><strong>Es importante tener presente para cuidar nuestra naturaleza <\/strong><\/h3>\n<p><strong>\u00a0<\/strong><\/p>\n<p><strong>No realizar las siguientes acciones.<\/strong><\/p>\n<ul>\n<li>No extraer piedras, plantas u otro recurso natural del \u00e1rea silvestre.<\/li>\n<li>Botar basura.<\/li>\n<li>Tocar, alimentar y acosar a los animales.<\/li>\n<li>species vedadas, amenazadas y en peligro de extinci\u00f3n protegerlos, reportar cualquier anomalia<\/li>\n<li>Actividades de comercializaci\u00f3n<\/li>\n<li>El tr\u00e1nsito de cualquier veh\u00edculo en la playa, seg\u00fan el art\u00edculo 127 y 130 de la ley de tr\u00e1nsito No. 7331, o embarcaciones que atenten contra la vida de los ba\u00f1istas y naturaleza.<\/li>\n<li>Fogatas en el parque, si desea cocinar debe de traer plantilla de gas o parrillas que no sean al ras del suelo.<br \/>\nEquipos de sonido con alto volumen<\/li>\n<li>No tires basura en las calles.<\/li>\n<li>Evita quemar basura, hojas y otros objetos, as\u00ed como\u00a0hacer\u00a0fogatas en bosques o en plena ciudad.<\/li>\n<\/ul>\n<p>[\/vc_column_text][vc_gallery interval=\u00bb3&#8243; images=\u00bb5951,5949,5955,5945,5703&#8243; img_size=\u00bblarge\u00bb css=\u00bb\u00bb][vc_gallery interval=\u00bb3&#8243; images=\u00bb6110&#8243; img_size=\u00bblarge\u00bb css=\u00bb\u00bb][\/vc_column_inner][vc_column_inner width=\u00bb1\/2&#8243;][vc_empty_space height=\u00bb80px\u00bb][vc_single_image image=\u00bb2002&#8243; img_size=\u00bbfull\u00bb alignment=\u00bbcenter\u00bb onclick=\u00bblink_image\u00bb][\/vc_column_inner][\/vc_row_inner][\/vc_column][\/vc_row]<\/p>\n<\/div>","protected":false},"excerpt":{"rendered":"<p>[vc_row full_width=\u00bbstretch_row\u00bb gap=\u00bb20&#8243; css=\u00bb.vc_custom_1517331739151{padding-bottom: 20px !important;background-color: #ffffff !important;}\u00bb][vc_column][vc_row_inner][vc_column_inner width=\u00bb1\/2&#8243;][vc_custom_heading text=\u00bbDolphin Tours promueve el turismo marino sostenible\u00bb use_theme_fonts=\u00bbyes\u00bb][vc_column_text css=\u00bb\u00bb] Empresa pionera costarricense dedicada al turismo marino. Hace algunos a\u00f1os empezamos con la fundaci\u00f3n Keto en el programa de las buenas pr\u00e1cticas en turismo marino sostenible apoyados por la Organizaci\u00f3n CI en el cual obtuvimos un distintivo [&hellip;]<\/p>\n","protected":false},"author":2,"featured_media":0,"parent":0,"menu_order":0,"comment_status":"closed","ping_status":"closed","template":"entrada_templates\/layout-visual-composer-default.php","meta":{"pgc_meta":"","footnotes":""},"class_list":["post-4084","page","type-page","status-publish","hentry"],"pgc_meta":"","yoast_head":"<!-- This site is optimized with the Yoast SEO plugin v27.4 - https:\/\/yoast.com\/product\/yoast-seo-wordpress\/ -->\n<title>Turismo Responsable en Costa Rica - Dolphin Tour<\/title>\n<meta name=\"description\" content=\"Dolphin Tours promueve el turismo marino sostenible. Empresa pionera costarricense dedicada al turismo marino. Hace algunos a\u00f1os empezamos con la fundaci\u00f3n Keto en el programa de las buenas pr\u00e1cticas en turismo marino sostenible apoyados por la Organizaci\u00f3n CI en el cual obtuvimos un distintivo...\" \/>\n<meta name=\"robots\" content=\"index, follow, max-snippet:-1, max-image-preview:large, max-video-preview:-1\" \/>\n<link rel=\"canonical\" href=\"https:\/\/www.dolphintourcostarica.com\/es\/turismo-responsable\/\" \/>\n<meta property=\"og:locale\" content=\"es_ES\" \/>\n<meta property=\"og:type\" content=\"article\" \/>\n<meta property=\"og:title\" content=\"Turismo Responsable en Costa Rica - Dolphin Tour\" \/>\n<meta property=\"og:description\" content=\"Dolphin Tours promueve el turismo marino sostenible. Empresa pionera costarricense dedicada al turismo marino. Hace algunos a\u00f1os empezamos con la fundaci\u00f3n Keto en el programa de las buenas pr\u00e1cticas en turismo marino sostenible apoyados por la Organizaci\u00f3n CI en el cual obtuvimos un distintivo...\" \/>\n<meta property=\"og:url\" content=\"https:\/\/www.dolphintourcostarica.com\/es\/turismo-responsable\/\" \/>\n<meta property=\"og:site_name\" content=\"Dolphin Tour\" \/>\n<meta property=\"article:modified_time\" content=\"2025-03-13T15:17:28+00:00\" \/>\n<meta name=\"twitter:card\" content=\"summary_large_image\" \/>\n<meta name=\"twitter:label1\" content=\"Tiempo de lectura\" \/>\n\t<meta name=\"twitter:data1\" content=\"8 minutos\" \/>\n<script type=\"application\/ld+json\" class=\"yoast-schema-graph\">{\"@context\":\"https:\\\/\\\/schema.org\",\"@graph\":[{\"@type\":\"WebPage\",\"@id\":\"https:\\\/\\\/www.dolphintourcostarica.com\\\/es\\\/turismo-responsable\\\/\",\"url\":\"https:\\\/\\\/www.dolphintourcostarica.com\\\/es\\\/turismo-responsable\\\/\",\"name\":\"Turismo Responsable en Costa Rica - Dolphin Tour\",\"isPartOf\":{\"@id\":\"https:\\\/\\\/www.dolphintourcostarica.com\\\/#website\"},\"datePublished\":\"2018-01-30T16:51:34+00:00\",\"dateModified\":\"2025-03-13T15:17:28+00:00\",\"description\":\"Dolphin Tours promueve el turismo marino sostenible. Empresa pionera costarricense dedicada al turismo marino. Hace algunos a\u00f1os empezamos con la fundaci\u00f3n Keto en el programa de las buenas pr\u00e1cticas en turismo marino sostenible apoyados por la Organizaci\u00f3n CI en el cual obtuvimos un distintivo...\",\"breadcrumb\":{\"@id\":\"https:\\\/\\\/www.dolphintourcostarica.com\\\/es\\\/turismo-responsable\\\/#breadcrumb\"},\"inLanguage\":\"es\",\"potentialAction\":[{\"@type\":\"ReadAction\",\"target\":[\"https:\\\/\\\/www.dolphintourcostarica.com\\\/es\\\/turismo-responsable\\\/\"]}]},{\"@type\":\"BreadcrumbList\",\"@id\":\"https:\\\/\\\/www.dolphintourcostarica.com\\\/es\\\/turismo-responsable\\\/#breadcrumb\",\"itemListElement\":[{\"@type\":\"ListItem\",\"position\":1,\"name\":\"Inicio\",\"item\":\"https:\\\/\\\/www.dolphintourcostarica.com\\\/es\\\/\"},{\"@type\":\"ListItem\",\"position\":2,\"name\":\"Turismo Sostenible y Responsable\"}]},{\"@type\":\"WebSite\",\"@id\":\"https:\\\/\\\/www.dolphintourcostarica.com\\\/#website\",\"url\":\"https:\\\/\\\/www.dolphintourcostarica.com\\\/\",\"name\":\"Dolphin Tour\",\"description\":\"Whale Watching, Costa Rica Tours - Dolphin Tour SA\",\"potentialAction\":[{\"@type\":\"SearchAction\",\"target\":{\"@type\":\"EntryPoint\",\"urlTemplate\":\"https:\\\/\\\/www.dolphintourcostarica.com\\\/?s={search_term_string}\"},\"query-input\":{\"@type\":\"PropertyValueSpecification\",\"valueRequired\":true,\"valueName\":\"search_term_string\"}}],\"inLanguage\":\"es\"}]}<\/script>\n<!-- \/ Yoast SEO plugin. -->","yoast_head_json":{"title":"Turismo Responsable en Costa Rica - Dolphin Tour","description":"Dolphin Tours promueve el turismo marino sostenible. Empresa pionera costarricense dedicada al turismo marino. Hace algunos a\u00f1os empezamos con la fundaci\u00f3n Keto en el programa de las buenas pr\u00e1cticas en turismo marino sostenible apoyados por la Organizaci\u00f3n CI en el cual obtuvimos un distintivo...","robots":{"index":"index","follow":"follow","max-snippet":"max-snippet:-1","max-image-preview":"max-image-preview:large","max-video-preview":"max-video-preview:-1"},"canonical":"https:\/\/www.dolphintourcostarica.com\/es\/turismo-responsable\/","og_locale":"es_ES","og_type":"article","og_title":"Turismo Responsable en Costa Rica - Dolphin Tour","og_description":"Dolphin Tours promueve el turismo marino sostenible. Empresa pionera costarricense dedicada al turismo marino. Hace algunos a\u00f1os empezamos con la fundaci\u00f3n Keto en el programa de las buenas pr\u00e1cticas en turismo marino sostenible apoyados por la Organizaci\u00f3n CI en el cual obtuvimos un distintivo...","og_url":"https:\/\/www.dolphintourcostarica.com\/es\/turismo-responsable\/","og_site_name":"Dolphin Tour","article_modified_time":"2025-03-13T15:17:28+00:00","twitter_card":"summary_large_image","twitter_misc":{"Tiempo de lectura":"8 minutos"},"schema":{"@context":"https:\/\/schema.org","@graph":[{"@type":"WebPage","@id":"https:\/\/www.dolphintourcostarica.com\/es\/turismo-responsable\/","url":"https:\/\/www.dolphintourcostarica.com\/es\/turismo-responsable\/","name":"Turismo Responsable en Costa Rica - Dolphin Tour","isPartOf":{"@id":"https:\/\/www.dolphintourcostarica.com\/#website"},"datePublished":"2018-01-30T16:51:34+00:00","dateModified":"2025-03-13T15:17:28+00:00","description":"Dolphin Tours promueve el turismo marino sostenible. Empresa pionera costarricense dedicada al turismo marino. Hace algunos a\u00f1os empezamos con la fundaci\u00f3n Keto en el programa de las buenas pr\u00e1cticas en turismo marino sostenible apoyados por la Organizaci\u00f3n CI en el cual obtuvimos un distintivo...","breadcrumb":{"@id":"https:\/\/www.dolphintourcostarica.com\/es\/turismo-responsable\/#breadcrumb"},"inLanguage":"es","potentialAction":[{"@type":"ReadAction","target":["https:\/\/www.dolphintourcostarica.com\/es\/turismo-responsable\/"]}]},{"@type":"BreadcrumbList","@id":"https:\/\/www.dolphintourcostarica.com\/es\/turismo-responsable\/#breadcrumb","itemListElement":[{"@type":"ListItem","position":1,"name":"Inicio","item":"https:\/\/www.dolphintourcostarica.com\/es\/"},{"@type":"ListItem","position":2,"name":"Turismo Sostenible y Responsable"}]},{"@type":"WebSite","@id":"https:\/\/www.dolphintourcostarica.com\/#website","url":"https:\/\/www.dolphintourcostarica.com\/","name":"Dolphin Tour","description":"Whale Watching, Costa Rica Tours - Dolphin Tour SA","potentialAction":[{"@type":"SearchAction","target":{"@type":"EntryPoint","urlTemplate":"https:\/\/www.dolphintourcostarica.com\/?s={search_term_string}"},"query-input":{"@type":"PropertyValueSpecification","valueRequired":true,"valueName":"search_term_string"}}],"inLanguage":"es"}]}},"_links":{"self":[{"href":"https:\/\/www.dolphintourcostarica.com\/es\/wp-json\/wp\/v2\/pages\/4084","targetHints":{"allow":["GET"]}}],"collection":[{"href":"https:\/\/www.dolphintourcostarica.com\/es\/wp-json\/wp\/v2\/pages"}],"about":[{"href":"https:\/\/www.dolphintourcostarica.com\/es\/wp-json\/wp\/v2\/types\/page"}],"author":[{"embeddable":true,"href":"https:\/\/www.dolphintourcostarica.com\/es\/wp-json\/wp\/v2\/users\/2"}],"replies":[{"embeddable":true,"href":"https:\/\/www.dolphintourcostarica.com\/es\/wp-json\/wp\/v2\/comments?post=4084"}],"version-history":[{"count":38,"href":"https:\/\/www.dolphintourcostarica.com\/es\/wp-json\/wp\/v2\/pages\/4084\/revisions"}],"predecessor-version":[{"id":6354,"href":"https:\/\/www.dolphintourcostarica.com\/es\/wp-json\/wp\/v2\/pages\/4084\/revisions\/6354"}],"wp:attachment":[{"href":"https:\/\/www.dolphintourcostarica.com\/es\/wp-json\/wp\/v2\/media?parent=4084"}],"curies":[{"name":"wp","href":"https:\/\/api.w.org\/{rel}","templated":true}]}}