{"id":4145,"date":"2018-02-19T18:04:14","date_gmt":"2018-02-19T18:04:14","guid":{"rendered":"http:\/\/www.dolphintourcostarica.com\/?page_id=4145"},"modified":"2025-05-19T12:26:27","modified_gmt":"2025-05-19T18:26:27","slug":"programa-ambiental-y-social","status":"publish","type":"page","link":"https:\/\/www.dolphintourcostarica.com\/es\/programa-ambiental-y-social\/","title":{"rendered":"Programa Ambiental y Social"},"content":{"rendered":"<div class=\"wpb-content-wrapper\"><p>[vc_row gap=\u00bb20&#8243;][vc_column][vc_row_inner][vc_column_inner width=\u00bb1\/2&#8243;][vc_single_image image=\u00bb5888&#8243; img_size=\u00bbfull\u00bb alignment=\u00bbcenter\u00bb onclick=\u00bblink_image\u00bb css=\u00bb\u00bb][vc_gallery interval=\u00bb3&#8243; images=\u00bb5496&#8243; img_size=\u00bbfull\u00bb css=\u00bb\u00bb][\/vc_column_inner][vc_column_inner width=\u00bb1\/2&#8243;][vc_empty_space][vc_custom_heading text=\u00bbNo mas pl\u00e1stico en nuestros tours\u00bb use_theme_fonts=\u00bbyes\u00bb][vc_column_text css=\u00bb\u00bb]Dolphin Tours es una empresa familiar liderada por los hermanos Badilla, l\u00edder y fundador Julio Badilla segundo hijo de la familia y \u00fanico Var\u00f3n de 7 hermanos los cuales est\u00e1n muy comprometidos con el medio ambiente y social de la comunidad de Bah\u00eda Ballena. Apoyando a los ni\u00f1os quienes son el futuro, y demostr\u00e1ndoles que hay que cuidar nuestros recursos naturales en una forma responsable y equilibrada,\u00a0podemos disfrutar de nuestra naturaleza y desarrollar un turismo sostenible.<\/p>\n<p>Dolphin Tours se une a la campa\u00f1a de no m\u00e1s pl\u00e1stico en nuestros tours.<\/p>\n<p>Hemos cambiado las botellas pl\u00e1sticas de agua por agua un bid\u00f3n con agua 100% purificada y se ofrece en vasos reutilizables. Les pedimos a nuestros clientes traer su botella reutilizable y rellenar en nuestro dispensador de agua 100% purificada.<\/p>\n<p>&nbsp;<\/p>\n<p>En <strong><em>DOLPHIN TOURS<\/em><\/strong> establecemos y promovemos nuestro compromiso con la sostenibilidad, la cual, orienta a una gesti\u00f3n integral en cada una de nuestras acciones.<\/p>\n<p>Es por esto que nuestra empresa, con el fin de compartir la visi\u00f3n de contribuir al desarrollo sustentable en la prestaci\u00f3n de los servicios tur\u00edsticos, le comunica que contamos con una pol\u00edtica de sostenibilidad la cual contempla aspectos como los siguientes:<\/p>\n<ul>\n<li><strong>Aspectos Ambientales<\/strong><\/li>\n<li><strong>Aspectos Econ\u00f3micos<\/strong><\/li>\n<li><strong>Aspectos Culturales<\/strong><\/li>\n<li><strong>Aspectos Sociales<\/strong><\/li>\n<li><strong>Acciones ante el cambio clim\u00e1tico<\/strong><\/li>\n<\/ul>\n<p>[\/vc_column_text][\/vc_column_inner][\/vc_row_inner][\/vc_column][\/vc_row][vc_row css=\u00bb.vc_custom_1519061223602{background-color: #ffffff !important;}\u00bb][vc_column][vc_custom_heading text=\u00bbCharlas, recolecci\u00f3n de basura\u00bb font_container=\u00bbtag:h2|text_align:left|color:%23111111&#8243; use_theme_fonts=\u00bbyes\u00bb css=\u00bb\u00bb][vc_gallery type=\u00bbimage_grid\u00bb images=\u00bb5496,6063,6081,6083,5881&#8243; img_size=\u00bb274&#215;200&#8243; css=\u00bb\u00bb][\/vc_column][\/vc_row][vc_row][vc_column][vc_custom_heading text=\u00bbLimpieza de playas en parque nacional marino ballena\u00bb use_theme_fonts=\u00bbyes\u00bb][vc_custom_heading text=\u00bbEn conjunto con tour operadores y gu\u00edas.\u00bb font_container=\u00bbtag:p|font_size:17|text_align:left\u00bb use_theme_fonts=\u00bbyes\u00bb css=\u00bb.vc_custom_1519062829170{margin-top: -15px !important;}\u00bb][vc_gallery type=\u00bbimage_grid\u00bb images=\u00bb4180,4182,4184,4186,5493&#8243; img_size=\u00bb274&#215;200&#8243; css=\u00bb\u00bb][\/vc_column][\/vc_row][vc_row css=\u00bb.vc_custom_1519062839029{background-color: #ffffff !important;}\u00bb][vc_column][vc_custom_heading text=\u00bbLimpieza de playas y senderos en el parque nacional Corcovado\u00bb use_theme_fonts=\u00bbyes\u00bb][vc_custom_heading text=\u00bbEn conjunto con La Asociaci\u00f3n de Tour Operadores de Bah\u00eda Ballena ASOTU , Asociaci\u00f3n de Gu\u00edas ASOGUIVA Y GEOPORTERS.\u00bb font_container=\u00bbtag:p|font_size:17|text_align:left\u00bb use_theme_fonts=\u00bbyes\u00bb css=\u00bb.vc_custom_1519062803739{margin-top: -15px !important;}\u00bb][vc_gallery type=\u00bbimage_grid\u00bb images=\u00bb4190,4192,4194,4196,4198,4200&#8243; img_size=\u00bb274&#215;200&#8243;][vc_column_text css=\u00bb\u00bb]<\/p>\n<h2><\/h2>\n<h2><\/h2>\n<p>&nbsp;<\/p>\n<h2><\/h2>\n<h2 style=\"text-align: center;\">PROTEGAMOS Y CUIDEMOS\u00a0 LA FLORA Y FAUNA EN EXTINCION<\/h2>\n<h2><\/h2>\n<p>&nbsp;<\/p>\n<h2>En Costa Rica, hay especies de animales y \u00e1rboles que est\u00e1n en peligro de extinci\u00f3n, amenazadas o vedadas, entre ellas:<\/h2>\n<h3>Cuidemos y protejamos<\/h3>\n<h3>Animales en peligro de extinci\u00f3n<\/h3>\n<p>Manat\u00ed, danta, puma, jaguar, manigordo, le\u00f3n bre\u00f1ero, mono carablanca, mono congo, mono colorado, boa, iguana, caim\u00e1n, lapa roja, lapa verde, gavilanes y halcones.<\/p>\n<p>&nbsp;<\/p>\n<h3>\u00c1rboles en peligro de extinci\u00f3n<\/h3>\n<p>Ajo Negro, B\u00e1lsamo, Caoba, Cedro, Cedro real, Cipresillo, Cola de pavo, Copo, Crist\u00f3bal, Guayac\u00e1n real, Laurel negro, Pinillo, Sandrillo, Tamarind\u00f3n, Tostado.<\/p>\n<h3>\u00c1rboles vedados<\/h3>\n<p>Dipteryx panamensis, Hymenolobium mesoamericanum, Myroxylon balsamum, Paramachaerium gruberi.[\/vc_column_text][vc_gallery interval=\u00bb3&#8243; images=\u00bb6182,6180,6178,6176,5955,4808,4820,3830&#8243; img_size=\u00bbfull\u00bb css=\u00bb\u00bb][\/vc_column][\/vc_row][vc_row][vc_column][\/vc_column][\/vc_row]<\/p>\n<\/div>","protected":false},"excerpt":{"rendered":"<p>[vc_row gap=\u00bb20&#8243;][vc_column][vc_row_inner][vc_column_inner width=\u00bb1\/2&#8243;][vc_single_image image=\u00bb5888&#8243; img_size=\u00bbfull\u00bb alignment=\u00bbcenter\u00bb onclick=\u00bblink_image\u00bb css=\u00bb\u00bb][vc_gallery interval=\u00bb3&#8243; images=\u00bb5496&#8243; img_size=\u00bbfull\u00bb css=\u00bb\u00bb][\/vc_column_inner][vc_column_inner width=\u00bb1\/2&#8243;][vc_empty_space][vc_custom_heading text=\u00bbNo mas pl\u00e1stico en nuestros tours\u00bb use_theme_fonts=\u00bbyes\u00bb][vc_column_text css=\u00bb\u00bb]Dolphin Tours es una empresa familiar liderada por los hermanos Badilla, l\u00edder y fundador Julio Badilla segundo hijo de la familia y \u00fanico Var\u00f3n de 7 hermanos los cuales est\u00e1n muy comprometidos con el medio [&hellip;]<\/p>\n","protected":false},"author":2,"featured_media":0,"parent":0,"menu_order":0,"comment_status":"closed","ping_status":"closed","template":"entrada_templates\/layout-visual-composer-default.php","meta":{"pgc_meta":"","footnotes":""},"class_list":["post-4145","page","type-page","status-publish","hentry"],"pgc_meta":"","yoast_head":"<!-- This site is optimized with the Yoast SEO plugin v27.4 - https:\/\/yoast.com\/product\/yoast-seo-wordpress\/ -->\n<title>Programas Ambientales y Sociales en Uvita - Dominical - Costa Rica<\/title>\n<meta name=\"robots\" content=\"index, follow, max-snippet:-1, max-image-preview:large, max-video-preview:-1\" \/>\n<link rel=\"canonical\" href=\"https:\/\/www.dolphintourcostarica.com\/es\/programa-ambiental-y-social\/\" \/>\n<meta property=\"og:locale\" content=\"es_ES\" \/>\n<meta property=\"og:type\" content=\"article\" \/>\n<meta property=\"og:title\" content=\"Programas Ambientales y Sociales en Uvita - Dominical - Costa Rica\" \/>\n<meta property=\"og:description\" content=\"[vc_row gap=\u00bb20&#8243;][vc_column][vc_row_inner][vc_column_inner width=\u00bb1\/2&#8243;][vc_single_image image=\u00bb5888&#8243; img_size=\u00bbfull\u00bb alignment=\u00bbcenter\u00bb onclick=\u00bblink_image\u00bb css=\u00bb\u00bb][vc_gallery interval=\u00bb3&#8243; images=\u00bb5496&#8243; img_size=\u00bbfull\u00bb css=\u00bb\u00bb][\/vc_column_inner][vc_column_inner width=\u00bb1\/2&#8243;][vc_empty_space][vc_custom_heading text=\u00bbNo mas pl\u00e1stico en nuestros tours\u00bb use_theme_fonts=\u00bbyes\u00bb][vc_column_text css=\u00bb\u00bb]Dolphin Tours es una empresa familiar liderada por los hermanos Badilla, l\u00edder y fundador Julio Badilla segundo hijo de la familia y \u00fanico Var\u00f3n de 7 hermanos los cuales est\u00e1n muy comprometidos con el medio [&hellip;]\" \/>\n<meta property=\"og:url\" content=\"https:\/\/www.dolphintourcostarica.com\/es\/programa-ambiental-y-social\/\" \/>\n<meta property=\"og:site_name\" content=\"Dolphin Tour\" \/>\n<meta property=\"article:modified_time\" content=\"2025-05-19T18:26:27+00:00\" \/>\n<meta name=\"twitter:card\" content=\"summary_large_image\" \/>\n<meta name=\"twitter:label1\" content=\"Tiempo de lectura\" \/>\n\t<meta name=\"twitter:data1\" content=\"8 minutos\" \/>\n<script type=\"application\/ld+json\" class=\"yoast-schema-graph\">{\"@context\":\"https:\\\/\\\/schema.org\",\"@graph\":[{\"@type\":\"WebPage\",\"@id\":\"https:\\\/\\\/www.dolphintourcostarica.com\\\/es\\\/programa-ambiental-y-social\\\/\",\"url\":\"https:\\\/\\\/www.dolphintourcostarica.com\\\/es\\\/programa-ambiental-y-social\\\/\",\"name\":\"Programas Ambientales y Sociales en Uvita - Dominical - Costa Rica\",\"isPartOf\":{\"@id\":\"https:\\\/\\\/www.dolphintourcostarica.com\\\/#website\"},\"datePublished\":\"2018-02-19T18:04:14+00:00\",\"dateModified\":\"2025-05-19T18:26:27+00:00\",\"breadcrumb\":{\"@id\":\"https:\\\/\\\/www.dolphintourcostarica.com\\\/es\\\/programa-ambiental-y-social\\\/#breadcrumb\"},\"inLanguage\":\"es\",\"potentialAction\":[{\"@type\":\"ReadAction\",\"target\":[\"https:\\\/\\\/www.dolphintourcostarica.com\\\/es\\\/programa-ambiental-y-social\\\/\"]}]},{\"@type\":\"BreadcrumbList\",\"@id\":\"https:\\\/\\\/www.dolphintourcostarica.com\\\/es\\\/programa-ambiental-y-social\\\/#breadcrumb\",\"itemListElement\":[{\"@type\":\"ListItem\",\"position\":1,\"name\":\"Inicio\",\"item\":\"https:\\\/\\\/www.dolphintourcostarica.com\\\/es\\\/\"},{\"@type\":\"ListItem\",\"position\":2,\"name\":\"Programa Ambiental y Social\"}]},{\"@type\":\"WebSite\",\"@id\":\"https:\\\/\\\/www.dolphintourcostarica.com\\\/#website\",\"url\":\"https:\\\/\\\/www.dolphintourcostarica.com\\\/\",\"name\":\"Dolphin Tour\",\"description\":\"Whale Watching, Costa Rica Tours - Dolphin Tour SA\",\"potentialAction\":[{\"@type\":\"SearchAction\",\"target\":{\"@type\":\"EntryPoint\",\"urlTemplate\":\"https:\\\/\\\/www.dolphintourcostarica.com\\\/?s={search_term_string}\"},\"query-input\":{\"@type\":\"PropertyValueSpecification\",\"valueRequired\":true,\"valueName\":\"search_term_string\"}}],\"inLanguage\":\"es\"}]}<\/script>\n<!-- \/ Yoast SEO plugin. -->","yoast_head_json":{"title":"Programas Ambientales y Sociales en Uvita - Dominical - Costa Rica","robots":{"index":"index","follow":"follow","max-snippet":"max-snippet:-1","max-image-preview":"max-image-preview:large","max-video-preview":"max-video-preview:-1"},"canonical":"https:\/\/www.dolphintourcostarica.com\/es\/programa-ambiental-y-social\/","og_locale":"es_ES","og_type":"article","og_title":"Programas Ambientales y Sociales en Uvita - Dominical - Costa Rica","og_description":"[vc_row gap=\u00bb20&#8243;][vc_column][vc_row_inner][vc_column_inner width=\u00bb1\/2&#8243;][vc_single_image image=\u00bb5888&#8243; img_size=\u00bbfull\u00bb alignment=\u00bbcenter\u00bb onclick=\u00bblink_image\u00bb css=\u00bb\u00bb][vc_gallery interval=\u00bb3&#8243; images=\u00bb5496&#8243; img_size=\u00bbfull\u00bb css=\u00bb\u00bb][\/vc_column_inner][vc_column_inner width=\u00bb1\/2&#8243;][vc_empty_space][vc_custom_heading text=\u00bbNo mas pl\u00e1stico en nuestros tours\u00bb use_theme_fonts=\u00bbyes\u00bb][vc_column_text css=\u00bb\u00bb]Dolphin Tours es una empresa familiar liderada por los hermanos Badilla, l\u00edder y fundador Julio Badilla segundo hijo de la familia y \u00fanico Var\u00f3n de 7 hermanos los cuales est\u00e1n muy comprometidos con el medio [&hellip;]","og_url":"https:\/\/www.dolphintourcostarica.com\/es\/programa-ambiental-y-social\/","og_site_name":"Dolphin Tour","article_modified_time":"2025-05-19T18:26:27+00:00","twitter_card":"summary_large_image","twitter_misc":{"Tiempo de lectura":"8 minutos"},"schema":{"@context":"https:\/\/schema.org","@graph":[{"@type":"WebPage","@id":"https:\/\/www.dolphintourcostarica.com\/es\/programa-ambiental-y-social\/","url":"https:\/\/www.dolphintourcostarica.com\/es\/programa-ambiental-y-social\/","name":"Programas Ambientales y Sociales en Uvita - Dominical - Costa Rica","isPartOf":{"@id":"https:\/\/www.dolphintourcostarica.com\/#website"},"datePublished":"2018-02-19T18:04:14+00:00","dateModified":"2025-05-19T18:26:27+00:00","breadcrumb":{"@id":"https:\/\/www.dolphintourcostarica.com\/es\/programa-ambiental-y-social\/#breadcrumb"},"inLanguage":"es","potentialAction":[{"@type":"ReadAction","target":["https:\/\/www.dolphintourcostarica.com\/es\/programa-ambiental-y-social\/"]}]},{"@type":"BreadcrumbList","@id":"https:\/\/www.dolphintourcostarica.com\/es\/programa-ambiental-y-social\/#breadcrumb","itemListElement":[{"@type":"ListItem","position":1,"name":"Inicio","item":"https:\/\/www.dolphintourcostarica.com\/es\/"},{"@type":"ListItem","position":2,"name":"Programa Ambiental y Social"}]},{"@type":"WebSite","@id":"https:\/\/www.dolphintourcostarica.com\/#website","url":"https:\/\/www.dolphintourcostarica.com\/","name":"Dolphin Tour","description":"Whale Watching, Costa Rica Tours - Dolphin Tour SA","potentialAction":[{"@type":"SearchAction","target":{"@type":"EntryPoint","urlTemplate":"https:\/\/www.dolphintourcostarica.com\/?s={search_term_string}"},"query-input":{"@type":"PropertyValueSpecification","valueRequired":true,"valueName":"search_term_string"}}],"inLanguage":"es"}]}},"_links":{"self":[{"href":"https:\/\/www.dolphintourcostarica.com\/es\/wp-json\/wp\/v2\/pages\/4145","targetHints":{"allow":["GET"]}}],"collection":[{"href":"https:\/\/www.dolphintourcostarica.com\/es\/wp-json\/wp\/v2\/pages"}],"about":[{"href":"https:\/\/www.dolphintourcostarica.com\/es\/wp-json\/wp\/v2\/types\/page"}],"author":[{"embeddable":true,"href":"https:\/\/www.dolphintourcostarica.com\/es\/wp-json\/wp\/v2\/users\/2"}],"replies":[{"embeddable":true,"href":"https:\/\/www.dolphintourcostarica.com\/es\/wp-json\/wp\/v2\/comments?post=4145"}],"version-history":[{"count":33,"href":"https:\/\/www.dolphintourcostarica.com\/es\/wp-json\/wp\/v2\/pages\/4145\/revisions"}],"predecessor-version":[{"id":6390,"href":"https:\/\/www.dolphintourcostarica.com\/es\/wp-json\/wp\/v2\/pages\/4145\/revisions\/6390"}],"wp:attachment":[{"href":"https:\/\/www.dolphintourcostarica.com\/es\/wp-json\/wp\/v2\/media?parent=4145"}],"curies":[{"name":"wp","href":"https:\/\/api.w.org\/{rel}","templated":true}]}}