{"id":5968,"date":"2024-12-30T07:48:17","date_gmt":"2024-12-30T13:48:17","guid":{"rendered":"https:\/\/www.dolphintourcostarica.com\/uvita-bahia-ballena\/"},"modified":"2025-01-06T08:06:17","modified_gmt":"2025-01-06T14:06:17","slug":"uvita-bahia-ballena","status":"publish","type":"page","link":"https:\/\/www.dolphintourcostarica.com\/es\/uvita-bahia-ballena\/","title":{"rendered":"Uvita &#8211; Bah\u00eda Ballena"},"content":{"rendered":"<div class=\"wpb-content-wrapper\"><p>[vc_row full_width=\u00bbstretch_row\u00bb gap=\u00bb20&#8243; content_placement=\u00bbmiddle\u00bb css=\u00bb.vc_custom_1735567040810{padding-top: 80px !important;padding-bottom: 50px !important;background-color: #ffffff !important;}\u00bb][vc_column][vc_row_inner content_placement=\u00bbmiddle\u00bb][vc_column_inner width=\u00bb1\/2&#8243;][vc_custom_heading text=\u00bb\u00bfQu\u00e9 hacer en Uvita?\u00bb font_container=\u00bbtag:h2|text_align:left|color:%23111111&#8243; use_theme_fonts=\u00bbyes\u00bb css=\u00bb\u00bb][vc_separator color=\u00bbcustom\u00bb align=\u00bbalign_left\u00bb accent_color=\u00bb#0079A8&#8243; border_width=\u00bb2&#8243; el_width=\u00bb50&#8243; css=\u00bb.vc_custom_1735567088856{margin-bottom: 30px !important;}\u00bb][vc_column_text css=\u00bb\u00bb]Bienvenidos a Uvita, un encantador pueblo para mochileros en el Pac\u00edfico Sur de Costa Rica, donde hay menos gente y paisajes m\u00e1s verdes.\u00a0Se ha convertido en un destino favorito de los viajeros por su avistamiento de ballenas, sus impresionantes playas con puestas de sol y su ubicaci\u00f3n cercana al Parque Nacional Corcovado, Isla del Ca\u00f1o y Parque Nacional Marino Ballenas.[\/vc_column_text][\/vc_column_inner][vc_column_inner width=\u00bb1\/2&#8243;][vc_single_image image=\u00bb5945&#8243; img_size=\u00bb600&#215;300&#8243; alignment=\u00bbcenter\u00bb onclick=\u00bblink_image\u00bb css=\u00bb\u00bb][\/vc_column_inner][\/vc_row_inner][\/vc_column][\/vc_row][vc_row full_width=\u00bbstretch_row\u00bb gap=\u00bb20&#8243; content_placement=\u00bbmiddle\u00bb css=\u00bb.vc_custom_1736172227766{padding-top: 50px !important;padding-bottom: 50px !important;background-color: #FAFAFA !important;}\u00bb][vc_column][vc_row_inner content_placement=\u00bbmiddle\u00bb][vc_column_inner width=\u00bb1\/2&#8243;][vc_single_image image=\u00bb5947&#8243; img_size=\u00bb600&#215;350&#8243; alignment=\u00bbcenter\u00bb onclick=\u00bblink_image\u00bb css=\u00bb\u00bb][\/vc_column_inner][vc_column_inner width=\u00bb1\/2&#8243;][vc_column_text css=\u00bb\u00bb]<\/p>\n<ul>\n<li>Contemplar las ballenas<\/li>\n<li>Disfrutar en las cascadas<\/li>\n<li>Visitar Isla del Ca\u00f1o<\/li>\n<li>Explorar el parque nacional Corcovado<\/li>\n<li>Perderse en Playa Arco<\/li>\n<li>Contemplar las ballenas<\/li>\n<li>Lugar de perezosos<\/li>\n<li>Observar hermosos atardeceres en playa chaman, playa Punta Uvita o la cola de la Ballena<\/li>\n<li>Tour nocturnos<\/li>\n<li>Avistamiento de Aves<\/li>\n<li>Tour de ATV<\/li>\n<li>Tour de Kayak<\/li>\n<\/ul>\n<p>[\/vc_column_text][\/vc_column_inner][\/vc_row_inner][\/vc_column][\/vc_row][vc_row full_width=\u00bbstretch_row\u00bb gap=\u00bb20&#8243; content_placement=\u00bbmiddle\u00bb css=\u00bb.vc_custom_1735567309963{background: #ffffff url(https:\/\/www.dolphintourcostarica.com\/wp-content\/uploads\/2024\/12\/heading-uvita.webp?id=5942) !important;background-position: center !important;background-repeat: no-repeat !important;background-size: cover !important;}\u00bb el_class=\u00bbcall-action-regions\u00bb][vc_column][vc_custom_heading text=\u00bbUvita, situada en la costa sur del Pac\u00edfico de Costa Rica, es famosa por su biodiversidad marina y su proximidad al Parque Nacional Marino Ballena. Este parque \u00fanico no s\u00f3lo alberga el famoso banco de arena con forma de cola de ballena, sino que tambi\u00e9n es uno de los mejores lugares para ver delfines en Costa Rica\u00bb font_container=\u00bbtag:h3|text_align:center|color:%23FFFFFF\u00bb use_theme_fonts=\u00bbyes\u00bb css=\u00bb.vc_custom_1735568188445{padding-bottom: 10px !important;}\u00bb el_class=\u00bbcall-action-heading-regions\u00bb][vc_btn title=\u00bbCont\u00e1ctenos!\u00bb style=\u00bboutline\u00bb shape=\u00bbsquare\u00bb color=\u00bbwhite\u00bb size=\u00bblg\u00bb align=\u00bbcenter\u00bb css_animation=\u00bbfadeInUp\u00bb css=\u00bb.vc_custom_1735568700209{padding-right: 20px !important;padding-left: 20px !important;}\u00bb link=\u00bburl:%2Fes%2Fcontactenos%2F\u00bb][\/vc_column][\/vc_row][vc_row][vc_column width=\u00bb1\/6&#8243;][\/vc_column][vc_column width=\u00bb2\/3&#8243;][vc_custom_heading text=\u00bbGaler\u00eda\u00bb font_container=\u00bbtag:h2|text_align:center|color:%23111111&#8243; use_theme_fonts=\u00bbyes\u00bb css=\u00bb\u00bb][vc_gallery interval=\u00bb3&#8243; images=\u00bb5949,5951,5953,5955&#8243; img_size=\u00bbfull\u00bb css=\u00bb\u00bb][\/vc_column][vc_column width=\u00bb1\/6&#8243;][\/vc_column][\/vc_row]<\/p>\n<\/div>","protected":false},"excerpt":{"rendered":"<p>[vc_row full_width=\u00bbstretch_row\u00bb gap=\u00bb20&#8243; content_placement=\u00bbmiddle\u00bb css=\u00bb.vc_custom_1735567040810{padding-top: 80px !important;padding-bottom: 50px !important;background-color: #ffffff !important;}\u00bb][vc_column][vc_row_inner content_placement=\u00bbmiddle\u00bb][vc_column_inner width=\u00bb1\/2&#8243;][vc_custom_heading text=\u00bb\u00bfQu\u00e9 hacer en Uvita?\u00bb font_container=\u00bbtag:h2|text_align:left|color:%23111111&#8243; use_theme_fonts=\u00bbyes\u00bb css=\u00bb\u00bb][vc_separator color=\u00bbcustom\u00bb align=\u00bbalign_left\u00bb accent_color=\u00bb#0079A8&#8243; border_width=\u00bb2&#8243; el_width=\u00bb50&#8243; css=\u00bb.vc_custom_1735567088856{margin-bottom: 30px !important;}\u00bb][vc_column_text css=\u00bb\u00bb]Bienvenidos a Uvita, un encantador pueblo para mochileros en el Pac\u00edfico Sur de Costa Rica, donde hay menos gente y paisajes m\u00e1s verdes.\u00a0Se ha convertido en un [&hellip;]<\/p>\n","protected":false},"author":2,"featured_media":0,"parent":0,"menu_order":0,"comment_status":"closed","ping_status":"closed","template":"entrada_templates\/layout-visual-composer-default.php","meta":{"pgc_meta":"","footnotes":""},"class_list":["post-5968","page","type-page","status-publish","hentry"],"pgc_meta":"","yoast_head":"<!-- This site is optimized with the Yoast SEO plugin v27.4 - https:\/\/yoast.com\/product\/yoast-seo-wordpress\/ -->\n<title>Tours en Uvita - Bah\u00eda Ballena Costa Rica - Dolphin Tour<\/title>\n<meta name=\"robots\" content=\"index, follow, max-snippet:-1, max-image-preview:large, max-video-preview:-1\" \/>\n<link rel=\"canonical\" href=\"https:\/\/www.dolphintourcostarica.com\/es\/uvita-bahia-ballena\/\" \/>\n<meta property=\"og:locale\" content=\"es_ES\" \/>\n<meta property=\"og:type\" content=\"article\" \/>\n<meta property=\"og:title\" content=\"Tours en Uvita - Bah\u00eda Ballena Costa Rica - Dolphin Tour\" \/>\n<meta property=\"og:description\" content=\"[vc_row full_width=\u00bbstretch_row\u00bb gap=\u00bb20&#8243; content_placement=\u00bbmiddle\u00bb css=\u00bb.vc_custom_1735567040810{padding-top: 80px !important;padding-bottom: 50px !important;background-color: #ffffff !important;}\u00bb][vc_column][vc_row_inner content_placement=\u00bbmiddle\u00bb][vc_column_inner width=\u00bb1\/2&#8243;][vc_custom_heading text=\u00bb\u00bfQu\u00e9 hacer en Uvita?\u00bb font_container=\u00bbtag:h2|text_align:left|color:%23111111&#8243; use_theme_fonts=\u00bbyes\u00bb css=\u00bb\u00bb][vc_separator color=\u00bbcustom\u00bb align=\u00bbalign_left\u00bb accent_color=\u00bb#0079A8&#8243; border_width=\u00bb2&#8243; el_width=\u00bb50&#8243; css=\u00bb.vc_custom_1735567088856{margin-bottom: 30px !important;}\u00bb][vc_column_text css=\u00bb\u00bb]Bienvenidos a Uvita, un encantador pueblo para mochileros en el Pac\u00edfico Sur de Costa Rica, donde hay menos gente y paisajes m\u00e1s verdes.\u00a0Se ha convertido en un [&hellip;]\" \/>\n<meta property=\"og:url\" content=\"https:\/\/www.dolphintourcostarica.com\/es\/uvita-bahia-ballena\/\" \/>\n<meta property=\"og:site_name\" content=\"Dolphin Tour\" \/>\n<meta property=\"article:modified_time\" content=\"2025-01-06T14:06:17+00:00\" \/>\n<meta name=\"twitter:card\" content=\"summary_large_image\" \/>\n<meta name=\"twitter:label1\" content=\"Tiempo de lectura\" \/>\n\t<meta name=\"twitter:data1\" content=\"3 minutos\" \/>\n<script type=\"application\/ld+json\" class=\"yoast-schema-graph\">{\"@context\":\"https:\\\/\\\/schema.org\",\"@graph\":[{\"@type\":\"WebPage\",\"@id\":\"https:\\\/\\\/www.dolphintourcostarica.com\\\/es\\\/uvita-bahia-ballena\\\/\",\"url\":\"https:\\\/\\\/www.dolphintourcostarica.com\\\/es\\\/uvita-bahia-ballena\\\/\",\"name\":\"Tours en Uvita - Bah\u00eda Ballena Costa Rica - Dolphin Tour\",\"isPartOf\":{\"@id\":\"https:\\\/\\\/www.dolphintourcostarica.com\\\/#website\"},\"datePublished\":\"2024-12-30T13:48:17+00:00\",\"dateModified\":\"2025-01-06T14:06:17+00:00\",\"breadcrumb\":{\"@id\":\"https:\\\/\\\/www.dolphintourcostarica.com\\\/es\\\/uvita-bahia-ballena\\\/#breadcrumb\"},\"inLanguage\":\"es\",\"potentialAction\":[{\"@type\":\"ReadAction\",\"target\":[\"https:\\\/\\\/www.dolphintourcostarica.com\\\/es\\\/uvita-bahia-ballena\\\/\"]}]},{\"@type\":\"BreadcrumbList\",\"@id\":\"https:\\\/\\\/www.dolphintourcostarica.com\\\/es\\\/uvita-bahia-ballena\\\/#breadcrumb\",\"itemListElement\":[{\"@type\":\"ListItem\",\"position\":1,\"name\":\"Inicio\",\"item\":\"https:\\\/\\\/www.dolphintourcostarica.com\\\/es\\\/\"},{\"@type\":\"ListItem\",\"position\":2,\"name\":\"Uvita &#8211; Bah\u00eda Ballena\"}]},{\"@type\":\"WebSite\",\"@id\":\"https:\\\/\\\/www.dolphintourcostarica.com\\\/#website\",\"url\":\"https:\\\/\\\/www.dolphintourcostarica.com\\\/\",\"name\":\"Dolphin Tour\",\"description\":\"Whale Watching, Costa Rica Tours - Dolphin Tour SA\",\"potentialAction\":[{\"@type\":\"SearchAction\",\"target\":{\"@type\":\"EntryPoint\",\"urlTemplate\":\"https:\\\/\\\/www.dolphintourcostarica.com\\\/?s={search_term_string}\"},\"query-input\":{\"@type\":\"PropertyValueSpecification\",\"valueRequired\":true,\"valueName\":\"search_term_string\"}}],\"inLanguage\":\"es\"}]}<\/script>\n<!-- \/ Yoast SEO plugin. -->","yoast_head_json":{"title":"Tours en Uvita - Bah\u00eda Ballena Costa Rica - Dolphin Tour","robots":{"index":"index","follow":"follow","max-snippet":"max-snippet:-1","max-image-preview":"max-image-preview:large","max-video-preview":"max-video-preview:-1"},"canonical":"https:\/\/www.dolphintourcostarica.com\/es\/uvita-bahia-ballena\/","og_locale":"es_ES","og_type":"article","og_title":"Tours en Uvita - Bah\u00eda Ballena Costa Rica - Dolphin Tour","og_description":"[vc_row full_width=\u00bbstretch_row\u00bb gap=\u00bb20&#8243; content_placement=\u00bbmiddle\u00bb css=\u00bb.vc_custom_1735567040810{padding-top: 80px !important;padding-bottom: 50px !important;background-color: #ffffff !important;}\u00bb][vc_column][vc_row_inner content_placement=\u00bbmiddle\u00bb][vc_column_inner width=\u00bb1\/2&#8243;][vc_custom_heading text=\u00bb\u00bfQu\u00e9 hacer en Uvita?\u00bb font_container=\u00bbtag:h2|text_align:left|color:%23111111&#8243; use_theme_fonts=\u00bbyes\u00bb css=\u00bb\u00bb][vc_separator color=\u00bbcustom\u00bb align=\u00bbalign_left\u00bb accent_color=\u00bb#0079A8&#8243; border_width=\u00bb2&#8243; el_width=\u00bb50&#8243; css=\u00bb.vc_custom_1735567088856{margin-bottom: 30px !important;}\u00bb][vc_column_text css=\u00bb\u00bb]Bienvenidos a Uvita, un encantador pueblo para mochileros en el Pac\u00edfico Sur de Costa Rica, donde hay menos gente y paisajes m\u00e1s verdes.\u00a0Se ha convertido en un [&hellip;]","og_url":"https:\/\/www.dolphintourcostarica.com\/es\/uvita-bahia-ballena\/","og_site_name":"Dolphin Tour","article_modified_time":"2025-01-06T14:06:17+00:00","twitter_card":"summary_large_image","twitter_misc":{"Tiempo de lectura":"3 minutos"},"schema":{"@context":"https:\/\/schema.org","@graph":[{"@type":"WebPage","@id":"https:\/\/www.dolphintourcostarica.com\/es\/uvita-bahia-ballena\/","url":"https:\/\/www.dolphintourcostarica.com\/es\/uvita-bahia-ballena\/","name":"Tours en Uvita - Bah\u00eda Ballena Costa Rica - Dolphin Tour","isPartOf":{"@id":"https:\/\/www.dolphintourcostarica.com\/#website"},"datePublished":"2024-12-30T13:48:17+00:00","dateModified":"2025-01-06T14:06:17+00:00","breadcrumb":{"@id":"https:\/\/www.dolphintourcostarica.com\/es\/uvita-bahia-ballena\/#breadcrumb"},"inLanguage":"es","potentialAction":[{"@type":"ReadAction","target":["https:\/\/www.dolphintourcostarica.com\/es\/uvita-bahia-ballena\/"]}]},{"@type":"BreadcrumbList","@id":"https:\/\/www.dolphintourcostarica.com\/es\/uvita-bahia-ballena\/#breadcrumb","itemListElement":[{"@type":"ListItem","position":1,"name":"Inicio","item":"https:\/\/www.dolphintourcostarica.com\/es\/"},{"@type":"ListItem","position":2,"name":"Uvita &#8211; Bah\u00eda Ballena"}]},{"@type":"WebSite","@id":"https:\/\/www.dolphintourcostarica.com\/#website","url":"https:\/\/www.dolphintourcostarica.com\/","name":"Dolphin Tour","description":"Whale Watching, Costa Rica Tours - Dolphin Tour SA","potentialAction":[{"@type":"SearchAction","target":{"@type":"EntryPoint","urlTemplate":"https:\/\/www.dolphintourcostarica.com\/?s={search_term_string}"},"query-input":{"@type":"PropertyValueSpecification","valueRequired":true,"valueName":"search_term_string"}}],"inLanguage":"es"}]}},"_links":{"self":[{"href":"https:\/\/www.dolphintourcostarica.com\/es\/wp-json\/wp\/v2\/pages\/5968","targetHints":{"allow":["GET"]}}],"collection":[{"href":"https:\/\/www.dolphintourcostarica.com\/es\/wp-json\/wp\/v2\/pages"}],"about":[{"href":"https:\/\/www.dolphintourcostarica.com\/es\/wp-json\/wp\/v2\/types\/page"}],"author":[{"embeddable":true,"href":"https:\/\/www.dolphintourcostarica.com\/es\/wp-json\/wp\/v2\/users\/2"}],"replies":[{"embeddable":true,"href":"https:\/\/www.dolphintourcostarica.com\/es\/wp-json\/wp\/v2\/comments?post=5968"}],"version-history":[{"count":5,"href":"https:\/\/www.dolphintourcostarica.com\/es\/wp-json\/wp\/v2\/pages\/5968\/revisions"}],"predecessor-version":[{"id":6147,"href":"https:\/\/www.dolphintourcostarica.com\/es\/wp-json\/wp\/v2\/pages\/5968\/revisions\/6147"}],"wp:attachment":[{"href":"https:\/\/www.dolphintourcostarica.com\/es\/wp-json\/wp\/v2\/media?parent=5968"}],"curies":[{"name":"wp","href":"https:\/\/api.w.org\/{rel}","templated":true}]}}