{"id":6007,"date":"2024-12-30T15:17:29","date_gmt":"2024-12-30T21:17:29","guid":{"rendered":"https:\/\/www.dolphintourcostarica.com\/boruca\/"},"modified":"2025-01-06T08:14:04","modified_gmt":"2025-01-06T14:14:04","slug":"boruca","status":"publish","type":"page","link":"https:\/\/www.dolphintourcostarica.com\/es\/boruca\/","title":{"rendered":"Boruca"},"content":{"rendered":"<div class=\"wpb-content-wrapper\"><p>[vc_row full_width=\u00bbstretch_row\u00bb gap=\u00bb20&#8243; content_placement=\u00bbmiddle\u00bb css=\u00bb.vc_custom_1735567040810{padding-top: 80px !important;padding-bottom: 50px !important;background-color: #ffffff !important;}\u00bb][vc_column][vc_row_inner content_placement=\u00bbmiddle\u00bb][vc_column_inner width=\u00bb1\/2&#8243;][vc_custom_heading text=\u00bbLa Cultura Boruca\u00bb font_container=\u00bbtag:h2|text_align:left|color:%23111111&#8243; use_theme_fonts=\u00bbyes\u00bb css=\u00bb\u00bb][vc_separator color=\u00bbcustom\u00bb align=\u00bbalign_left\u00bb accent_color=\u00bb#0079A8&#8243; border_width=\u00bb2&#8243; el_width=\u00bb50&#8243; css=\u00bb.vc_custom_1735567088856{margin-bottom: 30px !important;}\u00bb][vc_column_text css=\u00bb\u00bb]Todo el Pac\u00edfico Sur de Costa Rica fue habitado y gobernado por tribus ind\u00edgenas, en su mayor\u00eda los ind\u00edgenas Brunca, que hoy en d\u00eda habitan los pueblos de Boruca, Curr\u00e9 y T\u00e9rraba.<\/p>\n<p>La boruca son una tribu ind\u00edgena del Pac\u00edfico sur de Costa Rica, localizada entre las monta\u00f1as de Talamanca a 20 Km de la Rep\u00fablica de Panam\u00e1. Se estima que en la tribu de Boruca viven alrededor de 2.000 personas en un \u00e1rea considerada como reserva ind\u00edgena, donde alrededor de 140Km\u00b2 de tierra est\u00e1n protegidos para el beneficio y uso de los mismos. De acuerdo con las leyes de Costa Rica, las tribus en la reserva, como la boruca, tienen el derecho de auto-gobernarse.[\/vc_column_text][\/vc_column_inner][vc_column_inner width=\u00bb1\/2&#8243;][vc_single_image image=\u00bb5987&#8243; img_size=\u00bb300&#215;300&#8243; alignment=\u00bbcenter\u00bb onclick=\u00bblink_image\u00bb css=\u00bb\u00bb][\/vc_column_inner][\/vc_row_inner][\/vc_column][\/vc_row][vc_row full_width=\u00bbstretch_row\u00bb gap=\u00bb20&#8243; content_placement=\u00bbmiddle\u00bb css=\u00bb.vc_custom_1736172696441{padding-top: 50px !important;padding-bottom: 50px !important;background-color: #FAFAFA !important;}\u00bb][vc_column][vc_row_inner content_placement=\u00bbmiddle\u00bb][vc_column_inner width=\u00bb1\/2&#8243;][vc_single_image image=\u00bb5991&#8243; img_size=\u00bb600&#215;350&#8243; alignment=\u00bbcenter\u00bb onclick=\u00bblink_image\u00bb css=\u00bb\u00bb][\/vc_column_inner][vc_column_inner width=\u00bb1\/2&#8243;][vc_column_text css=\u00bb\u00bb]La boruca (tambi\u00e9n llamados brunca, brunka o borunca) son ind\u00edgenas de Costa Rica orgullosos de su cultura. Sus asombrosas m\u00e1scaras de maderas hechas a mano son tan populares que se pueden comprar imitaciones a trav\u00e9s de esta naci\u00f3n Centro-americana. Pero la cultura de la boruca es m\u00e1s que una m\u00e1scara. La cultura boruca se basa en la fe que tienen en la sabidur\u00eda de los ancianos de la aldea y las leyendas boruca que de forma oral han logrado mantenerse vivas por siglos. La identidad de los Boruca refleja un profundo respeto hacia las historias contadas, la naturaleza que los rodea y la comunidad que comparten.<\/p>\n<p>Las m\u00e1scaras son elementos importantes en la Danza de los Diablitos\u00a0anualmente celebrada en Boruca y Curr\u00e9. La danza representa, en la cultura ind\u00edgena Boruca,\u00a0la resistencia de los \u00abdiablitos\u00bb, (el pueblo de Boruca) en contra de los conquistadores espa\u00f1oles.[\/vc_column_text][\/vc_column_inner][\/vc_row_inner][\/vc_column][\/vc_row][vc_row full_width=\u00bbstretch_row\u00bb gap=\u00bb20&#8243; content_placement=\u00bbmiddle\u00bb css=\u00bb.vc_custom_1736172724289{padding-top: 50px !important;padding-bottom: 50px !important;background-color: #FFFFFF !important;}\u00bb][vc_column][vc_row_inner content_placement=\u00bbmiddle\u00bb][vc_column_inner width=\u00bb1\/2&#8243;][vc_column_text css=\u00bb\u00bb]Inspirado por el conocimiento de siglos de tradici\u00f3n, representan su expresi\u00f3n creativa inherente a trav\u00e9s de m\u00e1scaras talladas en madera de balsa, y pintadas con colores vibrantes y la tejedura de productos textiles en vivos colores. Generalmente se ti\u00f1e los hilos para el material con hojas, ra\u00edces y extractos de conchas de mar.<\/p>\n<p>La experiencia de conocer estos pueblos ind\u00edgenas resulta \u00fanica para los turistas que los visitan, observar el trabajo de los artistas que tallan las m\u00e1scaras, las mujeres que tejen, la presentaci\u00f3n en forma teatral de las tradiciones, mitolog\u00edas e historia de su cultura ind\u00edgena es algo que vale la pena conocer.[\/vc_column_text][\/vc_column_inner][vc_column_inner width=\u00bb1\/2&#8243;][vc_single_image image=\u00bb5989&#8243; img_size=\u00bb500&#215;300&#8243; alignment=\u00bbcenter\u00bb onclick=\u00bblink_image\u00bb css=\u00bb\u00bb][\/vc_column_inner][\/vc_row_inner][\/vc_column][\/vc_row][vc_row full_width=\u00bbstretch_row\u00bb gap=\u00bb20&#8243; content_placement=\u00bbmiddle\u00bb css=\u00bb.vc_custom_1735593259977{background: #ffffff url(https:\/\/www.dolphintourcostarica.com\/wp-content\/uploads\/2024\/12\/heading-boruca-2.webp?id=5993) !important;background-position: center !important;background-repeat: no-repeat !important;background-size: cover !important;}\u00bb el_class=\u00bbcall-action-regions\u00bb][vc_column][vc_custom_heading text=\u00bbSi visita el Pac\u00edfico Sur de Costa Rica, le recomendamos incluir en su programa una visita a las comunidades ind\u00edgenas, le aseguramos que saldr\u00e1 muy satisfecho\u00bb font_container=\u00bbtag:h3|text_align:center|color:%23FFFFFF\u00bb use_theme_fonts=\u00bbyes\u00bb css=\u00bb.vc_custom_1735592353412{padding-bottom: 10px !important;}\u00bb el_class=\u00bbcall-action-heading-regions\u00bb][vc_btn title=\u00bb\u00a1Cont\u00e1ctenos!\u00bb style=\u00bboutline\u00bb shape=\u00bbsquare\u00bb color=\u00bbwhite\u00bb size=\u00bblg\u00bb align=\u00bbcenter\u00bb css_animation=\u00bbfadeInUp\u00bb css=\u00bb.vc_custom_1735594166496{padding-right: 20px !important;padding-left: 20px !important;}\u00bb link=\u00bburl:%2Fes%2Fcontactenos%2F\u00bb][\/vc_column][\/vc_row][vc_row][vc_column width=\u00bb1\/6&#8243;][\/vc_column][vc_column width=\u00bb2\/3&#8243;][vc_custom_heading text=\u00bbInformaci\u00f3n tomada &#8211; Ballena Tales &amp; www.boruca.org\u00bb font_container=\u00bbtag:p|font_size:15px|text_align:center|color:%23111111&#8243; use_theme_fonts=\u00bbyes\u00bb css=\u00bb\u00bb][\/vc_column][vc_column width=\u00bb1\/6&#8243;][\/vc_column][\/vc_row]<\/p>\n<\/div>","protected":false},"excerpt":{"rendered":"<p>[vc_row full_width=\u00bbstretch_row\u00bb gap=\u00bb20&#8243; content_placement=\u00bbmiddle\u00bb css=\u00bb.vc_custom_1735567040810{padding-top: 80px !important;padding-bottom: 50px !important;background-color: #ffffff !important;}\u00bb][vc_column][vc_row_inner content_placement=\u00bbmiddle\u00bb][vc_column_inner width=\u00bb1\/2&#8243;][vc_custom_heading text=\u00bbLa Cultura Boruca\u00bb font_container=\u00bbtag:h2|text_align:left|color:%23111111&#8243; use_theme_fonts=\u00bbyes\u00bb css=\u00bb\u00bb][vc_separator color=\u00bbcustom\u00bb align=\u00bbalign_left\u00bb accent_color=\u00bb#0079A8&#8243; border_width=\u00bb2&#8243; el_width=\u00bb50&#8243; css=\u00bb.vc_custom_1735567088856{margin-bottom: 30px !important;}\u00bb][vc_column_text css=\u00bb\u00bb]Todo el Pac\u00edfico Sur de Costa Rica fue habitado y gobernado por tribus ind\u00edgenas, en su mayor\u00eda los ind\u00edgenas Brunca, que hoy en d\u00eda habitan los pueblos de [&hellip;]<\/p>\n","protected":false},"author":2,"featured_media":0,"parent":0,"menu_order":0,"comment_status":"closed","ping_status":"closed","template":"entrada_templates\/layout-visual-composer-default.php","meta":{"pgc_meta":"","footnotes":""},"class_list":["post-6007","page","type-page","status-publish","hentry"],"pgc_meta":"","yoast_head":"<!-- This site is optimized with the Yoast SEO plugin v27.4 - https:\/\/yoast.com\/product\/yoast-seo-wordpress\/ -->\n<title>Tours en Boruca Costa Rica - Dolphin Tour<\/title>\n<meta name=\"robots\" content=\"index, follow, max-snippet:-1, max-image-preview:large, max-video-preview:-1\" \/>\n<link rel=\"canonical\" href=\"https:\/\/www.dolphintourcostarica.com\/es\/boruca\/\" \/>\n<meta property=\"og:locale\" content=\"es_ES\" \/>\n<meta property=\"og:type\" content=\"article\" \/>\n<meta property=\"og:title\" content=\"Tours en Boruca Costa Rica - Dolphin Tour\" \/>\n<meta property=\"og:description\" content=\"[vc_row full_width=\u00bbstretch_row\u00bb gap=\u00bb20&#8243; content_placement=\u00bbmiddle\u00bb css=\u00bb.vc_custom_1735567040810{padding-top: 80px !important;padding-bottom: 50px !important;background-color: #ffffff !important;}\u00bb][vc_column][vc_row_inner content_placement=\u00bbmiddle\u00bb][vc_column_inner width=\u00bb1\/2&#8243;][vc_custom_heading text=\u00bbLa Cultura Boruca\u00bb font_container=\u00bbtag:h2|text_align:left|color:%23111111&#8243; use_theme_fonts=\u00bbyes\u00bb css=\u00bb\u00bb][vc_separator color=\u00bbcustom\u00bb align=\u00bbalign_left\u00bb accent_color=\u00bb#0079A8&#8243; border_width=\u00bb2&#8243; el_width=\u00bb50&#8243; css=\u00bb.vc_custom_1735567088856{margin-bottom: 30px !important;}\u00bb][vc_column_text css=\u00bb\u00bb]Todo el Pac\u00edfico Sur de Costa Rica fue habitado y gobernado por tribus ind\u00edgenas, en su mayor\u00eda los ind\u00edgenas Brunca, que hoy en d\u00eda habitan los pueblos de [&hellip;]\" \/>\n<meta property=\"og:url\" content=\"https:\/\/www.dolphintourcostarica.com\/es\/boruca\/\" \/>\n<meta property=\"og:site_name\" content=\"Dolphin Tour\" \/>\n<meta property=\"article:modified_time\" content=\"2025-01-06T14:14:04+00:00\" \/>\n<meta name=\"twitter:card\" content=\"summary_large_image\" \/>\n<meta name=\"twitter:label1\" content=\"Tiempo de lectura\" \/>\n\t<meta name=\"twitter:data1\" content=\"3 minutos\" \/>\n<script type=\"application\/ld+json\" class=\"yoast-schema-graph\">{\"@context\":\"https:\\\/\\\/schema.org\",\"@graph\":[{\"@type\":\"WebPage\",\"@id\":\"https:\\\/\\\/www.dolphintourcostarica.com\\\/es\\\/boruca\\\/\",\"url\":\"https:\\\/\\\/www.dolphintourcostarica.com\\\/es\\\/boruca\\\/\",\"name\":\"Tours en Boruca Costa Rica - Dolphin Tour\",\"isPartOf\":{\"@id\":\"https:\\\/\\\/www.dolphintourcostarica.com\\\/#website\"},\"datePublished\":\"2024-12-30T21:17:29+00:00\",\"dateModified\":\"2025-01-06T14:14:04+00:00\",\"breadcrumb\":{\"@id\":\"https:\\\/\\\/www.dolphintourcostarica.com\\\/es\\\/boruca\\\/#breadcrumb\"},\"inLanguage\":\"es\",\"potentialAction\":[{\"@type\":\"ReadAction\",\"target\":[\"https:\\\/\\\/www.dolphintourcostarica.com\\\/es\\\/boruca\\\/\"]}]},{\"@type\":\"BreadcrumbList\",\"@id\":\"https:\\\/\\\/www.dolphintourcostarica.com\\\/es\\\/boruca\\\/#breadcrumb\",\"itemListElement\":[{\"@type\":\"ListItem\",\"position\":1,\"name\":\"Inicio\",\"item\":\"https:\\\/\\\/www.dolphintourcostarica.com\\\/es\\\/\"},{\"@type\":\"ListItem\",\"position\":2,\"name\":\"Boruca\"}]},{\"@type\":\"WebSite\",\"@id\":\"https:\\\/\\\/www.dolphintourcostarica.com\\\/#website\",\"url\":\"https:\\\/\\\/www.dolphintourcostarica.com\\\/\",\"name\":\"Dolphin Tour\",\"description\":\"Whale Watching, Costa Rica Tours - Dolphin Tour SA\",\"potentialAction\":[{\"@type\":\"SearchAction\",\"target\":{\"@type\":\"EntryPoint\",\"urlTemplate\":\"https:\\\/\\\/www.dolphintourcostarica.com\\\/?s={search_term_string}\"},\"query-input\":{\"@type\":\"PropertyValueSpecification\",\"valueRequired\":true,\"valueName\":\"search_term_string\"}}],\"inLanguage\":\"es\"}]}<\/script>\n<!-- \/ Yoast SEO plugin. -->","yoast_head_json":{"title":"Tours en Boruca Costa Rica - Dolphin Tour","robots":{"index":"index","follow":"follow","max-snippet":"max-snippet:-1","max-image-preview":"max-image-preview:large","max-video-preview":"max-video-preview:-1"},"canonical":"https:\/\/www.dolphintourcostarica.com\/es\/boruca\/","og_locale":"es_ES","og_type":"article","og_title":"Tours en Boruca Costa Rica - Dolphin Tour","og_description":"[vc_row full_width=\u00bbstretch_row\u00bb gap=\u00bb20&#8243; content_placement=\u00bbmiddle\u00bb css=\u00bb.vc_custom_1735567040810{padding-top: 80px !important;padding-bottom: 50px !important;background-color: #ffffff !important;}\u00bb][vc_column][vc_row_inner content_placement=\u00bbmiddle\u00bb][vc_column_inner width=\u00bb1\/2&#8243;][vc_custom_heading text=\u00bbLa Cultura Boruca\u00bb font_container=\u00bbtag:h2|text_align:left|color:%23111111&#8243; use_theme_fonts=\u00bbyes\u00bb css=\u00bb\u00bb][vc_separator color=\u00bbcustom\u00bb align=\u00bbalign_left\u00bb accent_color=\u00bb#0079A8&#8243; border_width=\u00bb2&#8243; el_width=\u00bb50&#8243; css=\u00bb.vc_custom_1735567088856{margin-bottom: 30px !important;}\u00bb][vc_column_text css=\u00bb\u00bb]Todo el Pac\u00edfico Sur de Costa Rica fue habitado y gobernado por tribus ind\u00edgenas, en su mayor\u00eda los ind\u00edgenas Brunca, que hoy en d\u00eda habitan los pueblos de [&hellip;]","og_url":"https:\/\/www.dolphintourcostarica.com\/es\/boruca\/","og_site_name":"Dolphin Tour","article_modified_time":"2025-01-06T14:14:04+00:00","twitter_card":"summary_large_image","twitter_misc":{"Tiempo de lectura":"3 minutos"},"schema":{"@context":"https:\/\/schema.org","@graph":[{"@type":"WebPage","@id":"https:\/\/www.dolphintourcostarica.com\/es\/boruca\/","url":"https:\/\/www.dolphintourcostarica.com\/es\/boruca\/","name":"Tours en Boruca Costa Rica - Dolphin Tour","isPartOf":{"@id":"https:\/\/www.dolphintourcostarica.com\/#website"},"datePublished":"2024-12-30T21:17:29+00:00","dateModified":"2025-01-06T14:14:04+00:00","breadcrumb":{"@id":"https:\/\/www.dolphintourcostarica.com\/es\/boruca\/#breadcrumb"},"inLanguage":"es","potentialAction":[{"@type":"ReadAction","target":["https:\/\/www.dolphintourcostarica.com\/es\/boruca\/"]}]},{"@type":"BreadcrumbList","@id":"https:\/\/www.dolphintourcostarica.com\/es\/boruca\/#breadcrumb","itemListElement":[{"@type":"ListItem","position":1,"name":"Inicio","item":"https:\/\/www.dolphintourcostarica.com\/es\/"},{"@type":"ListItem","position":2,"name":"Boruca"}]},{"@type":"WebSite","@id":"https:\/\/www.dolphintourcostarica.com\/#website","url":"https:\/\/www.dolphintourcostarica.com\/","name":"Dolphin Tour","description":"Whale Watching, Costa Rica Tours - Dolphin Tour SA","potentialAction":[{"@type":"SearchAction","target":{"@type":"EntryPoint","urlTemplate":"https:\/\/www.dolphintourcostarica.com\/?s={search_term_string}"},"query-input":{"@type":"PropertyValueSpecification","valueRequired":true,"valueName":"search_term_string"}}],"inLanguage":"es"}]}},"_links":{"self":[{"href":"https:\/\/www.dolphintourcostarica.com\/es\/wp-json\/wp\/v2\/pages\/6007","targetHints":{"allow":["GET"]}}],"collection":[{"href":"https:\/\/www.dolphintourcostarica.com\/es\/wp-json\/wp\/v2\/pages"}],"about":[{"href":"https:\/\/www.dolphintourcostarica.com\/es\/wp-json\/wp\/v2\/types\/page"}],"author":[{"embeddable":true,"href":"https:\/\/www.dolphintourcostarica.com\/es\/wp-json\/wp\/v2\/users\/2"}],"replies":[{"embeddable":true,"href":"https:\/\/www.dolphintourcostarica.com\/es\/wp-json\/wp\/v2\/comments?post=6007"}],"version-history":[{"count":5,"href":"https:\/\/www.dolphintourcostarica.com\/es\/wp-json\/wp\/v2\/pages\/6007\/revisions"}],"predecessor-version":[{"id":6151,"href":"https:\/\/www.dolphintourcostarica.com\/es\/wp-json\/wp\/v2\/pages\/6007\/revisions\/6151"}],"wp:attachment":[{"href":"https:\/\/www.dolphintourcostarica.com\/es\/wp-json\/wp\/v2\/media?parent=6007"}],"curies":[{"name":"wp","href":"https:\/\/api.w.org\/{rel}","templated":true}]}}