{"id":6043,"date":"2024-12-31T11:56:46","date_gmt":"2024-12-31T17:56:46","guid":{"rendered":"https:\/\/www.dolphintourcostarica.com\/cultural-tourism-in-costa-rica\/"},"modified":"2025-01-06T08:45:58","modified_gmt":"2025-01-06T14:45:58","slug":"turismo-cultural-de-costa-rica","status":"publish","type":"page","link":"https:\/\/www.dolphintourcostarica.com\/es\/turismo-cultural-de-costa-rica\/","title":{"rendered":"Turismo Cultural de Costa Rica"},"content":{"rendered":"<div class=\"wpb-content-wrapper\"><p>[vc_row full_width=\u00bbstretch_row\u00bb gap=\u00bb20&#8243; content_placement=\u00bbmiddle\u00bb css=\u00bb.vc_custom_1736173250026{padding-top: 80px !important;padding-bottom: 50px !important;background-color: #FFFFFF !important;}\u00bb][vc_column][vc_row_inner content_placement=\u00bbmiddle\u00bb][vc_column_inner width=\u00bb1\/2&#8243;][vc_column_text css=\u00bb\u00bb]En el a\u00f1o 2013 dos j\u00f3venes emprendedores del Pacifico Sur de Costa Rica, apasionados por la cultura y las tradiciones costarricenses deciden iniciar el proyecto Turismo Cultural para complementar y diversificar las actividades ecotur\u00edsticas ofrecidas en la zona de Bah\u00eda Ballena, aprovechando la biodiversidad de la zona y la riqueza inexplorada del turismo rural comunitario y cultural, ofreciendo experiencias enfocadas en el rescate de la historia y la cultura de la zona sur. Brindando a los visitantes la oportunidad de tener un intercambio cultural directo con los miembros de la comunidad y con los proyectos ambientales, por medio de 5 socios comunitarios y alrededor de 20 familias hospederas. Nuestra misi\u00f3n es crear enlaces con socios comunitarios y peque\u00f1os productores locales, enfocados en sostenibilidad y rescate de los valores y la cultura de las comunidades vecinas y desarrollar experiencias ecotur\u00edsticas \u00fanicas para diversificar las actividades de la zona de Bah\u00eda Ballena.[\/vc_column_text][\/vc_column_inner][vc_column_inner width=\u00bb1\/2&#8243;][vc_single_image image=\u00bb6022&#8243; img_size=\u00bb600&#215;300&#8243; alignment=\u00bbcenter\u00bb onclick=\u00bblink_image\u00bb css=\u00bb\u00bb][\/vc_column_inner][\/vc_row_inner][\/vc_column][\/vc_row][vc_row full_width=\u00bbstretch_row\u00bb gap=\u00bb20&#8243; content_placement=\u00bbmiddle\u00bb css=\u00bb.vc_custom_1736172227766{padding-top: 50px !important;padding-bottom: 50px !important;background-color: #FAFAFA !important;}\u00bb][vc_column][vc_row_inner content_placement=\u00bbmiddle\u00bb][vc_column_inner width=\u00bb1\/2&#8243;][vc_single_image image=\u00bb6024&#8243; img_size=\u00bb600&#215;300&#8243; alignment=\u00bbcenter\u00bb onclick=\u00bblink_image\u00bb css=\u00bb\u00bb][\/vc_column_inner][vc_column_inner width=\u00bb1\/2&#8243;][vc_custom_heading text=\u00bbCausas que apoyan\u00bb font_container=\u00bbtag:h2|text_align:left|color:%23111111&#8243; use_theme_fonts=\u00bbyes\u00bb css=\u00bb\u00bb][vc_separator color=\u00bbcustom\u00bb align=\u00bbalign_left\u00bb accent_color=\u00bb#0079A8&#8243; border_width=\u00bb2&#8243; el_width=\u00bb50&#8243; css=\u00bb.vc_custom_1735567088856{margin-bottom: 30px !important;}\u00bb][vc_column_text css=\u00bb\u00bb]<\/p>\n<ul>\n<li><strong>Conservaci\u00f3n de la cultura local<\/strong><\/li>\n<li><strong>Protecci\u00f3n de los oc\u00e9anos<\/strong><\/li>\n<li><strong>Educaci\u00f3n ambiental<\/strong><\/li>\n<li><strong>Protecci\u00f3n de la vida silvestre<\/strong><\/li>\n<li><strong>Desarrollo de ideas emprendedoras<\/strong><\/li>\n<li><strong>Empoderamiento de la juventud<\/strong><\/li>\n<\/ul>\n<p>[\/vc_column_text][\/vc_column_inner][\/vc_row_inner][\/vc_column][\/vc_row][vc_row full_width=\u00bbstretch_row\u00bb gap=\u00bb20&#8243; content_placement=\u00bbmiddle\u00bb css=\u00bb.vc_custom_1736172999196{padding-top: 50px !important;padding-bottom: 50px !important;background-color: #FFFFFF !important;}\u00bb][vc_column][vc_row_inner content_placement=\u00bbmiddle\u00bb][vc_column_inner width=\u00bb1\/2&#8243;][vc_custom_heading text=\u00bbSocios Comunitarios\u00bb font_container=\u00bbtag:h2|text_align:left|color:%23111111&#8243; use_theme_fonts=\u00bbyes\u00bb css=\u00bb\u00bb][vc_separator color=\u00bbcustom\u00bb align=\u00bbalign_left\u00bb accent_color=\u00bb#0079A8&#8243; border_width=\u00bb2&#8243; el_width=\u00bb50&#8243; css=\u00bb.vc_custom_1735567088856{margin-bottom: 30px !important;}\u00bb][vc_column_text css=\u00bb\u00bb]<\/p>\n<h3>Don Guelo y Do\u00f1a Yety<\/h3>\n<p>\u201cDon Guelo y Do\u00f1a Yety\u201d sus nombres de cari\u00f1o de Miguel y Lidi\u00e9, llegaron a la zona de Bah\u00eda Ballena cuando no exist\u00edan caminos, electricidad ni agua potable. Don Miguel mantiene el sistema de agricultura tradicional de anta\u00f1o y do\u00f1a Lidieth aprovecha todos los productos frescos de la finca para preparar de la manera m\u00e1s saludable y fresca los mejores platillos y recetas caseras. Un 80% de su finca ha sido reforestada y como parte de su colaboraci\u00f3n comunal el vivero del proyecto de reforestaci\u00f3n Semilla de Ballena, de la organizaci\u00f3n Geoporter se encuentra en su propiedad. Adem\u00e1s del tour disfrutar con ellos un cafecito y escuchar la historia, sus retos y aventuras son una experiencia invaluable.[\/vc_column_text][\/vc_column_inner][vc_column_inner width=\u00bb1\/2&#8243;][vc_single_image image=\u00bb6038&#8243; img_size=\u00bbfull\u00bb alignment=\u00bbcenter\u00bb onclick=\u00bblink_image\u00bb css=\u00bb\u00bb][\/vc_column_inner][\/vc_row_inner][\/vc_column][\/vc_row][vc_row full_width=\u00bbstretch_row\u00bb gap=\u00bb20&#8243; content_placement=\u00bbmiddle\u00bb css=\u00bb.vc_custom_1736172227766{padding-top: 50px !important;padding-bottom: 50px !important;background-color: #FAFAFA !important;}\u00bb][vc_column][vc_row_inner content_placement=\u00bbmiddle\u00bb][vc_column_inner width=\u00bb1\/2&#8243;][vc_single_image image=\u00bb6032&#8243; img_size=\u00bbfull\u00bb alignment=\u00bbcenter\u00bb onclick=\u00bblink_image\u00bb css=\u00bb\u00bb][\/vc_column_inner][vc_column_inner width=\u00bb1\/2&#8243;][vc_column_text css=\u00bb\u00bb]<\/p>\n<h3>Don Ademar y Do\u00f1a Mauren<\/h3>\n<p>Siempre emprendedores e innovadores, junto con sus hijos son ejemplo de la uni\u00f3n familiar caracter\u00edstica de los costarricenses. Su preocupaci\u00f3n por mantenerse con salud y buena calidad de vida los llev\u00f3 a iniciar un proyecto de producci\u00f3n org\u00e1nica desde hace 23 a\u00f1os. Al inicio era un proyecto familiar y al pasar de los a\u00f1os lo convirtieron en su negocio sostenible. Actualmente tienen la \u00fanica tienda de productos 100% org\u00e1nicos en la comunidad. Don Ademar y Do\u00f1a Mauren tienen 10 a\u00f1os de vivir en Uvita y como parte de sus tradiciones familiares han decidido instalar un trapiche en su propiedad que ahora forma parte de los atractivos del tour. Ambos son miembros activos de ASOTURISTICA, una asociaci\u00f3n que busca apoyar y diversificar las actividades tur\u00edsticas en la zona.[\/vc_column_text][\/vc_column_inner][\/vc_row_inner][\/vc_column][\/vc_row][vc_row full_width=\u00bbstretch_row\u00bb gap=\u00bb20&#8243; content_placement=\u00bbmiddle\u00bb css=\u00bb.vc_custom_1736172999196{padding-top: 50px !important;padding-bottom: 50px !important;background-color: #FFFFFF !important;}\u00bb][vc_column][vc_row_inner content_placement=\u00bbmiddle\u00bb][vc_column_inner width=\u00bb1\/2&#8243;][vc_column_text css=\u00bb\u00bb]<\/p>\n<h3>David Santill\u00e1n<\/h3>\n<p>David trabaj\u00f3 como t\u00e9cnico dental en la capital de Costa Rica y al llegar a Uvita se enamor\u00f3 de las olas y la pura vida de la costa. De esta manera aprendi\u00f3 de los locales a aprovechar los diferentes recursos de la naturaleza y la playa. As\u00ed fue como se volvi\u00f3 un experto en el uso del coco. Parte de su proyecto es mantener una reforestaci\u00f3n activa en la zona para prevenir la erosi\u00f3n. David adem\u00e1s es socio fundador de la asociaci\u00f3n ASOCOCO, quienes tienen convenios con el Parque Nacional Marino Ballena para el aprovechamiento de los cocos de la playa.[\/vc_column_text][\/vc_column_inner][vc_column_inner width=\u00bb1\/2&#8243;][vc_single_image image=\u00bb6040&#8243; img_size=\u00bbfull\u00bb alignment=\u00bbcenter\u00bb onclick=\u00bblink_image\u00bb css=\u00bb\u00bb][\/vc_column_inner][\/vc_row_inner][\/vc_column][\/vc_row][vc_row full_width=\u00bbstretch_row\u00bb gap=\u00bb20&#8243; content_placement=\u00bbmiddle\u00bb css=\u00bb.vc_custom_1736172227766{padding-top: 50px !important;padding-bottom: 50px !important;background-color: #FAFAFA !important;}\u00bb][vc_column][vc_row_inner content_placement=\u00bbmiddle\u00bb][vc_column_inner width=\u00bb1\/2&#8243;][vc_single_image image=\u00bb6036&#8243; img_size=\u00bb600&#215;300&#8243; alignment=\u00bbcenter\u00bb onclick=\u00bblink_image\u00bb css=\u00bb\u00bb][\/vc_column_inner][vc_column_inner width=\u00bb1\/2&#8243;][vc_column_text css=\u00bb\u00bb]<\/p>\n<h4>Don Gallo y Do\u00f1a Haydee<\/h4>\n<p>Agricultores y campesinos de nacimiento, Antonio (Gallo) y do\u00f1a Hayde\u00e9 han mantenido una vida tranquila en las tierras de San Isidro del General.<\/p>\n<p>Productores de caf\u00e9 a peque\u00f1a escala y otros productos org\u00e1nicos como el cacao y banano. Antonio es amante de la m\u00fasica ranchera, el baile popular y los caballos. Do\u00f1a Hayde\u00e9 le encanta coleccionar plantas, y conversar compartiendo uno de sus deliciosos platillos. Ambos han ense\u00f1ado a su familia de 7 hijos el respeto por la tierra y la naturaleza.[\/vc_column_text][\/vc_column_inner][\/vc_row_inner][\/vc_column][\/vc_row][vc_row full_width=\u00bbstretch_row\u00bb gap=\u00bb20&#8243; content_placement=\u00bbmiddle\u00bb css=\u00bb.vc_custom_1735668450346{background: #ffffff url(https:\/\/www.dolphintourcostarica.com\/wp-content\/uploads\/2024\/12\/turismo-rural-de-costa-rica.webp?id=6019) !important;background-position: center !important;background-repeat: no-repeat !important;background-size: cover !important;}\u00bb el_class=\u00bbcall-action-regions\u00bb][vc_column][vc_custom_heading text=\u00bbVive la aut\u00e9ntica cultura de Costa Rica. Con\u00e9ctate con comunidades locales, disfruta de tradiciones \u00fanicas y apoya la sostenibilidad. Reserva tu experiencia ahora y s\u00e9 parte de algo inolvidable.\u00bb font_container=\u00bbtag:h3|text_align:center|color:%23FFFFFF\u00bb use_theme_fonts=\u00bbyes\u00bb css=\u00bb.vc_custom_1735668871105{padding-bottom: 10px !important;}\u00bb el_class=\u00bbcall-action-heading-regions\u00bb][vc_btn title=\u00bb\u00a1Cont\u00e1ctenos!\u00bb style=\u00bboutline\u00bb shape=\u00bbsquare\u00bb color=\u00bbwhite\u00bb size=\u00bblg\u00bb align=\u00bbcenter\u00bb css_animation=\u00bbfadeInUp\u00bb css=\u00bb.vc_custom_1735669025997{padding-right: 20px !important;padding-left: 20px !important;}\u00bb link=\u00bburl:%2Fes%2Fcontactenos%2F\u00bb][\/vc_column][\/vc_row][vc_row][vc_column width=\u00bb1\/6&#8243;][\/vc_column][vc_column width=\u00bb2\/3&#8243;][vc_custom_heading text=\u00bbInformaci\u00f3n obtenida de &#8211; https:\/\/turismoculturalcostarica.com\/\u00bb font_container=\u00bbtag:p|font_size:15px|text_align:center|color:%23111111&#8243; use_theme_fonts=\u00bbyes\u00bb css=\u00bb\u00bb link=\u00bburl:https%3A%2F%2Fturismoculturalcostarica.com%2F\u00bb][\/vc_column][vc_column width=\u00bb1\/6&#8243;][\/vc_column][\/vc_row]<\/p>\n<\/div>","protected":false},"excerpt":{"rendered":"<p>[vc_row full_width=\u00bbstretch_row\u00bb gap=\u00bb20&#8243; content_placement=\u00bbmiddle\u00bb css=\u00bb.vc_custom_1736173250026{padding-top: 80px !important;padding-bottom: 50px !important;background-color: #FFFFFF !important;}\u00bb][vc_column][vc_row_inner content_placement=\u00bbmiddle\u00bb][vc_column_inner width=\u00bb1\/2&#8243;][vc_column_text css=\u00bb\u00bb]En el a\u00f1o 2013 dos j\u00f3venes emprendedores del Pacifico Sur de Costa Rica, apasionados por la cultura y las tradiciones costarricenses deciden iniciar el proyecto Turismo Cultural para complementar y diversificar las actividades ecotur\u00edsticas ofrecidas en la zona de Bah\u00eda Ballena, aprovechando [&hellip;]<\/p>\n","protected":false},"author":2,"featured_media":0,"parent":0,"menu_order":0,"comment_status":"closed","ping_status":"closed","template":"entrada_templates\/layout-visual-composer-default.php","meta":{"pgc_meta":"","footnotes":""},"class_list":["post-6043","page","type-page","status-publish","hentry"],"pgc_meta":"","yoast_head":"<!-- This site is optimized with the Yoast SEO plugin v27.4 - https:\/\/yoast.com\/product\/yoast-seo-wordpress\/ -->\n<title>Cultural Tourism in Costa Rica - Dolphin Tour<\/title>\n<meta name=\"robots\" content=\"index, follow, max-snippet:-1, max-image-preview:large, max-video-preview:-1\" \/>\n<link rel=\"canonical\" href=\"https:\/\/www.dolphintourcostarica.com\/es\/turismo-cultural-de-costa-rica\/\" \/>\n<meta property=\"og:locale\" content=\"es_ES\" \/>\n<meta property=\"og:type\" content=\"article\" \/>\n<meta property=\"og:title\" content=\"Cultural Tourism in Costa Rica - Dolphin Tour\" \/>\n<meta property=\"og:description\" content=\"[vc_row full_width=\u00bbstretch_row\u00bb gap=\u00bb20&#8243; content_placement=\u00bbmiddle\u00bb css=\u00bb.vc_custom_1736173250026{padding-top: 80px !important;padding-bottom: 50px !important;background-color: #FFFFFF !important;}\u00bb][vc_column][vc_row_inner content_placement=\u00bbmiddle\u00bb][vc_column_inner width=\u00bb1\/2&#8243;][vc_column_text css=\u00bb\u00bb]En el a\u00f1o 2013 dos j\u00f3venes emprendedores del Pacifico Sur de Costa Rica, apasionados por la cultura y las tradiciones costarricenses deciden iniciar el proyecto Turismo Cultural para complementar y diversificar las actividades ecotur\u00edsticas ofrecidas en la zona de Bah\u00eda Ballena, aprovechando [&hellip;]\" \/>\n<meta property=\"og:url\" content=\"https:\/\/www.dolphintourcostarica.com\/es\/turismo-cultural-de-costa-rica\/\" \/>\n<meta property=\"og:site_name\" content=\"Dolphin Tour\" \/>\n<meta property=\"article:modified_time\" content=\"2025-01-06T14:45:58+00:00\" \/>\n<meta name=\"twitter:card\" content=\"summary_large_image\" \/>\n<meta name=\"twitter:label1\" content=\"Tiempo de lectura\" \/>\n\t<meta name=\"twitter:data1\" content=\"5 minutos\" \/>\n<script type=\"application\/ld+json\" class=\"yoast-schema-graph\">{\"@context\":\"https:\\\/\\\/schema.org\",\"@graph\":[{\"@type\":\"WebPage\",\"@id\":\"https:\\\/\\\/www.dolphintourcostarica.com\\\/es\\\/turismo-cultural-de-costa-rica\\\/\",\"url\":\"https:\\\/\\\/www.dolphintourcostarica.com\\\/es\\\/turismo-cultural-de-costa-rica\\\/\",\"name\":\"Cultural Tourism in Costa Rica - Dolphin Tour\",\"isPartOf\":{\"@id\":\"https:\\\/\\\/www.dolphintourcostarica.com\\\/#website\"},\"datePublished\":\"2024-12-31T17:56:46+00:00\",\"dateModified\":\"2025-01-06T14:45:58+00:00\",\"breadcrumb\":{\"@id\":\"https:\\\/\\\/www.dolphintourcostarica.com\\\/es\\\/turismo-cultural-de-costa-rica\\\/#breadcrumb\"},\"inLanguage\":\"es\",\"potentialAction\":[{\"@type\":\"ReadAction\",\"target\":[\"https:\\\/\\\/www.dolphintourcostarica.com\\\/es\\\/turismo-cultural-de-costa-rica\\\/\"]}]},{\"@type\":\"BreadcrumbList\",\"@id\":\"https:\\\/\\\/www.dolphintourcostarica.com\\\/es\\\/turismo-cultural-de-costa-rica\\\/#breadcrumb\",\"itemListElement\":[{\"@type\":\"ListItem\",\"position\":1,\"name\":\"Inicio\",\"item\":\"https:\\\/\\\/www.dolphintourcostarica.com\\\/es\\\/\"},{\"@type\":\"ListItem\",\"position\":2,\"name\":\"Turismo Cultural de Costa Rica\"}]},{\"@type\":\"WebSite\",\"@id\":\"https:\\\/\\\/www.dolphintourcostarica.com\\\/#website\",\"url\":\"https:\\\/\\\/www.dolphintourcostarica.com\\\/\",\"name\":\"Dolphin Tour\",\"description\":\"Whale Watching, Costa Rica Tours - Dolphin Tour SA\",\"potentialAction\":[{\"@type\":\"SearchAction\",\"target\":{\"@type\":\"EntryPoint\",\"urlTemplate\":\"https:\\\/\\\/www.dolphintourcostarica.com\\\/?s={search_term_string}\"},\"query-input\":{\"@type\":\"PropertyValueSpecification\",\"valueRequired\":true,\"valueName\":\"search_term_string\"}}],\"inLanguage\":\"es\"}]}<\/script>\n<!-- \/ Yoast SEO plugin. -->","yoast_head_json":{"title":"Cultural Tourism in Costa Rica - Dolphin Tour","robots":{"index":"index","follow":"follow","max-snippet":"max-snippet:-1","max-image-preview":"max-image-preview:large","max-video-preview":"max-video-preview:-1"},"canonical":"https:\/\/www.dolphintourcostarica.com\/es\/turismo-cultural-de-costa-rica\/","og_locale":"es_ES","og_type":"article","og_title":"Cultural Tourism in Costa Rica - Dolphin Tour","og_description":"[vc_row full_width=\u00bbstretch_row\u00bb gap=\u00bb20&#8243; content_placement=\u00bbmiddle\u00bb css=\u00bb.vc_custom_1736173250026{padding-top: 80px !important;padding-bottom: 50px !important;background-color: #FFFFFF !important;}\u00bb][vc_column][vc_row_inner content_placement=\u00bbmiddle\u00bb][vc_column_inner width=\u00bb1\/2&#8243;][vc_column_text css=\u00bb\u00bb]En el a\u00f1o 2013 dos j\u00f3venes emprendedores del Pacifico Sur de Costa Rica, apasionados por la cultura y las tradiciones costarricenses deciden iniciar el proyecto Turismo Cultural para complementar y diversificar las actividades ecotur\u00edsticas ofrecidas en la zona de Bah\u00eda Ballena, aprovechando [&hellip;]","og_url":"https:\/\/www.dolphintourcostarica.com\/es\/turismo-cultural-de-costa-rica\/","og_site_name":"Dolphin Tour","article_modified_time":"2025-01-06T14:45:58+00:00","twitter_card":"summary_large_image","twitter_misc":{"Tiempo de lectura":"5 minutos"},"schema":{"@context":"https:\/\/schema.org","@graph":[{"@type":"WebPage","@id":"https:\/\/www.dolphintourcostarica.com\/es\/turismo-cultural-de-costa-rica\/","url":"https:\/\/www.dolphintourcostarica.com\/es\/turismo-cultural-de-costa-rica\/","name":"Cultural Tourism in Costa Rica - Dolphin Tour","isPartOf":{"@id":"https:\/\/www.dolphintourcostarica.com\/#website"},"datePublished":"2024-12-31T17:56:46+00:00","dateModified":"2025-01-06T14:45:58+00:00","breadcrumb":{"@id":"https:\/\/www.dolphintourcostarica.com\/es\/turismo-cultural-de-costa-rica\/#breadcrumb"},"inLanguage":"es","potentialAction":[{"@type":"ReadAction","target":["https:\/\/www.dolphintourcostarica.com\/es\/turismo-cultural-de-costa-rica\/"]}]},{"@type":"BreadcrumbList","@id":"https:\/\/www.dolphintourcostarica.com\/es\/turismo-cultural-de-costa-rica\/#breadcrumb","itemListElement":[{"@type":"ListItem","position":1,"name":"Inicio","item":"https:\/\/www.dolphintourcostarica.com\/es\/"},{"@type":"ListItem","position":2,"name":"Turismo Cultural de Costa Rica"}]},{"@type":"WebSite","@id":"https:\/\/www.dolphintourcostarica.com\/#website","url":"https:\/\/www.dolphintourcostarica.com\/","name":"Dolphin Tour","description":"Whale Watching, Costa Rica Tours - Dolphin Tour SA","potentialAction":[{"@type":"SearchAction","target":{"@type":"EntryPoint","urlTemplate":"https:\/\/www.dolphintourcostarica.com\/?s={search_term_string}"},"query-input":{"@type":"PropertyValueSpecification","valueRequired":true,"valueName":"search_term_string"}}],"inLanguage":"es"}]}},"_links":{"self":[{"href":"https:\/\/www.dolphintourcostarica.com\/es\/wp-json\/wp\/v2\/pages\/6043","targetHints":{"allow":["GET"]}}],"collection":[{"href":"https:\/\/www.dolphintourcostarica.com\/es\/wp-json\/wp\/v2\/pages"}],"about":[{"href":"https:\/\/www.dolphintourcostarica.com\/es\/wp-json\/wp\/v2\/types\/page"}],"author":[{"embeddable":true,"href":"https:\/\/www.dolphintourcostarica.com\/es\/wp-json\/wp\/v2\/users\/2"}],"replies":[{"embeddable":true,"href":"https:\/\/www.dolphintourcostarica.com\/es\/wp-json\/wp\/v2\/comments?post=6043"}],"version-history":[{"count":7,"href":"https:\/\/www.dolphintourcostarica.com\/es\/wp-json\/wp\/v2\/pages\/6043\/revisions"}],"predecessor-version":[{"id":6165,"href":"https:\/\/www.dolphintourcostarica.com\/es\/wp-json\/wp\/v2\/pages\/6043\/revisions\/6165"}],"wp:attachment":[{"href":"https:\/\/www.dolphintourcostarica.com\/es\/wp-json\/wp\/v2\/media?parent=6043"}],"curies":[{"name":"wp","href":"https:\/\/api.w.org\/{rel}","templated":true}]}}