{"id":6154,"date":"2025-01-06T07:42:21","date_gmt":"2025-01-06T13:42:21","guid":{"rendered":"https:\/\/www.dolphintourcostarica.com\/archaeological-tour\/"},"modified":"2025-01-06T08:31:28","modified_gmt":"2025-01-06T14:31:28","slug":"tour-arqueologico","status":"publish","type":"page","link":"https:\/\/www.dolphintourcostarica.com\/es\/tour-arqueologico\/","title":{"rendered":"Tour Arqueol\u00f3gico"},"content":{"rendered":"<div class=\"wpb-content-wrapper\"><p>[vc_row full_width=\u00bbstretch_row\u00bb gap=\u00bb20&#8243; content_placement=\u00bbmiddle\u00bb css=\u00bb.vc_custom_1736172476375{padding-top: 80px !important;padding-bottom: 50px !important;background-color: #FFFFFF !important;}\u00bb][vc_column][vc_row_inner content_placement=\u00bbmiddle\u00bb][vc_column_inner width=\u00bb1\/2&#8243;][vc_custom_heading text=\u00bbEl sitio arqueol\u00f3gico Finca 6&#8243; font_container=\u00bbtag:h2|text_align:left|color:%23111111&#8243; use_theme_fonts=\u00bbyes\u00bb css=\u00bb\u00bb][vc_separator color=\u00bbcustom\u00bb align=\u00bbalign_left\u00bb accent_color=\u00bb#0079A8&#8243; border_width=\u00bb2&#8243; el_width=\u00bb50&#8243; css=\u00bb.vc_custom_1735567088856{margin-bottom: 30px !important;}\u00bb][vc_column_text css=\u00bb\u00bb]<strong>Finca 6\u00a0es el segundo sitio arqueol\u00f3gico abierto al p\u00fablico en Costa Rica, junto con Guayabo. Es uno de los pocos casos conservados de construcciones residenciales con esferas de piedra asociadas. Algunas de las esferas\u00a0se encuentran in situ, es decir, que nunca han sido removidas desde su hallazgo.<\/strong><\/p>\n<p>Se localiza en la comunidad de Finca 6-11, en Palmar Sur de Osa, Puntarenas, en el delta del Diqu\u00eds. Las tierras se extienden sobre una extensa llanura conformada por la confluencia de los r\u00edos Sierpe y Grande de T\u00e9rraba.[\/vc_column_text][\/vc_column_inner][vc_column_inner width=\u00bb1\/2&#8243;][vc_single_image image=\u00bb6124&#8243; img_size=\u00bb500&#215;280&#8243; alignment=\u00bbcenter\u00bb onclick=\u00bblink_image\u00bb css=\u00bb\u00bb][\/vc_column_inner][\/vc_row_inner][\/vc_column][\/vc_row][vc_row full_width=\u00bbstretch_row\u00bb gap=\u00bb20&#8243; content_placement=\u00bbmiddle\u00bb css=\u00bb.vc_custom_1736172515941{padding-top: 50px !important;padding-bottom: 50px !important;background-color: #FAFAFA !important;}\u00bb][vc_column][vc_row_inner content_placement=\u00bbmiddle\u00bb][vc_column_inner width=\u00bb1\/2&#8243;][vc_single_image image=\u00bb6122&#8243; img_size=\u00bb600&#215;250&#8243; alignment=\u00bbcenter\u00bb onclick=\u00bblink_image\u00bb css=\u00bb\u00bb][\/vc_column_inner][vc_column_inner width=\u00bb1\/2&#8243;][vc_column_text css=\u00bb\u00bb]El sitio arqueol\u00f3gico Finca 6 se localiza en la planicie aluvial cercana al Estero Azul, dentro de una finca con vocaci\u00f3n agr\u00edcola de 20 hect\u00e1reas, de las cuales 10 se destinaron para la conservaci\u00f3n de los rasgos arquitect\u00f3nicos m\u00e1s importantes.<\/p>\n<p>La zona se caracteriza por presentar una alta sedimentaci\u00f3n, producto de la injerencia de la zona costera y del manglar, que inciden en los dep\u00f3sitos sedimentarios. La mayor\u00eda de las estructuras se ubican bajo una capa de 1,50 m de sedimentos, que ha permitido a los rasgos culturales y arquitect\u00f3nicos conservarse en muy buen estado.[\/vc_column_text][\/vc_column_inner][\/vc_row_inner][\/vc_column][\/vc_row][vc_row full_width=\u00bbstretch_row\u00bb gap=\u00bb20&#8243; content_placement=\u00bbmiddle\u00bb css=\u00bb.vc_custom_1736172545898{padding-top: 50px !important;padding-bottom: 50px !important;background-color: #FFFFFF !important;}\u00bb][vc_column][vc_row_inner content_placement=\u00bbmiddle\u00bb][vc_column_inner width=\u00bb1\/2&#8243;][vc_column_text css=\u00bb\u00bb]<\/p>\n<h3>En el sitio se distinguen cinco sectores:<\/h3>\n<ol>\n<li>Alineamientos: 5 esferas in situ en dos alineamientos.<\/li>\n<li>Mont\u00edculos: 2 estructuras base para viviendas precolombinas.<\/li>\n<li>Punto 5: m\u00faltiples fragmentos de esculturas y cer\u00e1mica y\u00a0cantos rodados de piedra se observan expuestos sobre la superficie.<\/li>\n<li>Esferas recuperadas: m\u00e1s de 20 esferas recuperadas por el Museo Nacional de Costa Rica mediante procesos judiciales, decomisos y devoluciones.<\/li>\n<li>Rasgos funerarios: una fosa mortuoria rectangular (no est\u00e1 habilitado al p\u00fablico).<\/li>\n<\/ol>\n<p>[\/vc_column_text][\/vc_column_inner][vc_column_inner width=\u00bb1\/2&#8243;][vc_single_image image=\u00bb6120&#8243; img_size=\u00bb600&#215;250&#8243; alignment=\u00bbcenter\u00bb onclick=\u00bblink_image\u00bb css=\u00bb\u00bb][\/vc_column_inner][\/vc_row_inner][\/vc_column][\/vc_row][vc_row full_width=\u00bbstretch_row\u00bb gap=\u00bb20&#8243; content_placement=\u00bbmiddle\u00bb css=\u00bb.vc_custom_1736170935744{background: #ffffff url(https:\/\/www.dolphintourcostarica.com\/wp-content\/uploads\/2025\/01\/sitio-arqueologico-Finca-6-head.webp?id=6117) !important;background-position: center !important;background-repeat: no-repeat !important;background-size: cover !important;}\u00bb el_class=\u00bbcall-action-regions\u00bb][vc_column][vc_custom_heading text=\u00bbDescubra el legado de las esferas de piedra precolombinas en Finca 6: un viaje \u00fanico a la historia en el Delta del Diqu\u00eds. \u00a1Vis\u00edtenos y experimente este tesoro cultural sin igual!\u00bb font_container=\u00bbtag:h3|text_align:center|color:%23FFFFFF\u00bb use_theme_fonts=\u00bbyes\u00bb css=\u00bb.vc_custom_1736173694049{padding-bottom: 10px !important;}\u00bb el_class=\u00bbcall-action-heading-regions\u00bb][vc_btn title=\u00bb\u00a1Cont\u00e1ctenos!\u00bb style=\u00bboutline\u00bb shape=\u00bbsquare\u00bb color=\u00bbwhite\u00bb size=\u00bblg\u00bb align=\u00bbcenter\u00bb css_animation=\u00bbfadeInUp\u00bb css=\u00bb.vc_custom_1736173891694{padding-right: 20px !important;padding-left: 20px !important;}\u00bb link=\u00bburl:%2Fes%2Fcontactenos%2F\u00bb][\/vc_column][\/vc_row][vc_row][vc_column width=\u00bb1\/6&#8243;][\/vc_column][vc_column width=\u00bb2\/3&#8243;][vc_custom_heading text=\u00bbInformaci\u00f3n tomada de &#8211; https:\/\/www.museocostarica.go.cr\/\u00bb font_container=\u00bbtag:p|font_size:15px|text_align:center|color:%23111111&#8243; use_theme_fonts=\u00bbyes\u00bb css=\u00bb\u00bb link=\u00bburl:https%3A%2F%2Fwww.museocostarica.go.cr%2F\u00bb][\/vc_column][vc_column width=\u00bb1\/6&#8243;][\/vc_column][\/vc_row]<\/p>\n<\/div>","protected":false},"excerpt":{"rendered":"<p>[vc_row full_width=\u00bbstretch_row\u00bb gap=\u00bb20&#8243; content_placement=\u00bbmiddle\u00bb css=\u00bb.vc_custom_1736172476375{padding-top: 80px !important;padding-bottom: 50px !important;background-color: #FFFFFF !important;}\u00bb][vc_column][vc_row_inner content_placement=\u00bbmiddle\u00bb][vc_column_inner width=\u00bb1\/2&#8243;][vc_custom_heading text=\u00bbEl sitio arqueol\u00f3gico Finca 6&#8243; font_container=\u00bbtag:h2|text_align:left|color:%23111111&#8243; use_theme_fonts=\u00bbyes\u00bb css=\u00bb\u00bb][vc_separator color=\u00bbcustom\u00bb align=\u00bbalign_left\u00bb accent_color=\u00bb#0079A8&#8243; border_width=\u00bb2&#8243; el_width=\u00bb50&#8243; css=\u00bb.vc_custom_1735567088856{margin-bottom: 30px !important;}\u00bb][vc_column_text css=\u00bb\u00bb]Finca 6\u00a0es el segundo sitio arqueol\u00f3gico abierto al p\u00fablico en Costa Rica, junto con Guayabo. Es uno de los pocos casos conservados de construcciones residenciales con [&hellip;]<\/p>\n","protected":false},"author":2,"featured_media":0,"parent":0,"menu_order":0,"comment_status":"closed","ping_status":"closed","template":"entrada_templates\/layout-visual-composer-default.php","meta":{"pgc_meta":"","footnotes":""},"class_list":["post-6154","page","type-page","status-publish","hentry"],"pgc_meta":"","yoast_head":"<!-- This site is optimized with the Yoast SEO plugin v27.4 - https:\/\/yoast.com\/product\/yoast-seo-wordpress\/ -->\n<title>Tour Arqueol\u00f3gico en Costa Rica - Dolphin Tour<\/title>\n<meta name=\"robots\" content=\"index, follow, max-snippet:-1, max-image-preview:large, max-video-preview:-1\" \/>\n<link rel=\"canonical\" href=\"https:\/\/www.dolphintourcostarica.com\/es\/tour-arqueologico\/\" \/>\n<meta property=\"og:locale\" content=\"es_ES\" \/>\n<meta property=\"og:type\" content=\"article\" \/>\n<meta property=\"og:title\" content=\"Tour Arqueol\u00f3gico en Costa Rica - Dolphin Tour\" \/>\n<meta property=\"og:description\" content=\"[vc_row full_width=\u00bbstretch_row\u00bb gap=\u00bb20&#8243; content_placement=\u00bbmiddle\u00bb css=\u00bb.vc_custom_1736172476375{padding-top: 80px !important;padding-bottom: 50px !important;background-color: #FFFFFF !important;}\u00bb][vc_column][vc_row_inner content_placement=\u00bbmiddle\u00bb][vc_column_inner width=\u00bb1\/2&#8243;][vc_custom_heading text=\u00bbEl sitio arqueol\u00f3gico Finca 6&#8243; font_container=\u00bbtag:h2|text_align:left|color:%23111111&#8243; use_theme_fonts=\u00bbyes\u00bb css=\u00bb\u00bb][vc_separator color=\u00bbcustom\u00bb align=\u00bbalign_left\u00bb accent_color=\u00bb#0079A8&#8243; border_width=\u00bb2&#8243; el_width=\u00bb50&#8243; css=\u00bb.vc_custom_1735567088856{margin-bottom: 30px !important;}\u00bb][vc_column_text css=\u00bb\u00bb]Finca 6\u00a0es el segundo sitio arqueol\u00f3gico abierto al p\u00fablico en Costa Rica, junto con Guayabo. Es uno de los pocos casos conservados de construcciones residenciales con [&hellip;]\" \/>\n<meta property=\"og:url\" content=\"https:\/\/www.dolphintourcostarica.com\/es\/tour-arqueologico\/\" \/>\n<meta property=\"og:site_name\" content=\"Dolphin Tour\" \/>\n<meta property=\"article:modified_time\" content=\"2025-01-06T14:31:28+00:00\" \/>\n<meta name=\"twitter:card\" content=\"summary_large_image\" \/>\n<meta name=\"twitter:label1\" content=\"Tiempo de lectura\" \/>\n\t<meta name=\"twitter:data1\" content=\"3 minutos\" \/>\n<script type=\"application\/ld+json\" class=\"yoast-schema-graph\">{\"@context\":\"https:\\\/\\\/schema.org\",\"@graph\":[{\"@type\":\"WebPage\",\"@id\":\"https:\\\/\\\/www.dolphintourcostarica.com\\\/es\\\/tour-arqueologico\\\/\",\"url\":\"https:\\\/\\\/www.dolphintourcostarica.com\\\/es\\\/tour-arqueologico\\\/\",\"name\":\"Tour Arqueol\u00f3gico en Costa Rica - Dolphin Tour\",\"isPartOf\":{\"@id\":\"https:\\\/\\\/www.dolphintourcostarica.com\\\/#website\"},\"datePublished\":\"2025-01-06T13:42:21+00:00\",\"dateModified\":\"2025-01-06T14:31:28+00:00\",\"breadcrumb\":{\"@id\":\"https:\\\/\\\/www.dolphintourcostarica.com\\\/es\\\/tour-arqueologico\\\/#breadcrumb\"},\"inLanguage\":\"es\",\"potentialAction\":[{\"@type\":\"ReadAction\",\"target\":[\"https:\\\/\\\/www.dolphintourcostarica.com\\\/es\\\/tour-arqueologico\\\/\"]}]},{\"@type\":\"BreadcrumbList\",\"@id\":\"https:\\\/\\\/www.dolphintourcostarica.com\\\/es\\\/tour-arqueologico\\\/#breadcrumb\",\"itemListElement\":[{\"@type\":\"ListItem\",\"position\":1,\"name\":\"Inicio\",\"item\":\"https:\\\/\\\/www.dolphintourcostarica.com\\\/es\\\/\"},{\"@type\":\"ListItem\",\"position\":2,\"name\":\"Tour Arqueol\u00f3gico\"}]},{\"@type\":\"WebSite\",\"@id\":\"https:\\\/\\\/www.dolphintourcostarica.com\\\/#website\",\"url\":\"https:\\\/\\\/www.dolphintourcostarica.com\\\/\",\"name\":\"Dolphin Tour\",\"description\":\"Whale Watching, Costa Rica Tours - Dolphin Tour SA\",\"potentialAction\":[{\"@type\":\"SearchAction\",\"target\":{\"@type\":\"EntryPoint\",\"urlTemplate\":\"https:\\\/\\\/www.dolphintourcostarica.com\\\/?s={search_term_string}\"},\"query-input\":{\"@type\":\"PropertyValueSpecification\",\"valueRequired\":true,\"valueName\":\"search_term_string\"}}],\"inLanguage\":\"es\"}]}<\/script>\n<!-- \/ Yoast SEO plugin. -->","yoast_head_json":{"title":"Tour Arqueol\u00f3gico en Costa Rica - Dolphin Tour","robots":{"index":"index","follow":"follow","max-snippet":"max-snippet:-1","max-image-preview":"max-image-preview:large","max-video-preview":"max-video-preview:-1"},"canonical":"https:\/\/www.dolphintourcostarica.com\/es\/tour-arqueologico\/","og_locale":"es_ES","og_type":"article","og_title":"Tour Arqueol\u00f3gico en Costa Rica - Dolphin Tour","og_description":"[vc_row full_width=\u00bbstretch_row\u00bb gap=\u00bb20&#8243; content_placement=\u00bbmiddle\u00bb css=\u00bb.vc_custom_1736172476375{padding-top: 80px !important;padding-bottom: 50px !important;background-color: #FFFFFF !important;}\u00bb][vc_column][vc_row_inner content_placement=\u00bbmiddle\u00bb][vc_column_inner width=\u00bb1\/2&#8243;][vc_custom_heading text=\u00bbEl sitio arqueol\u00f3gico Finca 6&#8243; font_container=\u00bbtag:h2|text_align:left|color:%23111111&#8243; use_theme_fonts=\u00bbyes\u00bb css=\u00bb\u00bb][vc_separator color=\u00bbcustom\u00bb align=\u00bbalign_left\u00bb accent_color=\u00bb#0079A8&#8243; border_width=\u00bb2&#8243; el_width=\u00bb50&#8243; css=\u00bb.vc_custom_1735567088856{margin-bottom: 30px !important;}\u00bb][vc_column_text css=\u00bb\u00bb]Finca 6\u00a0es el segundo sitio arqueol\u00f3gico abierto al p\u00fablico en Costa Rica, junto con Guayabo. Es uno de los pocos casos conservados de construcciones residenciales con [&hellip;]","og_url":"https:\/\/www.dolphintourcostarica.com\/es\/tour-arqueologico\/","og_site_name":"Dolphin Tour","article_modified_time":"2025-01-06T14:31:28+00:00","twitter_card":"summary_large_image","twitter_misc":{"Tiempo de lectura":"3 minutos"},"schema":{"@context":"https:\/\/schema.org","@graph":[{"@type":"WebPage","@id":"https:\/\/www.dolphintourcostarica.com\/es\/tour-arqueologico\/","url":"https:\/\/www.dolphintourcostarica.com\/es\/tour-arqueologico\/","name":"Tour Arqueol\u00f3gico en Costa Rica - Dolphin Tour","isPartOf":{"@id":"https:\/\/www.dolphintourcostarica.com\/#website"},"datePublished":"2025-01-06T13:42:21+00:00","dateModified":"2025-01-06T14:31:28+00:00","breadcrumb":{"@id":"https:\/\/www.dolphintourcostarica.com\/es\/tour-arqueologico\/#breadcrumb"},"inLanguage":"es","potentialAction":[{"@type":"ReadAction","target":["https:\/\/www.dolphintourcostarica.com\/es\/tour-arqueologico\/"]}]},{"@type":"BreadcrumbList","@id":"https:\/\/www.dolphintourcostarica.com\/es\/tour-arqueologico\/#breadcrumb","itemListElement":[{"@type":"ListItem","position":1,"name":"Inicio","item":"https:\/\/www.dolphintourcostarica.com\/es\/"},{"@type":"ListItem","position":2,"name":"Tour Arqueol\u00f3gico"}]},{"@type":"WebSite","@id":"https:\/\/www.dolphintourcostarica.com\/#website","url":"https:\/\/www.dolphintourcostarica.com\/","name":"Dolphin Tour","description":"Whale Watching, Costa Rica Tours - Dolphin Tour SA","potentialAction":[{"@type":"SearchAction","target":{"@type":"EntryPoint","urlTemplate":"https:\/\/www.dolphintourcostarica.com\/?s={search_term_string}"},"query-input":{"@type":"PropertyValueSpecification","valueRequired":true,"valueName":"search_term_string"}}],"inLanguage":"es"}]}},"_links":{"self":[{"href":"https:\/\/www.dolphintourcostarica.com\/es\/wp-json\/wp\/v2\/pages\/6154","targetHints":{"allow":["GET"]}}],"collection":[{"href":"https:\/\/www.dolphintourcostarica.com\/es\/wp-json\/wp\/v2\/pages"}],"about":[{"href":"https:\/\/www.dolphintourcostarica.com\/es\/wp-json\/wp\/v2\/types\/page"}],"author":[{"embeddable":true,"href":"https:\/\/www.dolphintourcostarica.com\/es\/wp-json\/wp\/v2\/users\/2"}],"replies":[{"embeddable":true,"href":"https:\/\/www.dolphintourcostarica.com\/es\/wp-json\/wp\/v2\/comments?post=6154"}],"version-history":[{"count":5,"href":"https:\/\/www.dolphintourcostarica.com\/es\/wp-json\/wp\/v2\/pages\/6154\/revisions"}],"predecessor-version":[{"id":6162,"href":"https:\/\/www.dolphintourcostarica.com\/es\/wp-json\/wp\/v2\/pages\/6154\/revisions\/6162"}],"wp:attachment":[{"href":"https:\/\/www.dolphintourcostarica.com\/es\/wp-json\/wp\/v2\/media?parent=6154"}],"curies":[{"name":"wp","href":"https:\/\/api.w.org\/{rel}","templated":true}]}}