{"id":6275,"date":"2025-02-07T15:28:22","date_gmt":"2025-02-07T21:28:22","guid":{"rendered":"https:\/\/www.dolphintourcostarica.com\/?page_id=6275"},"modified":"2026-04-23T15:13:36","modified_gmt":"2026-04-23T21:13:36","slug":"certificaciones","status":"publish","type":"page","link":"https:\/\/www.dolphintourcostarica.com\/es\/certificaciones\/","title":{"rendered":"Certificaciones"},"content":{"rendered":"<div class=\"wpb-content-wrapper\"><p>[vc_row][vc_column]<header class='content-heading'>\n\t\t\t\t\t\t<h2 class='main-heading'><\/h2>\n\t\t\t\t\t\t<div class='main-subtitle'><p style=\"text-align: center;\"><span style=\"font-weight: 400;\">Dolphin Tour, tour Operadora en Osa, Uvita, Bah\u00eda Ballena nos sentimos orgullosos de formar parte de diferentes certificaciones y logros, lo cual demuestra la calidad y sostenibilidad de nuestros servicios.<\/span><\/p>\n<\/div>\n\t\t\t\t\t\t<div class='seperator'><\/div>\n\t\t\t\t\t<\/header>[\/vc_column][\/vc_row][vc_row full_height=\u00bbyes\u00bb columns_placement=\u00bbstretch\u00bb equal_height=\u00bbyes\u00bb content_placement=\u00bbmiddle\u00bb entrada_row_bgcolor=\u00bbbg-white\u00bb][vc_column width=\u00bb1\/4&#8243; css=\u00bb.vc_custom_1738962168691{padding-right: 20px !important;padding-left: 20px !important;}\u00bb][vc_single_image image=\u00bb6588&#8243; img_size=\u00bbfull\u00bb onclick=\u00bblink_image\u00bb css=\u00bb\u00bb][\/vc_column][vc_column width=\u00bb3\/4&#8243; css=\u00bb.vc_custom_1738961290775{padding: 20px !important;}\u00bb][vc_column_text css=\u00bb\u00bb]<\/p>\n<p data-start=\"0\" data-end=\"120\">Desde el a\u00f1o <strong data-start=\"13\" data-end=\"21\">2008<\/strong>, <strong data-start=\"23\" data-end=\"39\">DOLPHIN TOUR<\/strong> ha sido reconocido con la certificaci\u00f3n <strong data-start=\"80\" data-end=\"87\">CST<\/strong> por sus pr\u00e1cticas sostenibles.<\/p>\n<p data-start=\"122\" data-end=\"288\">La <strong data-start=\"125\" data-end=\"181\">Certificaci\u00f3n para la Sostenibilidad Tur\u00edstica (CST)<\/strong> es una herramienta t\u00e9cnica dise\u00f1ada para fortalecer la actividad tur\u00edstica sostenible en <strong data-start=\"271\" data-end=\"285\">Costa Rica<\/strong>.<\/p>\n<p data-start=\"290\" data-end=\"458\">El <strong data-start=\"293\" data-end=\"340\">Consejo Global de Turismo Sostenible (GSTC)<\/strong> ha reconocido el est\u00e1ndar <strong data-start=\"367\" data-end=\"374\">CST<\/strong> como uno de los <strong data-start=\"391\" data-end=\"455\">m\u00e1s importantes est\u00e1ndares de sostenibilidad a nivel mundial<\/strong>.<\/p>\n<p data-start=\"460\" data-end=\"697\" data-is-last-node=\"\" data-is-only-node=\"\"><strong data-start=\"460\" data-end=\"549\">Actualmente, DOLPHIN TOUR cuenta con la certificaci\u00f3n en el m\u00e1s alto nivel: CST ELITE<\/strong>, lo que refleja nuestro compromiso continuo con la sostenibilidad, la conservaci\u00f3n del medio ambiente y el desarrollo responsable del turismo<\/p>\n<p>[\/vc_column_text][\/vc_column][\/vc_row][vc_row full_height=\u00bbyes\u00bb columns_placement=\u00bbstretch\u00bb equal_height=\u00bbyes\u00bb content_placement=\u00bbmiddle\u00bb][vc_column width=\u00bb1\/4&#8243; css=\u00bb.vc_custom_1738962174869{padding-right: 20px !important;padding-left: 20px !important;}\u00bb][vc_single_image image=\u00bb6291&#8243; img_size=\u00bbfull\u00bb onclick=\u00bblink_image\u00bb css=\u00bb\u00bb][\/vc_column][vc_column width=\u00bb3\/4&#8243; css=\u00bb.vc_custom_1738962060376{padding-top: 20px !important;padding-right: 20px !important;padding-bottom: 20px !important;padding-left: 20px !important;}\u00bb][vc_column_text css=\u00bb\u00bb]Este sello permite a los viajeros reconocer a gobiernos y empresas de todo el mundo que han adoptado protocolos estandarizados de salud e higiene a nivel mundial, para que puedan experimentar \u00abviajes seguros\u00bb a medida que el sector cambia a una nueva normalidad. El sello es otorgado por el Consejo Global de Viajes y Turismo (WTTC por sus siglas en ingl\u00e9s) a trav\u00e9s del Instituto Costarricense de Turismo (ICT) en miras de un futuro de viajes que sea seguro, fluido y proporcione una experiencia aut\u00e9ntica y significativa al viajero durante todo el viaje; uno que respalda los medios de subsistencia de millones y contribuye al crecimiento econ\u00f3mico sostenible.[\/vc_column_text][\/vc_column][\/vc_row][vc_row full_height=\u00bbyes\u00bb columns_placement=\u00bbstretch\u00bb equal_height=\u00bbyes\u00bb content_placement=\u00bbmiddle\u00bb entrada_row_bgcolor=\u00bbbg-white\u00bb][vc_column width=\u00bb1\/4&#8243; css=\u00bb.vc_custom_1738962168691{padding-right: 20px !important;padding-left: 20px !important;}\u00bb][vc_single_image image=\u00bb6226&#8243; img_size=\u00bbfull\u00bb onclick=\u00bblink_image\u00bb css=\u00bb\u00bb][\/vc_column][vc_column width=\u00bb3\/4&#8243; css=\u00bb.vc_custom_1738961290775{padding: 20px !important;}\u00bb][vc_column_text css=\u00bb\u00bb]El Patronato Nacional de la Infancia (PANI) es la instituci\u00f3n gobernante sobre los derechos de los ni\u00f1os y adolescentes en Costa Rica. Junto con UNICEFF, se crea el C\u00f3digo de Conducta para la prevenci\u00f3n de la explotaci\u00f3n sexual y comercial de ni\u00f1os, ni\u00f1as y adolescentes. Ecole Travel es reconocida como una empresa que participa activamente en la lucha contra las pr\u00e1cticas que promueven este problema en el mundo del turismo.[\/vc_column_text][\/vc_column][\/vc_row][vc_row full_height=\u00bbyes\u00bb columns_placement=\u00bbstretch\u00bb equal_height=\u00bbyes\u00bb content_placement=\u00bbmiddle\u00bb][vc_column width=\u00bb1\/4&#8243; css=\u00bb.vc_custom_1738962174869{padding-right: 20px !important;padding-left: 20px !important;}\u00bb][vc_single_image image=\u00bb6297&#8243; img_size=\u00bbfull\u00bb onclick=\u00bblink_image\u00bb css=\u00bb\u00bb][\/vc_column][vc_column width=\u00bb3\/4&#8243; css=\u00bb.vc_custom_1738962060376{padding-top: 20px !important;padding-right: 20px !important;padding-bottom: 20px !important;padding-left: 20px !important;}\u00bb][vc_column_text css=\u00bb\u00bb]<a href=\"https:\/\/www.ict.go.cr\/es\/servicios-institucionales\/declaratoria-turistica.html\" target=\"_blank\" rel=\"noopener\">La Declaratoria de Empresa Tur\u00edstica (ICT)<\/a>\u00a0es un reconocimiento otorgado por el Instituto Costarricense de Turismo a todas las empresas del sector que cumplen con los requisitos t\u00e9cnicos, econ\u00f3micos y legales indicados en el Reglamento de Empresas y Actividades Tur\u00edsticas.[\/vc_column_text][\/vc_column][\/vc_row][vc_row full_height=\u00bbyes\u00bb columns_placement=\u00bbstretch\u00bb equal_height=\u00bbyes\u00bb content_placement=\u00bbmiddle\u00bb entrada_row_bgcolor=\u00bbbg-white\u00bb][vc_column width=\u00bb1\/4&#8243; css=\u00bb.vc_custom_1738962168691{padding-right: 20px !important;padding-left: 20px !important;}\u00bb][vc_single_image image=\u00bb6299&#8243; img_size=\u00bbfull\u00bb onclick=\u00bblink_image\u00bb css=\u00bb\u00bb][\/vc_column][vc_column width=\u00bb3\/4&#8243; css=\u00bb.vc_custom_1738961290775{padding: 20px !important;}\u00bb][vc_column_text css=\u00bb\u00bb]Es un s\u00edmbolo que representa un tejido de empresas, personas y comunidades comprometidas con la generaci\u00f3n de confianza para todas las turistas que recorren nuestro pa\u00eds, comparten el valor de la igualdad para crear la mejor experiencia de viaje y una estad\u00eda segura.[\/vc_column_text][\/vc_column][\/vc_row][vc_row full_height=\u00bbyes\u00bb columns_placement=\u00bbstretch\u00bb equal_height=\u00bbyes\u00bb content_placement=\u00bbmiddle\u00bb][vc_column width=\u00bb1\/4&#8243; css=\u00bb.vc_custom_1738962174869{padding-right: 20px !important;padding-left: 20px !important;}\u00bb][vc_single_image image=\u00bb6302&#8243; img_size=\u00bbfull\u00bb onclick=\u00bblink_image\u00bb css=\u00bb\u00bb][\/vc_column][vc_column width=\u00bb3\/4&#8243; css=\u00bb.vc_custom_1738962060376{padding-top: 20px !important;padding-right: 20px !important;padding-bottom: 20px !important;padding-left: 20px !important;}\u00bb][vc_column_text css=\u00bb\u00bb]Creado para una estrecha relaci\u00f3n con las actividades tur\u00edsticas y el Parque Nacional Marino Ballena que todos sus miembros fueran capacitados, y de una u otra manera recibieron beneficios econ\u00f3micos, sociales y ambientales. Generando estabilidad a sus agremiados.<\/p>\n<p>De igual manera como grupo tener relaciones muy estrechas y cordiales con el \u00e1rea protegida en la que se desarrollan las actividades tur\u00edsticas.<\/p>\n<p>Promoviendo y procurando convenios y apoyos puntuales que beneficien a ambas partes.<\/p>\n<p>Y cumplir el objetivo fundamental de que se generen oportunidades y beneficios para los asociados.<\/p>\n<p>Fortalecer la conservaci\u00f3n y promoverla a nivel de la comunidad.<\/p>\n<p>&nbsp;<\/p>\n<p>Julio Badilla &#8211; Socio Fundador[\/vc_column_text][\/vc_column][\/vc_row][vc_row][vc_column][\/vc_column][\/vc_row]<\/p>\n<\/div>","protected":false},"excerpt":{"rendered":"<p>[vc_row][vc_column][\/vc_column][\/vc_row][vc_row full_height=\u00bbyes\u00bb columns_placement=\u00bbstretch\u00bb equal_height=\u00bbyes\u00bb content_placement=\u00bbmiddle\u00bb entrada_row_bgcolor=\u00bbbg-white\u00bb][vc_column width=\u00bb1\/4&#8243; css=\u00bb.vc_custom_1738962168691{padding-right: 20px !important;padding-left: 20px !important;}\u00bb][vc_single_image image=\u00bb6588&#8243; img_size=\u00bbfull\u00bb onclick=\u00bblink_image\u00bb css=\u00bb\u00bb][\/vc_column][vc_column width=\u00bb3\/4&#8243; css=\u00bb.vc_custom_1738961290775{padding: 20px !important;}\u00bb][vc_column_text css=\u00bb\u00bb] Desde el a\u00f1o 2008, DOLPHIN TOUR ha sido reconocido con la certificaci\u00f3n CST por sus pr\u00e1cticas sostenibles. La Certificaci\u00f3n para la Sostenibilidad Tur\u00edstica (CST) es una herramienta t\u00e9cnica dise\u00f1ada para fortalecer la actividad tur\u00edstica [&hellip;]<\/p>\n","protected":false},"author":2,"featured_media":0,"parent":0,"menu_order":0,"comment_status":"closed","ping_status":"closed","template":"entrada_templates\/layout-visual-composer-default.php","meta":{"pgc_meta":"","footnotes":""},"class_list":["post-6275","page","type-page","status-publish","hentry"],"pgc_meta":"","yoast_head":"<!-- This site is optimized with the Yoast SEO plugin v27.4 - https:\/\/yoast.com\/product\/yoast-seo-wordpress\/ -->\n<title>Certificaciones y Logros de Dolphin Tours - Operadora en Osa<\/title>\n<meta name=\"description\" content=\"Dolphin Tour, tour Operadora en Osa, Uvita, Bah\u00eda Ballena nos sentimos orgullosos de formar parte de diferentes certificaciones y logros\" \/>\n<meta name=\"robots\" content=\"index, follow, max-snippet:-1, max-image-preview:large, max-video-preview:-1\" \/>\n<link rel=\"canonical\" href=\"https:\/\/www.dolphintourcostarica.com\/es\/certificaciones\/\" \/>\n<meta property=\"og:locale\" content=\"es_ES\" \/>\n<meta property=\"og:type\" content=\"article\" \/>\n<meta property=\"og:title\" content=\"Certificaciones y Logros de Dolphin Tours - Operadora en Osa\" \/>\n<meta property=\"og:description\" content=\"Dolphin Tour, tour Operadora en Osa, Uvita, Bah\u00eda Ballena nos sentimos orgullosos de formar parte de diferentes certificaciones y logros\" \/>\n<meta property=\"og:url\" content=\"https:\/\/www.dolphintourcostarica.com\/es\/certificaciones\/\" \/>\n<meta property=\"og:site_name\" content=\"Dolphin Tour\" \/>\n<meta property=\"article:modified_time\" content=\"2026-04-23T21:13:36+00:00\" \/>\n<meta name=\"twitter:card\" content=\"summary_large_image\" \/>\n<meta name=\"twitter:label1\" content=\"Tiempo de lectura\" \/>\n\t<meta name=\"twitter:data1\" content=\"3 minutos\" \/>\n<script type=\"application\/ld+json\" class=\"yoast-schema-graph\">{\"@context\":\"https:\\\/\\\/schema.org\",\"@graph\":[{\"@type\":\"WebPage\",\"@id\":\"https:\\\/\\\/www.dolphintourcostarica.com\\\/es\\\/certificaciones\\\/\",\"url\":\"https:\\\/\\\/www.dolphintourcostarica.com\\\/es\\\/certificaciones\\\/\",\"name\":\"Certificaciones y Logros de Dolphin Tours - Operadora en Osa\",\"isPartOf\":{\"@id\":\"https:\\\/\\\/www.dolphintourcostarica.com\\\/#website\"},\"datePublished\":\"2025-02-07T21:28:22+00:00\",\"dateModified\":\"2026-04-23T21:13:36+00:00\",\"description\":\"Dolphin Tour, tour Operadora en Osa, Uvita, Bah\u00eda Ballena nos sentimos orgullosos de formar parte de diferentes certificaciones y logros\",\"breadcrumb\":{\"@id\":\"https:\\\/\\\/www.dolphintourcostarica.com\\\/es\\\/certificaciones\\\/#breadcrumb\"},\"inLanguage\":\"es\",\"potentialAction\":[{\"@type\":\"ReadAction\",\"target\":[\"https:\\\/\\\/www.dolphintourcostarica.com\\\/es\\\/certificaciones\\\/\"]}]},{\"@type\":\"BreadcrumbList\",\"@id\":\"https:\\\/\\\/www.dolphintourcostarica.com\\\/es\\\/certificaciones\\\/#breadcrumb\",\"itemListElement\":[{\"@type\":\"ListItem\",\"position\":1,\"name\":\"Inicio\",\"item\":\"https:\\\/\\\/www.dolphintourcostarica.com\\\/es\\\/\"},{\"@type\":\"ListItem\",\"position\":2,\"name\":\"Certificaciones\"}]},{\"@type\":\"WebSite\",\"@id\":\"https:\\\/\\\/www.dolphintourcostarica.com\\\/#website\",\"url\":\"https:\\\/\\\/www.dolphintourcostarica.com\\\/\",\"name\":\"Dolphin Tour\",\"description\":\"Whale Watching, Costa Rica Tours - Dolphin Tour SA\",\"potentialAction\":[{\"@type\":\"SearchAction\",\"target\":{\"@type\":\"EntryPoint\",\"urlTemplate\":\"https:\\\/\\\/www.dolphintourcostarica.com\\\/?s={search_term_string}\"},\"query-input\":{\"@type\":\"PropertyValueSpecification\",\"valueRequired\":true,\"valueName\":\"search_term_string\"}}],\"inLanguage\":\"es\"}]}<\/script>\n<!-- \/ Yoast SEO plugin. -->","yoast_head_json":{"title":"Certificaciones y Logros de Dolphin Tours - Operadora en Osa","description":"Dolphin Tour, tour Operadora en Osa, Uvita, Bah\u00eda Ballena nos sentimos orgullosos de formar parte de diferentes certificaciones y logros","robots":{"index":"index","follow":"follow","max-snippet":"max-snippet:-1","max-image-preview":"max-image-preview:large","max-video-preview":"max-video-preview:-1"},"canonical":"https:\/\/www.dolphintourcostarica.com\/es\/certificaciones\/","og_locale":"es_ES","og_type":"article","og_title":"Certificaciones y Logros de Dolphin Tours - Operadora en Osa","og_description":"Dolphin Tour, tour Operadora en Osa, Uvita, Bah\u00eda Ballena nos sentimos orgullosos de formar parte de diferentes certificaciones y logros","og_url":"https:\/\/www.dolphintourcostarica.com\/es\/certificaciones\/","og_site_name":"Dolphin Tour","article_modified_time":"2026-04-23T21:13:36+00:00","twitter_card":"summary_large_image","twitter_misc":{"Tiempo de lectura":"3 minutos"},"schema":{"@context":"https:\/\/schema.org","@graph":[{"@type":"WebPage","@id":"https:\/\/www.dolphintourcostarica.com\/es\/certificaciones\/","url":"https:\/\/www.dolphintourcostarica.com\/es\/certificaciones\/","name":"Certificaciones y Logros de Dolphin Tours - Operadora en Osa","isPartOf":{"@id":"https:\/\/www.dolphintourcostarica.com\/#website"},"datePublished":"2025-02-07T21:28:22+00:00","dateModified":"2026-04-23T21:13:36+00:00","description":"Dolphin Tour, tour Operadora en Osa, Uvita, Bah\u00eda Ballena nos sentimos orgullosos de formar parte de diferentes certificaciones y logros","breadcrumb":{"@id":"https:\/\/www.dolphintourcostarica.com\/es\/certificaciones\/#breadcrumb"},"inLanguage":"es","potentialAction":[{"@type":"ReadAction","target":["https:\/\/www.dolphintourcostarica.com\/es\/certificaciones\/"]}]},{"@type":"BreadcrumbList","@id":"https:\/\/www.dolphintourcostarica.com\/es\/certificaciones\/#breadcrumb","itemListElement":[{"@type":"ListItem","position":1,"name":"Inicio","item":"https:\/\/www.dolphintourcostarica.com\/es\/"},{"@type":"ListItem","position":2,"name":"Certificaciones"}]},{"@type":"WebSite","@id":"https:\/\/www.dolphintourcostarica.com\/#website","url":"https:\/\/www.dolphintourcostarica.com\/","name":"Dolphin Tour","description":"Whale Watching, Costa Rica Tours - Dolphin Tour SA","potentialAction":[{"@type":"SearchAction","target":{"@type":"EntryPoint","urlTemplate":"https:\/\/www.dolphintourcostarica.com\/?s={search_term_string}"},"query-input":{"@type":"PropertyValueSpecification","valueRequired":true,"valueName":"search_term_string"}}],"inLanguage":"es"}]}},"_links":{"self":[{"href":"https:\/\/www.dolphintourcostarica.com\/es\/wp-json\/wp\/v2\/pages\/6275","targetHints":{"allow":["GET"]}}],"collection":[{"href":"https:\/\/www.dolphintourcostarica.com\/es\/wp-json\/wp\/v2\/pages"}],"about":[{"href":"https:\/\/www.dolphintourcostarica.com\/es\/wp-json\/wp\/v2\/types\/page"}],"author":[{"embeddable":true,"href":"https:\/\/www.dolphintourcostarica.com\/es\/wp-json\/wp\/v2\/users\/2"}],"replies":[{"embeddable":true,"href":"https:\/\/www.dolphintourcostarica.com\/es\/wp-json\/wp\/v2\/comments?post=6275"}],"version-history":[{"count":27,"href":"https:\/\/www.dolphintourcostarica.com\/es\/wp-json\/wp\/v2\/pages\/6275\/revisions"}],"predecessor-version":[{"id":6327,"href":"https:\/\/www.dolphintourcostarica.com\/es\/wp-json\/wp\/v2\/pages\/6275\/revisions\/6327"}],"wp:attachment":[{"href":"https:\/\/www.dolphintourcostarica.com\/es\/wp-json\/wp\/v2\/media?parent=6275"}],"curies":[{"name":"wp","href":"https:\/\/api.w.org\/{rel}","templated":true}]}}