{"id":3814,"date":"2017-12-27T01:04:52","date_gmt":"2017-12-27T01:04:52","guid":{"rendered":"http:\/\/www.dolphintourcostarica.com\/?post_type=product&#038;p=3814"},"modified":"2026-04-23T13:49:01","modified_gmt":"2026-04-23T19:49:01","slug":"reserva-biologica-isla-del-cano","status":"publish","type":"product","link":"https:\/\/www.dolphintourcostarica.com\/es\/producto\/reserva-biologica-isla-del-cano\/","title":{"rendered":"Isla del Ca\u00f1o Snorkel"},"content":{"rendered":"<div class=\"wpb-content-wrapper\"><p>[vc_row][vc_column][vc_column_text css=\u00bb\u00bb]<strong>Detalles Tour Isla del Ca\u00f1o <\/strong><\/p>\n<p>Este Tour es d\u00eda completo de las 07:00 am a 2:30pm aproximadamente. Saliendo de Uvita hacia Isla del Ca\u00f1o con 1 hora y media aproximadamente de recorrido en barco, hay una gran oportunidad de avistar ballenas en la temporada de Ballenas, delfines, tortugas marinas. Al llegar a la Isla del Ca\u00f1o se realizan 2 snorkeling los cuales son guiados con una duraci\u00f3n de 40 a 50 minutos cada uno aproximadamente, entre los snorkeling se da un refrigerio y posterior al refrigerio se baja a la playa unos 15 minutos con acceso a los ba\u00f1os y mirador de la Isla (esto si las condiciones del oleaje lo permiten), luego se procede al segundo snorkeling, finalizado el segundo snorkeling Despu\u00e9s del segundo snorkeling, se procede a regresar hacia Uvita, al punto de salida en nuestras oficinas de Dolphin Tour.<\/p>\n<p>Una vez en nuestras instalaciones, se estar\u00e1 ofreciendo un almuerzo estilo picnic, el cual se realiza en nuestras oficinas con el fin de brindar mayor comodidad a nuestros clientes y acceso adecuado a los servicios sanitarios.<\/p>\n<p>De esta forma, los visitantes pueden disfrutar su almuerzo de manera tranquila y confortable antes de dar por finalizada la actividad.<\/p>\n<p>&nbsp;<\/p>\n<p><strong>Snorkeling Isla del Ca\u00f1o <\/strong><\/p>\n<p>Isla del Ca\u00f1o posee aguas v\u00edrgenes y es\u00a0 una de las m\u00e1s azules del pa\u00eds y albergan una espectacular variedad vida \u00a0marina lo mismo que unos Gloriosos arrecifes de corales nombradas como uno de los mejores puntos de buceo en el mundo.<\/p>\n<p>La gran riqueza que esta isla tiene se encuentra bajo las\u00a0 agitadas aguas\u00a0 azules alrededor de la Isla y la\u00a0\u00a0 gran\u00a0 biodiversidad de peces\u00a0 y arrecifes de coral hacen de esta Isla \u00a0un para\u00edso natural.<\/p>\n<p>Los arrecifes de coral que rodean la isla crecen hasta en\u00a0 una profundidad de 15 metros albergando un sin n\u00famero de\u00a0 peque\u00f1os y grandes especies que le dan vida a esta bella, natural y paisaj\u00edstica isla, los comunes card\u00famenes de jureles\u00a0 que rodean la isla algunos tiburones que se ven con frecuencia y mantas rallas hacen \u00a0uno de los lugares preferidos\u00a0 de Costa Rica para realizar buceo recreativo y\u00a0 buceo de profundidad, ya que se han identificados sitios aptos para realizar dicha actividad.<\/p>\n<p>Isla de Ca\u00f1o es tambi\u00e9n hogar de una gran variedad de peces, Ballenas y tiburones.<\/p>\n<p><strong>\u00a0<\/strong><\/p>\n<p><strong>Reserva Biol\u00f3gica Isla del Ca\u00f1o <\/strong><\/p>\n<p>La Isla tiene un valor arqueol\u00f3gico\u00a0 ya que fue usada como cementerio y asentamientos precolombinos permanentes, todav\u00eda es posible\u00a0 observar algunos restos de cer\u00e1micas y peque\u00f1as esferas de piedra hechas por los ind\u00edgenas, es un lugar rico en vegetaci\u00f3n\u00a0 y cual le sirve como\u00a0 descanso para aves migratorias.<\/p>\n<p>Se localiza en la plataforma continental del Pac\u00edfico de Costa Rica, a 16 km al noroeste de la Pen\u00ednsula de Osa en la provincia de Puntarenas.<\/p>\n<p>La Isla del Ca\u00f1o consta de 320 ha terrestres y 5.800 ha marinas. Sus aguas poseen una de las formaciones de arrecifes coralinos m\u00e1s extensos y en mejor estado de la costa Pac\u00edfica de Costa Rica.<\/p>\n<p>Existen cinco plataformas coralinas (o bajos arrecifes) con extensiones que van desde 0,8 hasta 4,2 hect\u00e1reas.<\/p>\n<p>Las playas son de arena y piedra. La zona alta contiene un bosque tropical h\u00famedo inalterado y tambi\u00e9n hay bosques secundarios de distintas edades. En el bosque que se han identificado 158 especies de plantas.<\/p>\n<p>\u200bLa Isla del Ca\u00f1o, al igual que el Parque Marino Ballena, es un punto de encuentro para las\u00a0<a href=\"https:\/\/www.dolphintourcostarica.com\/es\/producto\/observacion-de-ballenas-y-delfines\/\">ballenas jorobadas<\/a>\u00a0del hemisferio norte y del hemisferio sur.<\/p>\n<p>&nbsp;<\/p>\n<h3 style=\"text-align: center;\"><strong>Consultar disponibilidad antes de realizar el pago.<\/strong><\/h3>\n<p>[\/vc_column_text][\/vc_column][\/vc_row]<\/p>\n<\/div>","protected":false},"excerpt":{"rendered":"<p>La Isla tiene un valor arqueol\u00f3gico\u00a0 ya que fue usada como cementerio y asentamientos precolombinos permanentes, todav\u00eda es posible\u00a0 observar algunos restos de cer\u00e1micas y peque\u00f1as esferas de piedra hechas por los ind\u00edgenas.<\/p>\n","protected":false},"featured_media":6541,"comment_status":"open","ping_status":"closed","template":"","meta":{"pgc_meta":""},"product_brand":[],"product_cat":[151,153,154,152],"product_tag":[],"class_list":{"0":"post-3814","1":"product","2":"type-product","3":"status-publish","4":"has-post-thumbnail","6":"product_cat-observacion-de-animales","7":"product_cat-senderismo","8":"product_cat-snorkel","9":"product_cat-tours-en-barco","10":"holiday_type-familia","11":"holiday_type-observacion-de-animales","12":"holiday_type-tours-guiados","13":"destination-pacifico-sur","14":"activity_level-bastante-facil","16":"first","17":"instock","18":"shipping-taxable","19":"purchasable","20":"product-type-variable"},"yoast_head":"<!-- This site is optimized with the Yoast SEO plugin v27.4 - https:\/\/yoast.com\/product\/yoast-seo-wordpress\/ -->\n<title>Tour Isla del Ca\u00f1o - Snorkeling - Uvita - Dominical - Costa Rica<\/title>\n<meta name=\"description\" content=\"La Isla tiene un valor arqueol\u00f3gico\u00a0 ya que fue usada como cementerio y asentamientos precolombinos permanentes, todav\u00eda es posible\u00a0 observar algunos restos de cer\u00e1micas y peque\u00f1as esferas de piedra hechas por los ind\u00edgenas.\" \/>\n<meta name=\"robots\" content=\"index, follow, max-snippet:-1, max-image-preview:large, max-video-preview:-1\" \/>\n<link rel=\"canonical\" href=\"https:\/\/www.dolphintourcostarica.com\/es\/producto\/reserva-biologica-isla-del-cano\/\" \/>\n<meta property=\"og:locale\" content=\"es_ES\" \/>\n<meta property=\"og:type\" content=\"article\" \/>\n<meta property=\"og:title\" content=\"Tour Isla del Ca\u00f1o - Snorkeling - Uvita - Dominical - Costa Rica\" \/>\n<meta property=\"og:description\" content=\"La Isla tiene un valor arqueol\u00f3gico\u00a0 ya que fue usada como cementerio y asentamientos precolombinos permanentes, todav\u00eda es posible\u00a0 observar algunos restos de cer\u00e1micas y peque\u00f1as esferas de piedra hechas por los ind\u00edgenas.\" \/>\n<meta property=\"og:url\" content=\"https:\/\/www.dolphintourcostarica.com\/es\/producto\/reserva-biologica-isla-del-cano\/\" \/>\n<meta property=\"og:site_name\" content=\"Dolphin Tour\" \/>\n<meta property=\"article:modified_time\" content=\"2026-04-23T19:49:01+00:00\" \/>\n<meta property=\"og:image\" content=\"https:\/\/www.dolphintourcostarica.com\/wp-content\/uploads\/2017\/12\/Cano-Island-Snorkeling-tour.jpg\" \/>\n\t<meta property=\"og:image:width\" content=\"1000\" \/>\n\t<meta property=\"og:image:height\" content=\"1000\" \/>\n\t<meta property=\"og:image:type\" content=\"image\/jpeg\" \/>\n<meta name=\"twitter:card\" content=\"summary_large_image\" \/>\n<meta name=\"twitter:label1\" content=\"Tiempo de lectura\" \/>\n\t<meta name=\"twitter:data1\" content=\"3 minutos\" \/>\n<script type=\"application\/ld+json\" class=\"yoast-schema-graph\">{\"@context\":\"https:\\\/\\\/schema.org\",\"@graph\":[{\"@type\":\"WebPage\",\"@id\":\"https:\\\/\\\/www.dolphintourcostarica.com\\\/es\\\/producto\\\/reserva-biologica-isla-del-cano\\\/\",\"url\":\"https:\\\/\\\/www.dolphintourcostarica.com\\\/es\\\/producto\\\/reserva-biologica-isla-del-cano\\\/\",\"name\":\"Tour Isla del Ca\u00f1o - Snorkeling - Uvita - Dominical - Costa Rica\",\"isPartOf\":{\"@id\":\"https:\\\/\\\/www.dolphintourcostarica.com\\\/#website\"},\"primaryImageOfPage\":{\"@id\":\"https:\\\/\\\/www.dolphintourcostarica.com\\\/es\\\/producto\\\/reserva-biologica-isla-del-cano\\\/#primaryimage\"},\"image\":{\"@id\":\"https:\\\/\\\/www.dolphintourcostarica.com\\\/es\\\/producto\\\/reserva-biologica-isla-del-cano\\\/#primaryimage\"},\"thumbnailUrl\":\"https:\\\/\\\/www.dolphintourcostarica.com\\\/wp-content\\\/uploads\\\/2017\\\/12\\\/Cano-Island-Snorkeling-tour.jpg\",\"datePublished\":\"2017-12-27T01:04:52+00:00\",\"dateModified\":\"2026-04-23T19:49:01+00:00\",\"description\":\"La Isla tiene un valor arqueol\u00f3gico\u00a0 ya que fue usada como cementerio y asentamientos precolombinos permanentes, todav\u00eda es posible\u00a0 observar algunos restos de cer\u00e1micas y peque\u00f1as esferas de piedra hechas por los ind\u00edgenas.\",\"breadcrumb\":{\"@id\":\"https:\\\/\\\/www.dolphintourcostarica.com\\\/es\\\/producto\\\/reserva-biologica-isla-del-cano\\\/#breadcrumb\"},\"inLanguage\":\"es\",\"potentialAction\":[{\"@type\":\"ReadAction\",\"target\":[\"https:\\\/\\\/www.dolphintourcostarica.com\\\/es\\\/producto\\\/reserva-biologica-isla-del-cano\\\/\"]}]},{\"@type\":\"ImageObject\",\"inLanguage\":\"es\",\"@id\":\"https:\\\/\\\/www.dolphintourcostarica.com\\\/es\\\/producto\\\/reserva-biologica-isla-del-cano\\\/#primaryimage\",\"url\":\"https:\\\/\\\/www.dolphintourcostarica.com\\\/wp-content\\\/uploads\\\/2017\\\/12\\\/Cano-Island-Snorkeling-tour.jpg\",\"contentUrl\":\"https:\\\/\\\/www.dolphintourcostarica.com\\\/wp-content\\\/uploads\\\/2017\\\/12\\\/Cano-Island-Snorkeling-tour.jpg\",\"width\":1000,\"height\":1000,\"caption\":\"Ca\u00f1o Island Snorkeling tour\"},{\"@type\":\"BreadcrumbList\",\"@id\":\"https:\\\/\\\/www.dolphintourcostarica.com\\\/es\\\/producto\\\/reserva-biologica-isla-del-cano\\\/#breadcrumb\",\"itemListElement\":[{\"@type\":\"ListItem\",\"position\":1,\"name\":\"Inicio\",\"item\":\"https:\\\/\\\/www.dolphintourcostarica.com\\\/es\\\/\"},{\"@type\":\"ListItem\",\"position\":2,\"name\":\"Shop\",\"item\":\"https:\\\/\\\/www.dolphintourcostarica.com\\\/shop\\\/\"},{\"@type\":\"ListItem\",\"position\":3,\"name\":\"Isla del Ca\u00f1o Snorkel\"}]},{\"@type\":\"WebSite\",\"@id\":\"https:\\\/\\\/www.dolphintourcostarica.com\\\/#website\",\"url\":\"https:\\\/\\\/www.dolphintourcostarica.com\\\/\",\"name\":\"Dolphin Tour\",\"description\":\"Whale Watching, Costa Rica Tours - Dolphin Tour SA\",\"potentialAction\":[{\"@type\":\"SearchAction\",\"target\":{\"@type\":\"EntryPoint\",\"urlTemplate\":\"https:\\\/\\\/www.dolphintourcostarica.com\\\/?s={search_term_string}\"},\"query-input\":{\"@type\":\"PropertyValueSpecification\",\"valueRequired\":true,\"valueName\":\"search_term_string\"}}],\"inLanguage\":\"es\"}]}<\/script>\n<!-- \/ Yoast SEO plugin. -->","yoast_head_json":{"title":"Tour Isla del Ca\u00f1o - Snorkeling - Uvita - Dominical - Costa Rica","description":"La Isla tiene un valor arqueol\u00f3gico\u00a0 ya que fue usada como cementerio y asentamientos precolombinos permanentes, todav\u00eda es posible\u00a0 observar algunos restos de cer\u00e1micas y peque\u00f1as esferas de piedra hechas por los ind\u00edgenas.","robots":{"index":"index","follow":"follow","max-snippet":"max-snippet:-1","max-image-preview":"max-image-preview:large","max-video-preview":"max-video-preview:-1"},"canonical":"https:\/\/www.dolphintourcostarica.com\/es\/producto\/reserva-biologica-isla-del-cano\/","og_locale":"es_ES","og_type":"article","og_title":"Tour Isla del Ca\u00f1o - Snorkeling - Uvita - Dominical - Costa Rica","og_description":"La Isla tiene un valor arqueol\u00f3gico\u00a0 ya que fue usada como cementerio y asentamientos precolombinos permanentes, todav\u00eda es posible\u00a0 observar algunos restos de cer\u00e1micas y peque\u00f1as esferas de piedra hechas por los ind\u00edgenas.","og_url":"https:\/\/www.dolphintourcostarica.com\/es\/producto\/reserva-biologica-isla-del-cano\/","og_site_name":"Dolphin Tour","article_modified_time":"2026-04-23T19:49:01+00:00","og_image":[{"width":1000,"height":1000,"url":"https:\/\/www.dolphintourcostarica.com\/wp-content\/uploads\/2017\/12\/Cano-Island-Snorkeling-tour.jpg","type":"image\/jpeg"}],"twitter_card":"summary_large_image","twitter_misc":{"Tiempo de lectura":"3 minutos"},"schema":{"@context":"https:\/\/schema.org","@graph":[{"@type":"WebPage","@id":"https:\/\/www.dolphintourcostarica.com\/es\/producto\/reserva-biologica-isla-del-cano\/","url":"https:\/\/www.dolphintourcostarica.com\/es\/producto\/reserva-biologica-isla-del-cano\/","name":"Tour Isla del Ca\u00f1o - Snorkeling - Uvita - Dominical - Costa Rica","isPartOf":{"@id":"https:\/\/www.dolphintourcostarica.com\/#website"},"primaryImageOfPage":{"@id":"https:\/\/www.dolphintourcostarica.com\/es\/producto\/reserva-biologica-isla-del-cano\/#primaryimage"},"image":{"@id":"https:\/\/www.dolphintourcostarica.com\/es\/producto\/reserva-biologica-isla-del-cano\/#primaryimage"},"thumbnailUrl":"https:\/\/www.dolphintourcostarica.com\/wp-content\/uploads\/2017\/12\/Cano-Island-Snorkeling-tour.jpg","datePublished":"2017-12-27T01:04:52+00:00","dateModified":"2026-04-23T19:49:01+00:00","description":"La Isla tiene un valor arqueol\u00f3gico\u00a0 ya que fue usada como cementerio y asentamientos precolombinos permanentes, todav\u00eda es posible\u00a0 observar algunos restos de cer\u00e1micas y peque\u00f1as esferas de piedra hechas por los ind\u00edgenas.","breadcrumb":{"@id":"https:\/\/www.dolphintourcostarica.com\/es\/producto\/reserva-biologica-isla-del-cano\/#breadcrumb"},"inLanguage":"es","potentialAction":[{"@type":"ReadAction","target":["https:\/\/www.dolphintourcostarica.com\/es\/producto\/reserva-biologica-isla-del-cano\/"]}]},{"@type":"ImageObject","inLanguage":"es","@id":"https:\/\/www.dolphintourcostarica.com\/es\/producto\/reserva-biologica-isla-del-cano\/#primaryimage","url":"https:\/\/www.dolphintourcostarica.com\/wp-content\/uploads\/2017\/12\/Cano-Island-Snorkeling-tour.jpg","contentUrl":"https:\/\/www.dolphintourcostarica.com\/wp-content\/uploads\/2017\/12\/Cano-Island-Snorkeling-tour.jpg","width":1000,"height":1000,"caption":"Ca\u00f1o Island Snorkeling tour"},{"@type":"BreadcrumbList","@id":"https:\/\/www.dolphintourcostarica.com\/es\/producto\/reserva-biologica-isla-del-cano\/#breadcrumb","itemListElement":[{"@type":"ListItem","position":1,"name":"Inicio","item":"https:\/\/www.dolphintourcostarica.com\/es\/"},{"@type":"ListItem","position":2,"name":"Shop","item":"https:\/\/www.dolphintourcostarica.com\/shop\/"},{"@type":"ListItem","position":3,"name":"Isla del Ca\u00f1o Snorkel"}]},{"@type":"WebSite","@id":"https:\/\/www.dolphintourcostarica.com\/#website","url":"https:\/\/www.dolphintourcostarica.com\/","name":"Dolphin Tour","description":"Whale Watching, Costa Rica Tours - Dolphin Tour SA","potentialAction":[{"@type":"SearchAction","target":{"@type":"EntryPoint","urlTemplate":"https:\/\/www.dolphintourcostarica.com\/?s={search_term_string}"},"query-input":{"@type":"PropertyValueSpecification","valueRequired":true,"valueName":"search_term_string"}}],"inLanguage":"es"}]}},"_links":{"self":[{"href":"https:\/\/www.dolphintourcostarica.com\/es\/wp-json\/wp\/v2\/product\/3814","targetHints":{"allow":["GET"]}}],"collection":[{"href":"https:\/\/www.dolphintourcostarica.com\/es\/wp-json\/wp\/v2\/product"}],"about":[{"href":"https:\/\/www.dolphintourcostarica.com\/es\/wp-json\/wp\/v2\/types\/product"}],"replies":[{"embeddable":true,"href":"https:\/\/www.dolphintourcostarica.com\/es\/wp-json\/wp\/v2\/comments?post=3814"}],"wp:featuredmedia":[{"embeddable":true,"href":"https:\/\/www.dolphintourcostarica.com\/es\/wp-json\/wp\/v2\/media\/6541"}],"wp:attachment":[{"href":"https:\/\/www.dolphintourcostarica.com\/es\/wp-json\/wp\/v2\/media?parent=3814"}],"wp:term":[{"taxonomy":"product_brand","embeddable":true,"href":"https:\/\/www.dolphintourcostarica.com\/es\/wp-json\/wp\/v2\/product_brand?post=3814"},{"taxonomy":"product_cat","embeddable":true,"href":"https:\/\/www.dolphintourcostarica.com\/es\/wp-json\/wp\/v2\/product_cat?post=3814"},{"taxonomy":"product_tag","embeddable":true,"href":"https:\/\/www.dolphintourcostarica.com\/es\/wp-json\/wp\/v2\/product_tag?post=3814"}],"curies":[{"name":"wp","href":"https:\/\/api.w.org\/{rel}","templated":true}]}}