{"id":4713,"date":"2019-03-26T08:12:19","date_gmt":"2019-03-26T14:12:19","guid":{"rendered":"https:\/\/www.dolphintourcostarica.com\/?post_type=product&#038;p=4713"},"modified":"2025-02-24T11:51:45","modified_gmt":"2025-02-24T17:51:45","slug":"observacion-de-ballenas-y-delfines","status":"publish","type":"product","link":"https:\/\/www.dolphintourcostarica.com\/es\/producto\/observacion-de-ballenas-y-delfines\/","title":{"rendered":"Tour de Ballenas y Delfines &#8211; Combo Tour"},"content":{"rendered":"<p><strong>Observaci\u00f3n de Ballenas y Delfines en el parque Nacional Marino Ballena.<\/strong><\/p>\n<p><strong>\u00a0<\/strong>La actividad inicia llegando a nuestra oficina, punto de encuentro donde ofrecemos un peque\u00f1o snack de caf\u00e9, jugo, reposter\u00eda y bananas mientras se espera completar el grupo, listo el grupo, el gu\u00eda les traslada desde la oficina hacia la playa aproximadamente 300 metros hacia la entrada al parque Nacional Marino Ballena donde tomaremos la embarcaci\u00f3n para empezar a realizar el tour, durante el tour se realiza un recorrido por el Parque Nacional Marino Ballena, Piedra Ballena, Rocas Tres Hermanas, Cavernas Ventanas y el T\u00f3mbolo de Punta Uvita, visitamos un santuario natural de aves marinas como es la Piedra Ballena donde se podra observar aves residentes o migratorias y algunos reptiles como las iguanas verdes y lagartijas, dentro de la actividad si las condiciones clim\u00e1ticas lo permite se estar\u00e1 realizando snorkel en los arrecifes coralinos de esas \u00e1reas silvestres, se realiza b\u00fasqueda de cet\u00e1ceos, Ballenas en su temporada y delfines hay un 95% de posibilidades de ver tortugas marinas. Al finalizar la actividad regresamos al mismo punto de salida si desena pueden quedarse en la playa o bien regresar a la oficina.<\/p>\n<p>&nbsp;<\/p>\n<p>&nbsp;<\/p>\n<p><strong>Temporada de Ballenas en Costa Rica\u00a0<\/strong><\/p>\n<p>Las ballenas jorobadas son observadas en dos temporadas de diciembre a finales de marzo, provenientes de hemisferio norte y las provenientes de hemisferio sur, se empiezan a ver en las primeras semanas de julio hasta finales octubre, las m\u00e1s comunes de observar son las jorobadas o (yubartas). Conocidas por sus largas migraciones de lado norte y del lado sur. Ocasionalmente se puede observar las ballenas de bryde\u00b4s y las ballenas pilotos. Los delfines son observados durante todo el a\u00f1o en un 95%, los m\u00e1s comunes de ver en la costa pac\u00edfica son los delfines nariz de botella conocidos com\u00fanmente como bufeos y los delfines manchados. Las posibilidades de observar cet\u00e1ceos en bastante alta, pero no se garantizan todos los d\u00edas ya que No tenemos la certeza del lugar exacto donde se encuentran.<\/p>\n","protected":false},"excerpt":{"rendered":"<p>Observaci\u00f3n de Ballenas y Delfines en el parque Nacional Marino Ballena. \u00a0La actividad inicia llegando a nuestra oficina, punto de encuentro donde ofrecemos un peque\u00f1o snack de caf\u00e9, jugo, reposter\u00eda y bananas mientras se espera completar el grupo, listo el grupo, el gu\u00eda les traslada desde la oficina hacia la playa aproximadamente 300 metros hacia [&hellip;]<\/p>\n","protected":false},"featured_media":3789,"comment_status":"open","ping_status":"closed","template":"","meta":{"pgc_meta":""},"product_brand":[],"product_cat":[151,154,152],"product_tag":[],"class_list":{"0":"post-4713","1":"product","2":"type-product","3":"status-publish","4":"has-post-thumbnail","6":"product_cat-observacion-de-animales","7":"product_cat-snorkel","8":"product_cat-tours-en-barco","10":"first","11":"instock","12":"shipping-taxable","13":"purchasable","14":"product-type-variable"},"yoast_head":"<!-- This site is optimized with the Yoast SEO plugin v27.4 - https:\/\/yoast.com\/product\/yoast-seo-wordpress\/ -->\n<title>Observaci\u00f3n de Ballenas y Delfines en Uvita de Osa - Dominical - Costa Rica<\/title>\n<meta name=\"robots\" content=\"index, follow, max-snippet:-1, max-image-preview:large, max-video-preview:-1\" \/>\n<link rel=\"canonical\" href=\"https:\/\/www.dolphintourcostarica.com\/es\/producto\/observacion-de-ballenas-y-delfines\/\" \/>\n<meta property=\"og:locale\" content=\"es_ES\" \/>\n<meta property=\"og:type\" content=\"article\" \/>\n<meta property=\"og:title\" content=\"Observaci\u00f3n de Ballenas y Delfines en Uvita de Osa - Dominical - Costa Rica\" \/>\n<meta property=\"og:description\" content=\"Observaci\u00f3n de Ballenas y Delfines en el parque Nacional Marino Ballena. \u00a0La actividad inicia llegando a nuestra oficina, punto de encuentro donde ofrecemos un peque\u00f1o snack de caf\u00e9, jugo, reposter\u00eda y bananas mientras se espera completar el grupo, listo el grupo, el gu\u00eda les traslada desde la oficina hacia la playa aproximadamente 300 metros hacia [&hellip;]\" \/>\n<meta property=\"og:url\" content=\"https:\/\/www.dolphintourcostarica.com\/es\/producto\/observacion-de-ballenas-y-delfines\/\" \/>\n<meta property=\"og:site_name\" content=\"Dolphin Tour\" \/>\n<meta property=\"article:modified_time\" content=\"2025-02-24T17:51:45+00:00\" \/>\n<meta property=\"og:image\" content=\"https:\/\/www.dolphintourcostarica.com\/wp-content\/uploads\/2017\/12\/Whales-and-Dolphins-Watching-tour_mini-compressor.jpg\" \/>\n\t<meta property=\"og:image:width\" content=\"1400\" \/>\n\t<meta property=\"og:image:height\" content=\"950\" \/>\n\t<meta property=\"og:image:type\" content=\"image\/jpeg\" \/>\n<meta name=\"twitter:card\" content=\"summary_large_image\" \/>\n<meta name=\"twitter:label1\" content=\"Tiempo de lectura\" \/>\n\t<meta name=\"twitter:data1\" content=\"2 minutos\" \/>\n<script type=\"application\/ld+json\" class=\"yoast-schema-graph\">{\"@context\":\"https:\\\/\\\/schema.org\",\"@graph\":[{\"@type\":\"WebPage\",\"@id\":\"https:\\\/\\\/www.dolphintourcostarica.com\\\/es\\\/producto\\\/observacion-de-ballenas-y-delfines\\\/\",\"url\":\"https:\\\/\\\/www.dolphintourcostarica.com\\\/es\\\/producto\\\/observacion-de-ballenas-y-delfines\\\/\",\"name\":\"Observaci\u00f3n de Ballenas y Delfines en Uvita de Osa - Dominical - Costa Rica\",\"isPartOf\":{\"@id\":\"https:\\\/\\\/www.dolphintourcostarica.com\\\/#website\"},\"primaryImageOfPage\":{\"@id\":\"https:\\\/\\\/www.dolphintourcostarica.com\\\/es\\\/producto\\\/observacion-de-ballenas-y-delfines\\\/#primaryimage\"},\"image\":{\"@id\":\"https:\\\/\\\/www.dolphintourcostarica.com\\\/es\\\/producto\\\/observacion-de-ballenas-y-delfines\\\/#primaryimage\"},\"thumbnailUrl\":\"https:\\\/\\\/www.dolphintourcostarica.com\\\/wp-content\\\/uploads\\\/2017\\\/12\\\/Whales-and-Dolphins-Watching-tour_mini-compressor.jpg\",\"datePublished\":\"2019-03-26T14:12:19+00:00\",\"dateModified\":\"2025-02-24T17:51:45+00:00\",\"breadcrumb\":{\"@id\":\"https:\\\/\\\/www.dolphintourcostarica.com\\\/es\\\/producto\\\/observacion-de-ballenas-y-delfines\\\/#breadcrumb\"},\"inLanguage\":\"es\",\"potentialAction\":[{\"@type\":\"ReadAction\",\"target\":[\"https:\\\/\\\/www.dolphintourcostarica.com\\\/es\\\/producto\\\/observacion-de-ballenas-y-delfines\\\/\"]}]},{\"@type\":\"ImageObject\",\"inLanguage\":\"es\",\"@id\":\"https:\\\/\\\/www.dolphintourcostarica.com\\\/es\\\/producto\\\/observacion-de-ballenas-y-delfines\\\/#primaryimage\",\"url\":\"https:\\\/\\\/www.dolphintourcostarica.com\\\/wp-content\\\/uploads\\\/2017\\\/12\\\/Whales-and-Dolphins-Watching-tour_mini-compressor.jpg\",\"contentUrl\":\"https:\\\/\\\/www.dolphintourcostarica.com\\\/wp-content\\\/uploads\\\/2017\\\/12\\\/Whales-and-Dolphins-Watching-tour_mini-compressor.jpg\",\"width\":1400,\"height\":950,\"caption\":\"Whales and Dolphins Watching\"},{\"@type\":\"BreadcrumbList\",\"@id\":\"https:\\\/\\\/www.dolphintourcostarica.com\\\/es\\\/producto\\\/observacion-de-ballenas-y-delfines\\\/#breadcrumb\",\"itemListElement\":[{\"@type\":\"ListItem\",\"position\":1,\"name\":\"Inicio\",\"item\":\"https:\\\/\\\/www.dolphintourcostarica.com\\\/es\\\/\"},{\"@type\":\"ListItem\",\"position\":2,\"name\":\"Shop\",\"item\":\"https:\\\/\\\/www.dolphintourcostarica.com\\\/shop\\\/\"},{\"@type\":\"ListItem\",\"position\":3,\"name\":\"Tour de Ballenas y Delfines &#8211; Combo Tour\"}]},{\"@type\":\"WebSite\",\"@id\":\"https:\\\/\\\/www.dolphintourcostarica.com\\\/#website\",\"url\":\"https:\\\/\\\/www.dolphintourcostarica.com\\\/\",\"name\":\"Dolphin Tour\",\"description\":\"Whale Watching, Costa Rica Tours - Dolphin Tour SA\",\"potentialAction\":[{\"@type\":\"SearchAction\",\"target\":{\"@type\":\"EntryPoint\",\"urlTemplate\":\"https:\\\/\\\/www.dolphintourcostarica.com\\\/?s={search_term_string}\"},\"query-input\":{\"@type\":\"PropertyValueSpecification\",\"valueRequired\":true,\"valueName\":\"search_term_string\"}}],\"inLanguage\":\"es\"}]}<\/script>\n<!-- \/ Yoast SEO plugin. -->","yoast_head_json":{"title":"Observaci\u00f3n de Ballenas y Delfines en Uvita de Osa - Dominical - Costa Rica","robots":{"index":"index","follow":"follow","max-snippet":"max-snippet:-1","max-image-preview":"max-image-preview:large","max-video-preview":"max-video-preview:-1"},"canonical":"https:\/\/www.dolphintourcostarica.com\/es\/producto\/observacion-de-ballenas-y-delfines\/","og_locale":"es_ES","og_type":"article","og_title":"Observaci\u00f3n de Ballenas y Delfines en Uvita de Osa - Dominical - Costa Rica","og_description":"Observaci\u00f3n de Ballenas y Delfines en el parque Nacional Marino Ballena. \u00a0La actividad inicia llegando a nuestra oficina, punto de encuentro donde ofrecemos un peque\u00f1o snack de caf\u00e9, jugo, reposter\u00eda y bananas mientras se espera completar el grupo, listo el grupo, el gu\u00eda les traslada desde la oficina hacia la playa aproximadamente 300 metros hacia [&hellip;]","og_url":"https:\/\/www.dolphintourcostarica.com\/es\/producto\/observacion-de-ballenas-y-delfines\/","og_site_name":"Dolphin Tour","article_modified_time":"2025-02-24T17:51:45+00:00","og_image":[{"width":1400,"height":950,"url":"https:\/\/www.dolphintourcostarica.com\/wp-content\/uploads\/2017\/12\/Whales-and-Dolphins-Watching-tour_mini-compressor.jpg","type":"image\/jpeg"}],"twitter_card":"summary_large_image","twitter_misc":{"Tiempo de lectura":"2 minutos"},"schema":{"@context":"https:\/\/schema.org","@graph":[{"@type":"WebPage","@id":"https:\/\/www.dolphintourcostarica.com\/es\/producto\/observacion-de-ballenas-y-delfines\/","url":"https:\/\/www.dolphintourcostarica.com\/es\/producto\/observacion-de-ballenas-y-delfines\/","name":"Observaci\u00f3n de Ballenas y Delfines en Uvita de Osa - Dominical - Costa Rica","isPartOf":{"@id":"https:\/\/www.dolphintourcostarica.com\/#website"},"primaryImageOfPage":{"@id":"https:\/\/www.dolphintourcostarica.com\/es\/producto\/observacion-de-ballenas-y-delfines\/#primaryimage"},"image":{"@id":"https:\/\/www.dolphintourcostarica.com\/es\/producto\/observacion-de-ballenas-y-delfines\/#primaryimage"},"thumbnailUrl":"https:\/\/www.dolphintourcostarica.com\/wp-content\/uploads\/2017\/12\/Whales-and-Dolphins-Watching-tour_mini-compressor.jpg","datePublished":"2019-03-26T14:12:19+00:00","dateModified":"2025-02-24T17:51:45+00:00","breadcrumb":{"@id":"https:\/\/www.dolphintourcostarica.com\/es\/producto\/observacion-de-ballenas-y-delfines\/#breadcrumb"},"inLanguage":"es","potentialAction":[{"@type":"ReadAction","target":["https:\/\/www.dolphintourcostarica.com\/es\/producto\/observacion-de-ballenas-y-delfines\/"]}]},{"@type":"ImageObject","inLanguage":"es","@id":"https:\/\/www.dolphintourcostarica.com\/es\/producto\/observacion-de-ballenas-y-delfines\/#primaryimage","url":"https:\/\/www.dolphintourcostarica.com\/wp-content\/uploads\/2017\/12\/Whales-and-Dolphins-Watching-tour_mini-compressor.jpg","contentUrl":"https:\/\/www.dolphintourcostarica.com\/wp-content\/uploads\/2017\/12\/Whales-and-Dolphins-Watching-tour_mini-compressor.jpg","width":1400,"height":950,"caption":"Whales and Dolphins Watching"},{"@type":"BreadcrumbList","@id":"https:\/\/www.dolphintourcostarica.com\/es\/producto\/observacion-de-ballenas-y-delfines\/#breadcrumb","itemListElement":[{"@type":"ListItem","position":1,"name":"Inicio","item":"https:\/\/www.dolphintourcostarica.com\/es\/"},{"@type":"ListItem","position":2,"name":"Shop","item":"https:\/\/www.dolphintourcostarica.com\/shop\/"},{"@type":"ListItem","position":3,"name":"Tour de Ballenas y Delfines &#8211; Combo Tour"}]},{"@type":"WebSite","@id":"https:\/\/www.dolphintourcostarica.com\/#website","url":"https:\/\/www.dolphintourcostarica.com\/","name":"Dolphin Tour","description":"Whale Watching, Costa Rica Tours - Dolphin Tour SA","potentialAction":[{"@type":"SearchAction","target":{"@type":"EntryPoint","urlTemplate":"https:\/\/www.dolphintourcostarica.com\/?s={search_term_string}"},"query-input":{"@type":"PropertyValueSpecification","valueRequired":true,"valueName":"search_term_string"}}],"inLanguage":"es"}]}},"_links":{"self":[{"href":"https:\/\/www.dolphintourcostarica.com\/es\/wp-json\/wp\/v2\/product\/4713","targetHints":{"allow":["GET"]}}],"collection":[{"href":"https:\/\/www.dolphintourcostarica.com\/es\/wp-json\/wp\/v2\/product"}],"about":[{"href":"https:\/\/www.dolphintourcostarica.com\/es\/wp-json\/wp\/v2\/types\/product"}],"replies":[{"embeddable":true,"href":"https:\/\/www.dolphintourcostarica.com\/es\/wp-json\/wp\/v2\/comments?post=4713"}],"wp:featuredmedia":[{"embeddable":true,"href":"https:\/\/www.dolphintourcostarica.com\/es\/wp-json\/wp\/v2\/media\/3789"}],"wp:attachment":[{"href":"https:\/\/www.dolphintourcostarica.com\/es\/wp-json\/wp\/v2\/media?parent=4713"}],"wp:term":[{"taxonomy":"product_brand","embeddable":true,"href":"https:\/\/www.dolphintourcostarica.com\/es\/wp-json\/wp\/v2\/product_brand?post=4713"},{"taxonomy":"product_cat","embeddable":true,"href":"https:\/\/www.dolphintourcostarica.com\/es\/wp-json\/wp\/v2\/product_cat?post=4713"},{"taxonomy":"product_tag","embeddable":true,"href":"https:\/\/www.dolphintourcostarica.com\/es\/wp-json\/wp\/v2\/product_tag?post=4713"}],"curies":[{"name":"wp","href":"https:\/\/api.w.org\/{rel}","templated":true}]}}